{"id":52420,"date":"2024-12-21T10:57:30","date_gmt":"2024-12-21T10:57:30","guid":{"rendered":"https:\/\/neoergoxeiro.gr\/?product=%ce%b1%ce%bb%cf%85%cf%83%ce%af%ce%b4%ce%b1-%cf%84%cf%83%ce%b1%ce%bd%cf%84%cf%8e%ce%bd-madonna-%ce%bc%ce%b1%cf%8d%cf%81%ce%b7-gunmetal"},"modified":"2025-10-12T13:49:11","modified_gmt":"2025-10-12T11:49:11","slug":"%ce%b1%ce%bb%cf%85%cf%83%ce%af%ce%b4%ce%b1-%cf%84%cf%83%ce%b1%ce%bd%cf%84%cf%8e%ce%bd-madonna-%ce%bc%ce%b1%cf%8d%cf%81%ce%b7-gunmetal","status":"publish","type":"product","link":"https:\/\/neoergoxeiro.gr\/de\/produkt\/%ce%b1%ce%bb%cf%85%cf%83%ce%af%ce%b4%ce%b1-%cf%84%cf%83%ce%b1%ce%bd%cf%84%cf%8e%ce%bd-madonna-%ce%bc%ce%b1%cf%8d%cf%81%ce%b7-gunmetal\/","title":{"rendered":"Madonna Tasche Kette, schwarz\/gunmetal"},"content":{"rendered":"<p>Die Madonna Taschenkette in Schwarz\/Gunmetal ist die perfekte Erg\u00e4nzung f\u00fcr jede Handtasche. Aus hochwertigen Materialien gefertigt, kombiniert diese Kette Eleganz mit Funktionalit\u00e4t. Mit einer L\u00e4nge, die sich leicht an Ihre Bed\u00fcrfnisse anpassen l\u00e4sst, bietet die Kette Komfort und Stil. Ob Sie sie f\u00fcr Ihre Alltagstasche oder f\u00fcr einen besonderen Anlass verwenden, diese Kette wird Ihnen die Show stehlen. Erh\u00f6hen Sie Ihren Stil mit der Madonna Taschenkette in Schwarz\/Gunmetal!<\/p>","protected":false},"excerpt":{"rendered":"<p>Die Madonna Taschenkette in Schwarz\/Gunmetal ist ein stilvolles Accessoire f\u00fcr Ihre Handtasche. Verbessern Sie Ihren Stil mit dieser praktischen und stilvollen Kette, die Komfort und Funktionalit\u00e4t f\u00fcr Ihren Alltag bietet.<\/p>","protected":false},"featured_media":52421,"template":"","meta":[],"product_brand":[],"product_cat":[106],"product_tag":[],"class_list":{"0":"post-52420","1":"product","2":"type-product","3":"status-publish","4":"has-post-thumbnail","6":"product_cat-aksesouartsantas","8":"first","9":"instock","10":"taxable","11":"shipping-taxable","12":"purchasable","13":"product-type-simple"},"_links":{"self":[{"href":"https:\/\/neoergoxeiro.gr\/de\/wp-json\/wp\/v2\/product\/52420","targetHints":{"allow":["GET"]}}],"collection":[{"href":"https:\/\/neoergoxeiro.gr\/de\/wp-json\/wp\/v2\/product"}],"about":[{"href":"https:\/\/neoergoxeiro.gr\/de\/wp-json\/wp\/v2\/types\/product"}],"version-history":[{"count":1,"href":"https:\/\/neoergoxeiro.gr\/de\/wp-json\/wp\/v2\/product\/52420\/revisions"}],"predecessor-version":[{"id":62306,"href":"https:\/\/neoergoxeiro.gr\/de\/wp-json\/wp\/v2\/product\/52420\/revisions\/62306"}],"wp:featuredmedia":[{"embeddable":true,"href":"https:\/\/neoergoxeiro.gr\/de\/wp-json\/wp\/v2\/media\/52421"}],"wp:attachment":[{"href":"https:\/\/neoergoxeiro.gr\/de\/wp-json\/wp\/v2\/media?parent=52420"}],"wp:term":[{"taxonomy":"product_brand","embeddable":true,"href":"https:\/\/neoergoxeiro.gr\/de\/wp-json\/wp\/v2\/product_brand?post=52420"},{"taxonomy":"product_cat","embeddable":true,"href":"https:\/\/neoergoxeiro.gr\/de\/wp-json\/wp\/v2\/product_cat?post=52420"},{"taxonomy":"product_tag","embeddable":true,"href":"https:\/\/neoergoxeiro.gr\/de\/wp-json\/wp\/v2\/product_tag?post=52420"}],"curies":[{"name":"wp","href":"https:\/\/api.w.org\/{rel}","templated":true}]}}