{"id":52429,"date":"2024-12-21T11:09:30","date_gmt":"2024-12-21T11:09:30","guid":{"rendered":"https:\/\/neoergoxeiro.gr\/?product=%ce%ba%ce%bb%ce%b5%ce%af%cf%83%ce%b9%ce%bc%ce%bf-%cf%84%cf%83%ce%ac%ce%bd%cf%84%ce%b1%cf%82-fiona"},"modified":"2025-10-12T13:38:18","modified_gmt":"2025-10-12T11:38:18","slug":"%ce%ba%ce%bb%ce%b5%ce%af%cf%83%ce%b9%ce%bc%ce%bf-%cf%84%cf%83%ce%ac%ce%bd%cf%84%ce%b1%cf%82-fiona","status":"publish","type":"product","link":"https:\/\/neoergoxeiro.gr\/de\/produkt\/%ce%ba%ce%bb%ce%b5%ce%af%cf%83%ce%b9%ce%bc%ce%bf-%cf%84%cf%83%ce%ac%ce%bd%cf%84%ce%b1%cf%82-fiona\/","title":{"rendered":"Fiona Tasche Verschluss"},"content":{"rendered":"<p>Der Taschenverschluss Fiona ist ein unverzichtbares Accessoire f\u00fcr alle N\u00e4hbegeisterten! Dieser praktische Verschluss bietet sowohl Stil als auch Funktionalit\u00e4t. Der Fiona-Verschluss aus strapazierf\u00e4higem Material gew\u00e4hrleistet die Sicherheit Ihrer pers\u00f6nlichen Gegenst\u00e4nde und verleiht Ihrer Tasche einen Hauch von Einzigartigkeit. Er ist einfach zu bedienen und bietet einen bequemen Verschluss. Werten Sie Ihren Stil mit diesem \u00e4u\u00dferst n\u00fctzlichen und stilvollen Accessoire auf! <\/p>\n<p>**Merkmale:**<br \/>\n- Langlebige Konstruktion<br \/>\n- Einfach zu bedienen<br \/>\n- Modernes Design<\/p>\n<p>**Vorteile:**<br \/>\n- Sichere Aufbewahrung Ihrer Gegenst\u00e4nde<br \/>\n- Verleiht Ihrer Tasche Stil und Einzigartigkeit<\/p>\n<p>Entdecken Sie die Welt der Schneiderei mit dem Fiona Taschenverschluss und verbessern Sie Ihren Stil und Ihre Organisation mit diesem tollen Accessoire!<\/p>","protected":false},"excerpt":{"rendered":"<p>Der Fiona Taschenverschluss ist das perfekte Accessoire f\u00fcr jeden N\u00e4hliebhaber! Er verschlie\u00dft Ihre Tasche stilvoll und verleiht ihr einen Hauch von Einzigartigkeit und Funktionalit\u00e4t. Er ist einfach zu bedienen und h\u00e4lt Ihre pers\u00f6nlichen Gegenst\u00e4nde sicher und geordnet.<\/p>","protected":false},"featured_media":52430,"template":"","meta":[],"product_brand":[],"product_cat":[106],"product_tag":[],"class_list":{"0":"post-52429","1":"product","2":"type-product","3":"status-publish","4":"has-post-thumbnail","6":"product_cat-aksesouartsantas","8":"first","9":"instock","10":"taxable","11":"shipping-taxable","12":"purchasable","13":"product-type-simple"},"_links":{"self":[{"href":"https:\/\/neoergoxeiro.gr\/de\/wp-json\/wp\/v2\/product\/52429","targetHints":{"allow":["GET"]}}],"collection":[{"href":"https:\/\/neoergoxeiro.gr\/de\/wp-json\/wp\/v2\/product"}],"about":[{"href":"https:\/\/neoergoxeiro.gr\/de\/wp-json\/wp\/v2\/types\/product"}],"version-history":[{"count":1,"href":"https:\/\/neoergoxeiro.gr\/de\/wp-json\/wp\/v2\/product\/52429\/revisions"}],"predecessor-version":[{"id":62310,"href":"https:\/\/neoergoxeiro.gr\/de\/wp-json\/wp\/v2\/product\/52429\/revisions\/62310"}],"wp:featuredmedia":[{"embeddable":true,"href":"https:\/\/neoergoxeiro.gr\/de\/wp-json\/wp\/v2\/media\/52430"}],"wp:attachment":[{"href":"https:\/\/neoergoxeiro.gr\/de\/wp-json\/wp\/v2\/media?parent=52429"}],"wp:term":[{"taxonomy":"product_brand","embeddable":true,"href":"https:\/\/neoergoxeiro.gr\/de\/wp-json\/wp\/v2\/product_brand?post=52429"},{"taxonomy":"product_cat","embeddable":true,"href":"https:\/\/neoergoxeiro.gr\/de\/wp-json\/wp\/v2\/product_cat?post=52429"},{"taxonomy":"product_tag","embeddable":true,"href":"https:\/\/neoergoxeiro.gr\/de\/wp-json\/wp\/v2\/product_tag?post=52429"}],"curies":[{"name":"wp","href":"https:\/\/api.w.org\/{rel}","templated":true}]}}