{"id":52431,"date":"2024-12-21T11:12:28","date_gmt":"2024-12-21T11:12:28","guid":{"rendered":"https:\/\/neoergoxeiro.gr\/?product=%ce%ba%ce%bb%ce%b5%ce%af%cf%83%ce%b9%ce%bc%ce%bf-%cf%84%cf%83%ce%ac%ce%bd%cf%84%ce%b1%cf%82-elisabeth"},"modified":"2025-10-12T13:38:18","modified_gmt":"2025-10-12T11:38:18","slug":"%ce%ba%ce%bb%ce%b5%ce%af%cf%83%ce%b9%ce%bc%ce%bf-%cf%84%cf%83%ce%ac%ce%bd%cf%84%ce%b1%cf%82-elisabeth","status":"publish","type":"product","link":"https:\/\/neoergoxeiro.gr\/de\/produkt\/%ce%ba%ce%bb%ce%b5%ce%af%cf%83%ce%b9%ce%bc%ce%bf-%cf%84%cf%83%ce%ac%ce%bd%cf%84%ce%b1%cf%82-elisabeth\/","title":{"rendered":"Verschluss der Elisabeth-Tasche"},"content":{"rendered":"<p>Der Taschenverschluss Elisabeth ist die perfekte Erg\u00e4nzung f\u00fcr alle N\u00e4hbegeisterten, die sich f\u00fcr Handarbeit interessieren. Hergestellt aus hochwertigen Materialien, bietet dieser Verschluss Haltbarkeit und Stil. Mit seinem einzigartigen Design und der einfachen Passform eignet sich der Elisabeth-Verschluss perfekt f\u00fcr Handtaschen, Tragetaschen und sogar Kleidung. Erh\u00f6hen Sie Ihr Design, indem Sie diesen Verschluss an jedem Ihrer Produkte anbringen. Entdecken Sie die Vielseitigkeit und Praktikabilit\u00e4t von Elisabeth und kreieren Sie einzigartige N\u00e4hprojekte, die sich von anderen abheben. Au\u00dferdem bietet der Elisabeth Taschenverschluss eine au\u00dfergew\u00f6hnliche Haltbarkeit und Zuverl\u00e4ssigkeit, damit Ihre Kreationen sicher und stilvoll aufbewahrt werden. Verlieren Sie keine Zeit und nehmen Sie Elisabeth noch heute in Ihre Sammlung auf! Das Paket enth\u00e4lt.<\/p>","protected":false},"excerpt":{"rendered":"<p>Der Elisabeth-Taschenverschluss ist das ideale Accessoire f\u00fcr alle Liebhaber des Handn\u00e4hens. Mit diesem originellen Verschluss k\u00f6nnen Sie Ihren Taschen eine einzigartige Note verleihen. Einfach zu bedienen und langlebig, wird der Elisabeth Sie mit seiner Funktionalit\u00e4t und seinem Stil beeindrucken.<\/p>","protected":false},"featured_media":52432,"template":"","meta":[],"product_brand":[],"product_cat":[106],"product_tag":[],"class_list":{"0":"post-52431","1":"product","2":"type-product","3":"status-publish","4":"has-post-thumbnail","6":"product_cat-aksesouartsantas","8":"first","9":"instock","10":"taxable","11":"shipping-taxable","12":"purchasable","13":"product-type-simple"},"_links":{"self":[{"href":"https:\/\/neoergoxeiro.gr\/de\/wp-json\/wp\/v2\/product\/52431","targetHints":{"allow":["GET"]}}],"collection":[{"href":"https:\/\/neoergoxeiro.gr\/de\/wp-json\/wp\/v2\/product"}],"about":[{"href":"https:\/\/neoergoxeiro.gr\/de\/wp-json\/wp\/v2\/types\/product"}],"version-history":[{"count":1,"href":"https:\/\/neoergoxeiro.gr\/de\/wp-json\/wp\/v2\/product\/52431\/revisions"}],"predecessor-version":[{"id":62311,"href":"https:\/\/neoergoxeiro.gr\/de\/wp-json\/wp\/v2\/product\/52431\/revisions\/62311"}],"wp:featuredmedia":[{"embeddable":true,"href":"https:\/\/neoergoxeiro.gr\/de\/wp-json\/wp\/v2\/media\/52432"}],"wp:attachment":[{"href":"https:\/\/neoergoxeiro.gr\/de\/wp-json\/wp\/v2\/media?parent=52431"}],"wp:term":[{"taxonomy":"product_brand","embeddable":true,"href":"https:\/\/neoergoxeiro.gr\/de\/wp-json\/wp\/v2\/product_brand?post=52431"},{"taxonomy":"product_cat","embeddable":true,"href":"https:\/\/neoergoxeiro.gr\/de\/wp-json\/wp\/v2\/product_cat?post=52431"},{"taxonomy":"product_tag","embeddable":true,"href":"https:\/\/neoergoxeiro.gr\/de\/wp-json\/wp\/v2\/product_tag?post=52431"}],"curies":[{"name":"wp","href":"https:\/\/api.w.org\/{rel}","templated":true}]}}