{"id":52443,"date":"2024-12-21T11:25:41","date_gmt":"2024-12-21T11:25:41","guid":{"rendered":"https:\/\/neoergoxeiro.gr\/?product=%ce%ba%ce%bb%ce%b5%ce%af%cf%83%ce%b9%ce%bc%ce%bf-%cf%84%cf%83%ce%ac%ce%bd%cf%84%ce%b1%cf%82-emilia"},"modified":"2025-10-12T13:38:17","modified_gmt":"2025-10-12T11:38:17","slug":"%ce%ba%ce%bb%ce%b5%ce%af%cf%83%ce%b9%ce%bc%ce%bf-%cf%84%cf%83%ce%ac%ce%bd%cf%84%ce%b1%cf%82-emilia","status":"publish","type":"product","link":"https:\/\/neoergoxeiro.gr\/de\/produkt\/%ce%ba%ce%bb%ce%b5%ce%af%cf%83%ce%b9%ce%bc%ce%bf-%cf%84%cf%83%ce%ac%ce%bd%cf%84%ce%b1%cf%82-emilia\/","title":{"rendered":"Emilia Tasche Verschluss"},"content":{"rendered":"<p>Der Emilia-Taschenverschluss ist Perfektion in kleiner Form. Hergestellt aus strapazierf\u00e4higem Material, das eine lange Haltbarkeit gew\u00e4hrleistet, bietet dieser Verschluss nicht nur Stil, sondern auch Funktionalit\u00e4t. Mit seiner einfachen Passform und dem sicheren Halt ist er ideal f\u00fcr Umh\u00e4ngetaschen, Handtaschen und Rucks\u00e4cke. Der Emilia Taschenverschluss bietet Stil und Funktionalit\u00e4t f\u00fcr jede kreative Schneiderei. Werten Sie Ihre Taschen mit diesem einzigartigen Verschluss auf und heben Sie sich von der Masse ab. Kombinieren Sie ihn mit dekorativen Details und kreieren Sie einzigartige N\u00e4hprojekte, die beeindrucken werden.<\/p>","protected":false},"excerpt":{"rendered":"<p>Der Taschenverschluss Emilia ist ein Accessoire, das in Ihrer Sammlung nicht fehlen darf. Mit seiner au\u00dfergew\u00f6hnlichen Qualit\u00e4t und Funktionalit\u00e4t ist er die perfekte Wahl f\u00fcr alle N\u00e4hbegeisterten.<\/p>","protected":false},"featured_media":52444,"template":"","meta":[],"product_brand":[],"product_cat":[106],"product_tag":[],"class_list":{"0":"post-52443","1":"product","2":"type-product","3":"status-publish","4":"has-post-thumbnail","6":"product_cat-aksesouartsantas","8":"first","9":"instock","10":"taxable","11":"shipping-taxable","12":"purchasable","13":"product-type-simple"},"_links":{"self":[{"href":"https:\/\/neoergoxeiro.gr\/de\/wp-json\/wp\/v2\/product\/52443","targetHints":{"allow":["GET"]}}],"collection":[{"href":"https:\/\/neoergoxeiro.gr\/de\/wp-json\/wp\/v2\/product"}],"about":[{"href":"https:\/\/neoergoxeiro.gr\/de\/wp-json\/wp\/v2\/types\/product"}],"version-history":[{"count":1,"href":"https:\/\/neoergoxeiro.gr\/de\/wp-json\/wp\/v2\/product\/52443\/revisions"}],"predecessor-version":[{"id":62317,"href":"https:\/\/neoergoxeiro.gr\/de\/wp-json\/wp\/v2\/product\/52443\/revisions\/62317"}],"wp:featuredmedia":[{"embeddable":true,"href":"https:\/\/neoergoxeiro.gr\/de\/wp-json\/wp\/v2\/media\/52444"}],"wp:attachment":[{"href":"https:\/\/neoergoxeiro.gr\/de\/wp-json\/wp\/v2\/media?parent=52443"}],"wp:term":[{"taxonomy":"product_brand","embeddable":true,"href":"https:\/\/neoergoxeiro.gr\/de\/wp-json\/wp\/v2\/product_brand?post=52443"},{"taxonomy":"product_cat","embeddable":true,"href":"https:\/\/neoergoxeiro.gr\/de\/wp-json\/wp\/v2\/product_cat?post=52443"},{"taxonomy":"product_tag","embeddable":true,"href":"https:\/\/neoergoxeiro.gr\/de\/wp-json\/wp\/v2\/product_tag?post=52443"}],"curies":[{"name":"wp","href":"https:\/\/api.w.org\/{rel}","templated":true}]}}