{"id":52449,"date":"2024-12-21T11:39:23","date_gmt":"2024-12-21T11:39:23","guid":{"rendered":"https:\/\/neoergoxeiro.gr\/?product=%ce%ba%ce%bb%ce%b5%ce%af%cf%83%ce%b9%ce%bc%ce%bf-%cf%84%cf%83%ce%ac%ce%bd%cf%84%ce%b1%cf%82-linda"},"modified":"2025-10-12T13:38:17","modified_gmt":"2025-10-12T11:38:17","slug":"%ce%ba%ce%bb%ce%b5%ce%af%cf%83%ce%b9%ce%bc%ce%bf-%cf%84%cf%83%ce%ac%ce%bd%cf%84%ce%b1%cf%82-linda","status":"publish","type":"product","link":"https:\/\/neoergoxeiro.gr\/de\/produkt\/%ce%ba%ce%bb%ce%b5%ce%af%cf%83%ce%b9%ce%bc%ce%bf-%cf%84%cf%83%ce%ac%ce%bd%cf%84%ce%b1%cf%82-linda\/","title":{"rendered":"Linda-Taschenverschluss"},"content":{"rendered":"<p>Der Linda Taschenverschluss ist die perfekte L\u00f6sung, um Ihre Tasche organisiert und sicher zu halten. Der aus hochwertigen Materialien gefertigte Verschluss ist einfach zu bedienen und f\u00fcr den t\u00e4glichen Gebrauch geeignet. Mit dem Linda-Taschenverschluss k\u00f6nnen Sie Ihre alten Taschen auffrischen oder neuen Taschen einen neuen funktionalen Touch verleihen. Verbessern Sie den Stil und die Funktionalit\u00e4t Ihrer Tasche mit dem Linda-Taschenverschluss und fallen Sie bei jeder Gelegenheit auf. Dank seines einfachen Einsetzens und Entfernens k\u00f6nnen Sie ihn an vielen Taschen wie Umh\u00e4ngetaschen, Crossbody Bags, Clutches und Rucks\u00e4cken verwenden. Holen Sie sich noch heute den Linda-Taschenverschluss und werten Sie den Stil und die Organisation Ihrer Taschen mit einem einzigartigen Touch auf.<\/p>","protected":false},"excerpt":{"rendered":"<p>Der Linda-Taschenverschluss ist der optimale Weg, um Ihre Tasche stilvoll zu sichern. Er ist einfach zu handhaben und langlebig und ein unverzichtbares Accessoire f\u00fcr jede Tasche. Perfekt f\u00fcr Reparaturen oder neue Kreationen.<\/p>","protected":false},"featured_media":52450,"template":"","meta":[],"product_brand":[],"product_cat":[106],"product_tag":[],"class_list":{"0":"post-52449","1":"product","2":"type-product","3":"status-publish","4":"has-post-thumbnail","6":"product_cat-aksesouartsantas","8":"first","9":"instock","10":"taxable","11":"shipping-taxable","12":"purchasable","13":"product-type-simple"},"_links":{"self":[{"href":"https:\/\/neoergoxeiro.gr\/de\/wp-json\/wp\/v2\/product\/52449","targetHints":{"allow":["GET"]}}],"collection":[{"href":"https:\/\/neoergoxeiro.gr\/de\/wp-json\/wp\/v2\/product"}],"about":[{"href":"https:\/\/neoergoxeiro.gr\/de\/wp-json\/wp\/v2\/types\/product"}],"version-history":[{"count":1,"href":"https:\/\/neoergoxeiro.gr\/de\/wp-json\/wp\/v2\/product\/52449\/revisions"}],"predecessor-version":[{"id":62320,"href":"https:\/\/neoergoxeiro.gr\/de\/wp-json\/wp\/v2\/product\/52449\/revisions\/62320"}],"wp:featuredmedia":[{"embeddable":true,"href":"https:\/\/neoergoxeiro.gr\/de\/wp-json\/wp\/v2\/media\/52450"}],"wp:attachment":[{"href":"https:\/\/neoergoxeiro.gr\/de\/wp-json\/wp\/v2\/media?parent=52449"}],"wp:term":[{"taxonomy":"product_brand","embeddable":true,"href":"https:\/\/neoergoxeiro.gr\/de\/wp-json\/wp\/v2\/product_brand?post=52449"},{"taxonomy":"product_cat","embeddable":true,"href":"https:\/\/neoergoxeiro.gr\/de\/wp-json\/wp\/v2\/product_cat?post=52449"},{"taxonomy":"product_tag","embeddable":true,"href":"https:\/\/neoergoxeiro.gr\/de\/wp-json\/wp\/v2\/product_tag?post=52449"}],"curies":[{"name":"wp","href":"https:\/\/api.w.org\/{rel}","templated":true}]}}