{"id":52453,"date":"2024-12-21T11:46:03","date_gmt":"2024-12-21T11:46:03","guid":{"rendered":"https:\/\/neoergoxeiro.gr\/?product=%ce%b2%cf%81%cf%8c%cf%87%ce%bf%ce%b9-%ce%bb%ce%b1%ce%b2%ce%ae%cf%82-%cf%84%cf%83%ce%ac%ce%bd%cf%84%ce%b1%cf%82-keiko-%ce%bc%cf%80%ce%b1%ce%bc%cf%80%ce%bf%cf%8d"},"modified":"2025-10-12T13:38:17","modified_gmt":"2025-10-12T11:38:17","slug":"%ce%b2%cf%81%cf%8c%cf%87%ce%bf%ce%b9-%ce%bb%ce%b1%ce%b2%ce%ae%cf%82-%cf%84%cf%83%ce%ac%ce%bd%cf%84%ce%b1%cf%82-keiko-%ce%bc%cf%80%ce%b1%ce%bc%cf%80%ce%bf%cf%8d","status":"publish","type":"product","link":"https:\/\/neoergoxeiro.gr\/de\/produkt\/%ce%b2%cf%81%cf%8c%cf%87%ce%bf%ce%b9-%ce%bb%ce%b1%ce%b2%ce%ae%cf%82-%cf%84%cf%83%ce%ac%ce%bd%cf%84%ce%b1%cf%82-keiko-%ce%bc%cf%80%ce%b1%ce%bc%cf%80%ce%bf%cf%8d\/","title":{"rendered":"Keiko Taschengriffschlaufen, Bambus"},"content":{"rendered":"<p>Die Keiko Taschengriffschlaufen sind das perfekte Accessoire f\u00fcr jede Tasche. Hergestellt aus hochwertigem Bambus, bieten sie Stil und Funktionalit\u00e4t. Die einfache Installation erm\u00f6glicht ein schnelles Nachf\u00fcllen Ihrer Tasche, w\u00e4hrend die robuste Konstruktion eine lange Lebensdauer gew\u00e4hrleistet. Heben Sie Ihre Tasche mit diesen modischen Griffschlaufen hervor. <\/p>\n<p>**Merkmale:**<br \/>\n- Material: Hochwertiger Bambus<br \/>\n- Einfache Installation und Langlebigkeit im Einsatz<br \/>\n- Ideal f\u00fcr individuelle Kreationen<\/p>\n<p>Werten Sie Ihre Tasche mit Keiko-Griffschlaufen auf und genie\u00dfen Sie jeden Tag Stil und Funktionalit\u00e4t!<\/p>","protected":false},"excerpt":{"rendered":"<p>Keiko Bag Handle Loops, Bamboo - Werten Sie Ihre Tasche mit diesen modernen Bambus-Griffschlaufen auf. Einfache Montage und langlebige Konstruktion f\u00fcr bequemes Tragen. Perfekt f\u00fcr individuelle Kreationen und Geschenke.<\/p>","protected":false},"featured_media":52454,"template":"","meta":[],"product_brand":[],"product_cat":[106],"product_tag":[],"class_list":{"0":"post-52453","1":"product","2":"type-product","3":"status-publish","4":"has-post-thumbnail","6":"product_cat-aksesouartsantas","8":"first","9":"instock","10":"taxable","11":"shipping-taxable","12":"purchasable","13":"product-type-simple"},"_links":{"self":[{"href":"https:\/\/neoergoxeiro.gr\/de\/wp-json\/wp\/v2\/product\/52453","targetHints":{"allow":["GET"]}}],"collection":[{"href":"https:\/\/neoergoxeiro.gr\/de\/wp-json\/wp\/v2\/product"}],"about":[{"href":"https:\/\/neoergoxeiro.gr\/de\/wp-json\/wp\/v2\/types\/product"}],"version-history":[{"count":1,"href":"https:\/\/neoergoxeiro.gr\/de\/wp-json\/wp\/v2\/product\/52453\/revisions"}],"predecessor-version":[{"id":62322,"href":"https:\/\/neoergoxeiro.gr\/de\/wp-json\/wp\/v2\/product\/52453\/revisions\/62322"}],"wp:featuredmedia":[{"embeddable":true,"href":"https:\/\/neoergoxeiro.gr\/de\/wp-json\/wp\/v2\/media\/52454"}],"wp:attachment":[{"href":"https:\/\/neoergoxeiro.gr\/de\/wp-json\/wp\/v2\/media?parent=52453"}],"wp:term":[{"taxonomy":"product_brand","embeddable":true,"href":"https:\/\/neoergoxeiro.gr\/de\/wp-json\/wp\/v2\/product_brand?post=52453"},{"taxonomy":"product_cat","embeddable":true,"href":"https:\/\/neoergoxeiro.gr\/de\/wp-json\/wp\/v2\/product_cat?post=52453"},{"taxonomy":"product_tag","embeddable":true,"href":"https:\/\/neoergoxeiro.gr\/de\/wp-json\/wp\/v2\/product_tag?post=52453"}],"curies":[{"name":"wp","href":"https:\/\/api.w.org\/{rel}","templated":true}]}}