{"id":52461,"date":"2024-12-21T11:55:36","date_gmt":"2024-12-21T11:55:36","guid":{"rendered":"https:\/\/neoergoxeiro.gr\/?product=%ce%b2%cf%81%cf%8c%cf%87%ce%bf%ce%b9-%ce%bb%ce%b1%ce%b2%ce%ae%cf%82-%cf%84%cf%83%ce%ac%ce%bd%cf%84%ce%b1%cf%82-laura"},"modified":"2025-10-12T13:38:17","modified_gmt":"2025-10-12T11:38:17","slug":"%ce%b2%cf%81%cf%8c%cf%87%ce%bf%ce%b9-%ce%bb%ce%b1%ce%b2%ce%ae%cf%82-%cf%84%cf%83%ce%ac%ce%bd%cf%84%ce%b1%cf%82-laura","status":"publish","type":"product","link":"https:\/\/neoergoxeiro.gr\/de\/produkt\/%ce%b2%cf%81%cf%8c%cf%87%ce%bf%ce%b9-%ce%bb%ce%b1%ce%b2%ce%ae%cf%82-%cf%84%cf%83%ce%ac%ce%bd%cf%84%ce%b1%cf%82-laura\/","title":{"rendered":"Laura Tasche Griffschlaufen"},"content":{"rendered":"<p>Die Laura Taschengriffschlaufen sind die perfekte Wahl, um Ihren Taschen Stil und Funktionalit\u00e4t zu verleihen. Die Schlaufen sind aus langlebigen, hochwertigen Materialien gefertigt, die sich im Laufe der Zeit bew\u00e4hren und bequem zu tragen sind. Sie lassen sich leicht anbringen und abnehmen und verleihen jeder Tasche einen Hauch von Eleganz. Holen Sie sich die Laura Taschengriffschlaufen f\u00fcr eine stilvolle und praktische L\u00f6sung f\u00fcr Ihren Alltag. Sie werden mit einer ausf\u00fchrlichen Montage- und Pflegeanleitung geliefert.<\/p>","protected":false},"excerpt":{"rendered":"<p>Die Laura Taschengriffschlaufen sind ein unverzichtbares Accessoire f\u00fcr jede Tasche. Die ultimative Kombination aus Stil und Funktionalit\u00e4t, bieten sie Komfort und Stil f\u00fcr Ihren Alltag. Hergestellt aus hochwertigen Materialien f\u00fcr hohe Haltbarkeit und Zuverl\u00e4ssigkeit.<\/p>","protected":false},"featured_media":52462,"template":"","meta":[],"product_brand":[],"product_cat":[106],"product_tag":[],"class_list":{"0":"post-52461","1":"product","2":"type-product","3":"status-publish","4":"has-post-thumbnail","6":"product_cat-aksesouartsantas","8":"first","9":"instock","10":"taxable","11":"shipping-taxable","12":"purchasable","13":"product-type-simple"},"_links":{"self":[{"href":"https:\/\/neoergoxeiro.gr\/de\/wp-json\/wp\/v2\/product\/52461","targetHints":{"allow":["GET"]}}],"collection":[{"href":"https:\/\/neoergoxeiro.gr\/de\/wp-json\/wp\/v2\/product"}],"about":[{"href":"https:\/\/neoergoxeiro.gr\/de\/wp-json\/wp\/v2\/types\/product"}],"version-history":[{"count":1,"href":"https:\/\/neoergoxeiro.gr\/de\/wp-json\/wp\/v2\/product\/52461\/revisions"}],"predecessor-version":[{"id":62326,"href":"https:\/\/neoergoxeiro.gr\/de\/wp-json\/wp\/v2\/product\/52461\/revisions\/62326"}],"wp:featuredmedia":[{"embeddable":true,"href":"https:\/\/neoergoxeiro.gr\/de\/wp-json\/wp\/v2\/media\/52462"}],"wp:attachment":[{"href":"https:\/\/neoergoxeiro.gr\/de\/wp-json\/wp\/v2\/media?parent=52461"}],"wp:term":[{"taxonomy":"product_brand","embeddable":true,"href":"https:\/\/neoergoxeiro.gr\/de\/wp-json\/wp\/v2\/product_brand?post=52461"},{"taxonomy":"product_cat","embeddable":true,"href":"https:\/\/neoergoxeiro.gr\/de\/wp-json\/wp\/v2\/product_cat?post=52461"},{"taxonomy":"product_tag","embeddable":true,"href":"https:\/\/neoergoxeiro.gr\/de\/wp-json\/wp\/v2\/product_tag?post=52461"}],"curies":[{"name":"wp","href":"https:\/\/api.w.org\/{rel}","templated":true}]}}