{"id":52479,"date":"2025-01-22T12:05:25","date_gmt":"2025-01-22T12:05:25","guid":{"rendered":"https:\/\/neoergoxeiro.gr\/?product=bunny-baby-4"},"modified":"2026-03-18T08:58:51","modified_gmt":"2026-03-18T06:58:51","slug":"bunny-baby-4","status":"publish","type":"product","link":"https:\/\/neoergoxeiro.gr\/de\/produkt\/bunny-baby-4\/","title":{"rendered":"H\u00e4schen Baby"},"content":{"rendered":"","protected":false},"excerpt":{"rendered":"<p>Mischung (Materialien): 100% Polyester<br \/>\nGewicht der Kugel: 100g<br \/>\nBalll\u00e4nge: 120 Meter - 131 Meter<br \/>\nNadelst\u00e4rke: 5,5 mm- 6mm.Nadelst\u00e4rke: 4,5mm.<br \/>\nInhalt des Produkts: Gestrickt: 10x10cm messen 14 Reihen 10 Maschen\/ Gestrickt: 10x10cm messen 14 Reihen 14 Maschen.<br \/>\nSaison: Herbst-Winter.<br \/>\nM\u00f6gliche Projekte: Herren- und Damenstrickjacken, Pullover, Schals, Haushaltstextilien, Schals, M\u00fctzen usw.; Zubeh\u00f6rmaterialien.<\/p>","protected":false},"featured_media":52480,"template":"","meta":[],"product_brand":[],"product_cat":[122],"product_tag":[],"class_list":{"0":"post-52479","1":"product","2":"type-product","3":"status-publish","4":"has-post-thumbnail","6":"product_cat-himalaya-dolphin-baby","8":"first","9":"outofstock","10":"taxable","11":"shipping-taxable","12":"purchasable","13":"product-type-simple"},"_links":{"self":[{"href":"https:\/\/neoergoxeiro.gr\/de\/wp-json\/wp\/v2\/product\/52479","targetHints":{"allow":["GET"]}}],"collection":[{"href":"https:\/\/neoergoxeiro.gr\/de\/wp-json\/wp\/v2\/product"}],"about":[{"href":"https:\/\/neoergoxeiro.gr\/de\/wp-json\/wp\/v2\/types\/product"}],"version-history":[{"count":1,"href":"https:\/\/neoergoxeiro.gr\/de\/wp-json\/wp\/v2\/product\/52479\/revisions"}],"predecessor-version":[{"id":63707,"href":"https:\/\/neoergoxeiro.gr\/de\/wp-json\/wp\/v2\/product\/52479\/revisions\/63707"}],"wp:featuredmedia":[{"embeddable":true,"href":"https:\/\/neoergoxeiro.gr\/de\/wp-json\/wp\/v2\/media\/52480"}],"wp:attachment":[{"href":"https:\/\/neoergoxeiro.gr\/de\/wp-json\/wp\/v2\/media?parent=52479"}],"wp:term":[{"taxonomy":"product_brand","embeddable":true,"href":"https:\/\/neoergoxeiro.gr\/de\/wp-json\/wp\/v2\/product_brand?post=52479"},{"taxonomy":"product_cat","embeddable":true,"href":"https:\/\/neoergoxeiro.gr\/de\/wp-json\/wp\/v2\/product_cat?post=52479"},{"taxonomy":"product_tag","embeddable":true,"href":"https:\/\/neoergoxeiro.gr\/de\/wp-json\/wp\/v2\/product_tag?post=52479"}],"curies":[{"name":"wp","href":"https:\/\/api.w.org\/{rel}","templated":true}]}}