{"id":52485,"date":"2025-01-22T12:11:40","date_gmt":"2025-01-22T12:11:40","guid":{"rendered":"https:\/\/neoergoxeiro.gr\/?product=bunny-baby-7"},"modified":"2026-03-18T08:59:34","modified_gmt":"2026-03-18T06:59:34","slug":"bunny-baby-7","status":"publish","type":"product","link":"https:\/\/neoergoxeiro.gr\/de\/produkt\/bunny-baby-7\/","title":{"rendered":"H\u00e4schen Baby"},"content":{"rendered":"","protected":false},"excerpt":{"rendered":"<p>Mischung (Materialien): 100% Polyester<br \/>\nGewicht der Kugel: 100g<br \/>\nBalll\u00e4nge: 120 Meter - 131 Meter<br \/>\nNadelst\u00e4rke: 5,5 mm- 6mm.Nadelst\u00e4rke: 4,5mm.<br \/>\nInhalt des Produkts: Gestrickt: 10x10cm messen 14 Reihen 10 Maschen\/ Gestrickt: 10x10cm messen 14 Reihen 14 Maschen.<br \/>\nSaison: Herbst-Winter.<br \/>\nM\u00f6gliche Projekte: Herren- und Damenstrickjacken, Pullover, Schals, Haushaltstextilien, Schals, M\u00fctzen usw.; Zubeh\u00f6rmaterialien.<\/p>","protected":false},"featured_media":52486,"template":"","meta":[],"product_brand":[],"product_cat":[122],"product_tag":[],"class_list":{"0":"post-52485","1":"product","2":"type-product","3":"status-publish","4":"has-post-thumbnail","6":"product_cat-himalaya-dolphin-baby","8":"first","9":"outofstock","10":"taxable","11":"shipping-taxable","12":"purchasable","13":"product-type-simple"},"_links":{"self":[{"href":"https:\/\/neoergoxeiro.gr\/de\/wp-json\/wp\/v2\/product\/52485","targetHints":{"allow":["GET"]}}],"collection":[{"href":"https:\/\/neoergoxeiro.gr\/de\/wp-json\/wp\/v2\/product"}],"about":[{"href":"https:\/\/neoergoxeiro.gr\/de\/wp-json\/wp\/v2\/types\/product"}],"version-history":[{"count":1,"href":"https:\/\/neoergoxeiro.gr\/de\/wp-json\/wp\/v2\/product\/52485\/revisions"}],"predecessor-version":[{"id":63704,"href":"https:\/\/neoergoxeiro.gr\/de\/wp-json\/wp\/v2\/product\/52485\/revisions\/63704"}],"wp:featuredmedia":[{"embeddable":true,"href":"https:\/\/neoergoxeiro.gr\/de\/wp-json\/wp\/v2\/media\/52486"}],"wp:attachment":[{"href":"https:\/\/neoergoxeiro.gr\/de\/wp-json\/wp\/v2\/media?parent=52485"}],"wp:term":[{"taxonomy":"product_brand","embeddable":true,"href":"https:\/\/neoergoxeiro.gr\/de\/wp-json\/wp\/v2\/product_brand?post=52485"},{"taxonomy":"product_cat","embeddable":true,"href":"https:\/\/neoergoxeiro.gr\/de\/wp-json\/wp\/v2\/product_cat?post=52485"},{"taxonomy":"product_tag","embeddable":true,"href":"https:\/\/neoergoxeiro.gr\/de\/wp-json\/wp\/v2\/product_tag?post=52485"}],"curies":[{"name":"wp","href":"https:\/\/api.w.org\/{rel}","templated":true}]}}