{"id":52621,"date":"2025-02-12T09:53:53","date_gmt":"2025-02-12T09:53:53","guid":{"rendered":"https:\/\/neoergoxeiro.gr\/?product=%ce%ba%ce%ad%ce%bd%cf%84%ce%b7%ce%bc%ce%b1-pero-%ce%ba%ce%b1%cf%81%ce%ad-0-90-0-90-m"},"modified":"2025-11-11T10:17:56","modified_gmt":"2025-11-11T08:17:56","slug":"%ce%ba%ce%ad%ce%bd%cf%84%ce%b7%ce%bc%ce%b1-pero-%ce%ba%ce%b1%cf%81%ce%ad-0-90-0-90-m","status":"publish","type":"product","link":"https:\/\/neoergoxeiro.gr\/de\/produkt\/%ce%ba%ce%ad%ce%bd%cf%84%ce%b7%ce%bc%ce%b1-pero-%ce%ba%ce%b1%cf%81%ce%ad-0-90-0-90-m\/","title":{"rendered":"Stickerei Pero Rahmen 0,90 * 0,90 m"},"content":{"rendered":"<p>Das Pero-Stickereiquadrat 0,90 * 0,90 m ist die ideale Wahl f\u00fcr alle Liebhaber des handgefertigten N\u00e4hens. Diese gepr\u00e4gte Stickerei auf ecru-goldenem Stoff bietet eine einfache L\u00f6sung f\u00fcr auff\u00e4llige Designs. Mit dem Design auf dem Etamin und der gestempelten Farbe wird das Sticken zum Kinderspiel. Sie k\u00f6nnen f\u00fcr Ihre Stickerei das dreif\u00e4dige Stickgarn Mouline Dmc art 117 oder Cotton Perle Dmc art 115 verwenden. Befolgen Sie die Stick- und Waschanweisungen, um die Haltbarkeit und Langlebigkeit zu erh\u00f6hen. Erfrischen Sie Ihre Kollektion mit dieser Pero-Stickerei und kreieren Sie einzigartige Stickereien mit Stil.<\/p>","protected":false},"excerpt":{"rendered":"<p>Das Stickerei-Pero-Quadrat 0,90 * 0,90 m ist ideal zum einfachen Besticken von Stoffen. Erstellen Sie Ihre eigene einzigartige Stickerei mit einer Vielzahl von Farb- und Materialoptionen.<\/p>","protected":false},"featured_media":52622,"template":"","meta":[],"product_brand":[],"product_cat":[150],"product_tag":[],"class_list":{"0":"post-52621","1":"product","2":"type-product","3":"status-publish","4":"has-post-thumbnail","6":"product_cat-pero-kentimata","8":"first","9":"instock","10":"taxable","11":"shipping-taxable","12":"purchasable","13":"product-type-variable"},"_links":{"self":[{"href":"https:\/\/neoergoxeiro.gr\/de\/wp-json\/wp\/v2\/product\/52621","targetHints":{"allow":["GET"]}}],"collection":[{"href":"https:\/\/neoergoxeiro.gr\/de\/wp-json\/wp\/v2\/product"}],"about":[{"href":"https:\/\/neoergoxeiro.gr\/de\/wp-json\/wp\/v2\/types\/product"}],"version-history":[{"count":16,"href":"https:\/\/neoergoxeiro.gr\/de\/wp-json\/wp\/v2\/product\/52621\/revisions"}],"predecessor-version":[{"id":62471,"href":"https:\/\/neoergoxeiro.gr\/de\/wp-json\/wp\/v2\/product\/52621\/revisions\/62471"}],"wp:featuredmedia":[{"embeddable":true,"href":"https:\/\/neoergoxeiro.gr\/de\/wp-json\/wp\/v2\/media\/52622"}],"wp:attachment":[{"href":"https:\/\/neoergoxeiro.gr\/de\/wp-json\/wp\/v2\/media?parent=52621"}],"wp:term":[{"taxonomy":"product_brand","embeddable":true,"href":"https:\/\/neoergoxeiro.gr\/de\/wp-json\/wp\/v2\/product_brand?post=52621"},{"taxonomy":"product_cat","embeddable":true,"href":"https:\/\/neoergoxeiro.gr\/de\/wp-json\/wp\/v2\/product_cat?post=52621"},{"taxonomy":"product_tag","embeddable":true,"href":"https:\/\/neoergoxeiro.gr\/de\/wp-json\/wp\/v2\/product_tag?post=52621"}],"curies":[{"name":"wp","href":"https:\/\/api.w.org\/{rel}","templated":true}]}}