{"id":52677,"date":"2025-02-13T10:32:57","date_gmt":"2025-02-13T10:32:57","guid":{"rendered":"https:\/\/neoergoxeiro.gr\/?product=%ce%ba%ce%b1%cf%81%ce%ad-%cf%81%ce%bf%ce%b6%ce%ad%cf%84%ce%b5%cf%82-%ce%b3%ce%ba%cf%81%ce%af-%ce%b4%ce%b1%ce%bd%cf%84%ce%ad%ce%bb%ce%b1-%ce%b3%ce%ba%cf%81%ce%af-2"},"modified":"2025-10-12T14:55:20","modified_gmt":"2025-10-12T12:55:20","slug":"%ce%ba%ce%b1%cf%81%ce%ad-%cf%81%ce%bf%ce%b6%ce%ad%cf%84%ce%b5%cf%82-%ce%b3%ce%ba%cf%81%ce%af-%ce%b4%ce%b1%ce%bd%cf%84%ce%ad%ce%bb%ce%b1-%ce%b3%ce%ba%cf%81%ce%af-2","status":"publish","type":"product","link":"https:\/\/neoergoxeiro.gr\/de\/produkt\/%ce%ba%ce%b1%cf%81%ce%ad-%cf%81%ce%bf%ce%b6%ce%ad%cf%84%ce%b5%cf%82-%ce%b3%ce%ba%cf%81%ce%af-%ce%b4%ce%b1%ce%bd%cf%84%ce%ad%ce%bb%ce%b1-%ce%b3%ce%ba%cf%81%ce%af-2\/","title":{"rendered":"Kassenrahmen 0,85 *0,85 m"},"content":{"rendered":"<p>Die 0,85 * 0,85 m gro\u00dfe karierte Theke ist die ideale Wahl f\u00fcr jeden N\u00e4h- und Stickliebhaber. Mit den Ma\u00dfen 0,85 * 0,85 m ist diese Theke langlebig, praktisch und vielseitig. Sie ist aus hochwertigem Stoff gefertigt und bietet die ideale Grundlage f\u00fcr die Herstellung einzigartiger Kleidungsst\u00fccke, Decken, Dekorationsartikel und vieler anderer Kreationen. Mit dieser Theke k\u00f6nnen Sie Ihre Kreativit\u00e4t entfalten und wunderbare und einzigartige Bastelarbeiten herstellen. Holen Sie sich die 0,85*0,85 m gro\u00dfe Rahmenlehre noch heute und lassen Sie Ihrer Fantasie freien Lauf! Eigenschaften: Hochwertiger Stoff - Ideal zum N\u00e4hen und Sticken - Langlebig und praktisch - Geeignet f\u00fcr verschiedene Kreationen Stichpunkte: - Ideal zum N\u00e4hen und Sticken - Langlebiger und flexibler Stoff - Ma\u00dfe 0,85 *0,85 Meter - Geeignet f\u00fcr verschiedene Kreationen - Hochwertiges Material f\u00fcr eine lange Nutzungsdauer<\/p>","protected":false},"excerpt":{"rendered":"<p>Quadratischer Z\u00e4hler 0,85 *0,85 m - Ideal zum N\u00e4hen und Sticken. Langlebig, praktisch und flexibel. Erstellen Sie wunderbare Kreationen mit diesem hochwertigen Textil.<\/p>","protected":false},"featured_media":52678,"template":"","meta":[],"product_brand":[],"product_cat":[168],"product_tag":[],"class_list":{"0":"post-52677","1":"product","2":"type-product","3":"status-publish","4":"has-post-thumbnail","6":"product_cat-metrita-kit-kentimatos","8":"first","9":"instock","10":"taxable","11":"shipping-taxable","12":"purchasable","13":"product-type-simple"},"_links":{"self":[{"href":"https:\/\/neoergoxeiro.gr\/de\/wp-json\/wp\/v2\/product\/52677","targetHints":{"allow":["GET"]}}],"collection":[{"href":"https:\/\/neoergoxeiro.gr\/de\/wp-json\/wp\/v2\/product"}],"about":[{"href":"https:\/\/neoergoxeiro.gr\/de\/wp-json\/wp\/v2\/types\/product"}],"version-history":[{"count":1,"href":"https:\/\/neoergoxeiro.gr\/de\/wp-json\/wp\/v2\/product\/52677\/revisions"}],"predecessor-version":[{"id":62484,"href":"https:\/\/neoergoxeiro.gr\/de\/wp-json\/wp\/v2\/product\/52677\/revisions\/62484"}],"wp:featuredmedia":[{"embeddable":true,"href":"https:\/\/neoergoxeiro.gr\/de\/wp-json\/wp\/v2\/media\/52678"}],"wp:attachment":[{"href":"https:\/\/neoergoxeiro.gr\/de\/wp-json\/wp\/v2\/media?parent=52677"}],"wp:term":[{"taxonomy":"product_brand","embeddable":true,"href":"https:\/\/neoergoxeiro.gr\/de\/wp-json\/wp\/v2\/product_brand?post=52677"},{"taxonomy":"product_cat","embeddable":true,"href":"https:\/\/neoergoxeiro.gr\/de\/wp-json\/wp\/v2\/product_cat?post=52677"},{"taxonomy":"product_tag","embeddable":true,"href":"https:\/\/neoergoxeiro.gr\/de\/wp-json\/wp\/v2\/product_tag?post=52677"}],"curies":[{"name":"wp","href":"https:\/\/api.w.org\/{rel}","templated":true}]}}