{"id":52681,"date":"2025-02-13T11:18:15","date_gmt":"2025-02-13T11:18:15","guid":{"rendered":"https:\/\/neoergoxeiro.gr\/?product=%ce%ba%ce%b1%cf%81%ce%ad-%cf%81%ce%bf%ce%b6%ce%ad%cf%84%ce%b5%cf%82-%ce%b3%ce%ba%cf%81%ce%af-%ce%b4%ce%b1%ce%bd%cf%84%ce%ad%ce%bb%ce%b1-%ce%b3%ce%ba%cf%81%ce%af-4"},"modified":"2025-10-12T14:55:20","modified_gmt":"2025-10-12T12:55:20","slug":"%ce%ba%ce%b1%cf%81%ce%ad-%cf%81%ce%bf%ce%b6%ce%ad%cf%84%ce%b5%cf%82-%ce%b3%ce%ba%cf%81%ce%af-%ce%b4%ce%b1%ce%bd%cf%84%ce%ad%ce%bb%ce%b1-%ce%b3%ce%ba%cf%81%ce%af-4","status":"publish","type":"product","link":"https:\/\/neoergoxeiro.gr\/de\/produkt\/%ce%ba%ce%b1%cf%81%ce%ad-%cf%81%ce%bf%ce%b6%ce%ad%cf%84%ce%b5%cf%82-%ce%b3%ce%ba%cf%81%ce%af-%ce%b4%ce%b1%ce%bd%cf%84%ce%ad%ce%bb%ce%b1-%ce%b3%ce%ba%cf%81%ce%af-4\/","title":{"rendered":"Kassenrahmen 0,90 * 0,90 m"},"content":{"rendered":"<p>Die 0,90*0,90 m gro\u00dfe karierte Theke ist die perfekte Erg\u00e4nzung f\u00fcr Ihre Sammlung. Aus strapazierf\u00e4higem, hochwertigem Stoff gefertigt, ist diese Theke perfekt zum N\u00e4hen und Sticken geeignet. Mit den Ma\u00dfen 0,90*0,90 m bietet sie viel Platz, um Ihre kreativen Ideen zu pr\u00e4sentieren. Erfrischen Sie Ihren Raum mit dieser modernen und praktischen Theke. <\/p>\n<p>**Merkmale:**<br \/>\n- Hochwertiger Stoff, der lange h\u00e4lt<br \/>\n- Abmessungen: 0,90*0,90 m<br \/>\n- Ideal zum N\u00e4hen und Sticken<br \/>\n- Erh\u00e4ltlich in einer Vielzahl von Farben und Designs<\/p>\n<p>Dieser Z\u00e4hler ist die perfekte Wahl f\u00fcr alle, die gerne n\u00e4hen und sticken. Mit dem Kauf der Rahmentheke 0,90*0,90 m erhalten Sie ein Qualit\u00e4tsprodukt, das Ihnen endlose kreative M\u00f6glichkeiten bietet. Erfrischen Sie Ihren Raum und lassen Sie Ihrer Fantasie freien Lauf!<\/p>","protected":false},"excerpt":{"rendered":"<p>Quadratische Kasse 0,90*0,90 m - Ideal zum N\u00e4hen und Sticken. Erfrischen Sie Ihren Raum mit dieser sch\u00f6nen Theke. Hochwertiger Stoff, der lange h\u00e4lt. Erh\u00e4ltlich in verschiedenen Farben und Designs, um Ihren Favoriten zu w\u00e4hlen.<\/p>","protected":false},"featured_media":52682,"template":"","meta":[],"product_brand":[],"product_cat":[168],"product_tag":[],"class_list":{"0":"post-52681","1":"product","2":"type-product","3":"status-publish","4":"has-post-thumbnail","6":"product_cat-metrita-kit-kentimatos","8":"first","9":"instock","10":"taxable","11":"shipping-taxable","12":"purchasable","13":"product-type-simple"},"_links":{"self":[{"href":"https:\/\/neoergoxeiro.gr\/de\/wp-json\/wp\/v2\/product\/52681","targetHints":{"allow":["GET"]}}],"collection":[{"href":"https:\/\/neoergoxeiro.gr\/de\/wp-json\/wp\/v2\/product"}],"about":[{"href":"https:\/\/neoergoxeiro.gr\/de\/wp-json\/wp\/v2\/types\/product"}],"version-history":[{"count":3,"href":"https:\/\/neoergoxeiro.gr\/de\/wp-json\/wp\/v2\/product\/52681\/revisions"}],"predecessor-version":[{"id":62496,"href":"https:\/\/neoergoxeiro.gr\/de\/wp-json\/wp\/v2\/product\/52681\/revisions\/62496"}],"wp:featuredmedia":[{"embeddable":true,"href":"https:\/\/neoergoxeiro.gr\/de\/wp-json\/wp\/v2\/media\/52682"}],"wp:attachment":[{"href":"https:\/\/neoergoxeiro.gr\/de\/wp-json\/wp\/v2\/media?parent=52681"}],"wp:term":[{"taxonomy":"product_brand","embeddable":true,"href":"https:\/\/neoergoxeiro.gr\/de\/wp-json\/wp\/v2\/product_brand?post=52681"},{"taxonomy":"product_cat","embeddable":true,"href":"https:\/\/neoergoxeiro.gr\/de\/wp-json\/wp\/v2\/product_cat?post=52681"},{"taxonomy":"product_tag","embeddable":true,"href":"https:\/\/neoergoxeiro.gr\/de\/wp-json\/wp\/v2\/product_tag?post=52681"}],"curies":[{"name":"wp","href":"https:\/\/api.w.org\/{rel}","templated":true}]}}