{"id":52683,"date":"2025-02-13T11:19:51","date_gmt":"2025-02-13T11:19:51","guid":{"rendered":"https:\/\/neoergoxeiro.gr\/?product=%ce%ba%ce%b1%cf%81%ce%ad-%cf%81%ce%bf%ce%b6%ce%ad%cf%84%ce%b5%cf%82-%ce%b3%ce%ba%cf%81%ce%af-%ce%b4%ce%b1%ce%bd%cf%84%ce%ad%ce%bb%ce%b1-%ce%b3%ce%ba%cf%81%ce%af-5"},"modified":"2025-10-12T14:55:20","modified_gmt":"2025-10-12T12:55:20","slug":"%ce%ba%ce%b1%cf%81%ce%ad-%cf%81%ce%bf%ce%b6%ce%ad%cf%84%ce%b5%cf%82-%ce%b3%ce%ba%cf%81%ce%af-%ce%b4%ce%b1%ce%bd%cf%84%ce%ad%ce%bb%ce%b1-%ce%b3%ce%ba%cf%81%ce%af-5","status":"publish","type":"product","link":"https:\/\/neoergoxeiro.gr\/de\/produkt\/%ce%ba%ce%b1%cf%81%ce%ad-%cf%81%ce%bf%ce%b6%ce%ad%cf%84%ce%b5%cf%82-%ce%b3%ce%ba%cf%81%ce%af-%ce%b4%ce%b1%ce%bd%cf%84%ce%ad%ce%bb%ce%b1-%ce%b3%ce%ba%cf%81%ce%af-5\/","title":{"rendered":"Quadratmeter 1*1 m"},"content":{"rendered":"<p>Die quadratische Theke 1 * 1 m ist ideal f\u00fcr alle, die sich mit Handn\u00e4hen und Sticken besch\u00e4ftigen. Mit Abmessungen von 1 * 1 m, bietet es genug Platz, um Ihre Kreativit\u00e4t auszudr\u00fccken. Diese Theke ist aus strapazierf\u00e4higem Stoff, der einfach zu bedienen ist und bietet gro\u00dfe Haltbarkeit im Laufe der Zeit gemacht. Verwenden Sie es, um einzigartige Kleidungsst\u00fccke, Decken, Kissen und Dekorationsartikel zu kreieren. Holen Sie sich noch heute die 1*1m-Rahmenlehre und verleihen Sie Ihren Handarbeiten eine neue Dimension!<\/p>","protected":false},"excerpt":{"rendered":"<p>1 * 1 m - Ideal f\u00fcr handgefertigte Kleidung und dekorative Kreationen. Langlebig und einfach zu bedienen, Messung 1 * 1 Meter. Holen Sie es jetzt f\u00fcr Ihr Handwerk!<\/p>","protected":false},"featured_media":52684,"template":"","meta":[],"product_brand":[],"product_cat":[168],"product_tag":[],"class_list":{"0":"post-52683","1":"product","2":"type-product","3":"status-publish","4":"has-post-thumbnail","6":"product_cat-metrita-kit-kentimatos","8":"first","9":"instock","10":"taxable","11":"shipping-taxable","12":"purchasable","13":"product-type-simple"},"_links":{"self":[{"href":"https:\/\/neoergoxeiro.gr\/de\/wp-json\/wp\/v2\/product\/52683","targetHints":{"allow":["GET"]}}],"collection":[{"href":"https:\/\/neoergoxeiro.gr\/de\/wp-json\/wp\/v2\/product"}],"about":[{"href":"https:\/\/neoergoxeiro.gr\/de\/wp-json\/wp\/v2\/types\/product"}],"version-history":[{"count":2,"href":"https:\/\/neoergoxeiro.gr\/de\/wp-json\/wp\/v2\/product\/52683\/revisions"}],"predecessor-version":[{"id":62488,"href":"https:\/\/neoergoxeiro.gr\/de\/wp-json\/wp\/v2\/product\/52683\/revisions\/62488"}],"wp:featuredmedia":[{"embeddable":true,"href":"https:\/\/neoergoxeiro.gr\/de\/wp-json\/wp\/v2\/media\/52684"}],"wp:attachment":[{"href":"https:\/\/neoergoxeiro.gr\/de\/wp-json\/wp\/v2\/media?parent=52683"}],"wp:term":[{"taxonomy":"product_brand","embeddable":true,"href":"https:\/\/neoergoxeiro.gr\/de\/wp-json\/wp\/v2\/product_brand?post=52683"},{"taxonomy":"product_cat","embeddable":true,"href":"https:\/\/neoergoxeiro.gr\/de\/wp-json\/wp\/v2\/product_cat?post=52683"},{"taxonomy":"product_tag","embeddable":true,"href":"https:\/\/neoergoxeiro.gr\/de\/wp-json\/wp\/v2\/product_tag?post=52683"}],"curies":[{"name":"wp","href":"https:\/\/api.w.org\/{rel}","templated":true}]}}