{"id":52687,"date":"2025-02-13T11:22:15","date_gmt":"2025-02-13T11:22:15","guid":{"rendered":"https:\/\/neoergoxeiro.gr\/?product=%ce%ba%ce%b1%cf%81%ce%ad-%cf%81%ce%bf%ce%b6%ce%ad%cf%84%ce%b5%cf%82-%ce%b3%ce%ba%cf%81%ce%af-%ce%b4%ce%b1%ce%bd%cf%84%ce%ad%ce%bb%ce%b1-%ce%b3%ce%ba%cf%81%ce%af-7"},"modified":"2025-10-12T14:56:47","modified_gmt":"2025-10-12T12:56:47","slug":"%ce%ba%ce%b1%cf%81%ce%ad-%cf%81%ce%bf%ce%b6%ce%ad%cf%84%ce%b5%cf%82-%ce%b3%ce%ba%cf%81%ce%af-%ce%b4%ce%b1%ce%bd%cf%84%ce%ad%ce%bb%ce%b1-%ce%b3%ce%ba%cf%81%ce%af-7","status":"publish","type":"product","link":"https:\/\/neoergoxeiro.gr\/de\/produkt\/%ce%ba%ce%b1%cf%81%ce%ad-%cf%81%ce%bf%ce%b6%ce%ad%cf%84%ce%b5%cf%82-%ce%b3%ce%ba%cf%81%ce%af-%ce%b4%ce%b1%ce%bd%cf%84%ce%ad%ce%bb%ce%b1-%ce%b3%ce%ba%cf%81%ce%af-7\/","title":{"rendered":"Quadratische Kekse 0,90 * 0,90 m"},"content":{"rendered":"<p>\u201cshort_description\u201d: \u201cWundersch\u00f6ne Geldkassette 0,90 * 0,90 m. Erfrischen Sie Ihren Raum mit Stil und Qualit\u00e4t. Perfekt f\u00fcr N\u00e4h- und Stickkreationen. Entfalten Sie Ihre kreativen Ideen ohne Einschr\u00e4nkungen!\u201d,<br \/>\n    \u201cdescription\u201d: \u201cDer 0,90 * 0,90 m gro\u00dfe Lollipop-Rahmen ist die perfekte Wahl, um Ihrem Raum neues Leben einzuhauchen. Dieser sch\u00f6ne Rahmen ist aus hochwertigen Materialien gefertigt, die eine lange Haltbarkeit garantieren. Dieser Rahmen eignet sich perfekt f\u00fcr kreative N\u00e4h- und Stickprojekte und verleiht Ihren Kreationen einen Hauch von Eleganz und Originalit\u00e4t. <\/p>\n<p>    **Merkmale:**<br \/>\n    - Abmessungen: 0,90 * 0,90 Meter<br \/>\n    - Material: Hochwertiges Gewebe<br \/>\n    - Geeignet f\u00fcr: N\u00e4hen, Sticken, Dekoration<br \/>\n    - Ideal f\u00fcr personalisierte Kreationen und Geschenke<\/p>\n<p>    **Vorteile:**<br \/>\n    - Bringt Stil und Farbe in den Raum<br \/>\n    - Flexibel und einfach zu bedienen<br \/>\n    - Mit Liebe zum Detail hergestellt<br \/>\n    - Geeignet f\u00fcr Profis und Amateure<\/p>\n<p>    Erfrischen Sie Ihre kreativen Ideen mit dem 0,90 * 0,90 m gro\u00dfen Lachurakia-Rahmen und schaffen Sie einzigartige Kunstwerke, die jeden Bastelfreund beeindrucken werden!\u201d<br \/>\n}<\/p>","protected":false},"excerpt":{"rendered":"<p>{<\/p>","protected":false},"featured_media":52688,"template":"","meta":[],"product_brand":[],"product_cat":[168],"product_tag":[],"class_list":{"0":"post-52687","1":"product","2":"type-product","3":"status-publish","4":"has-post-thumbnail","6":"product_cat-metrita-kit-kentimatos","8":"first","9":"instock","10":"taxable","11":"shipping-taxable","12":"purchasable","13":"product-type-simple"},"_links":{"self":[{"href":"https:\/\/neoergoxeiro.gr\/de\/wp-json\/wp\/v2\/product\/52687","targetHints":{"allow":["GET"]}}],"collection":[{"href":"https:\/\/neoergoxeiro.gr\/de\/wp-json\/wp\/v2\/product"}],"about":[{"href":"https:\/\/neoergoxeiro.gr\/de\/wp-json\/wp\/v2\/types\/product"}],"version-history":[{"count":1,"href":"https:\/\/neoergoxeiro.gr\/de\/wp-json\/wp\/v2\/product\/52687\/revisions"}],"predecessor-version":[{"id":62489,"href":"https:\/\/neoergoxeiro.gr\/de\/wp-json\/wp\/v2\/product\/52687\/revisions\/62489"}],"wp:featuredmedia":[{"embeddable":true,"href":"https:\/\/neoergoxeiro.gr\/de\/wp-json\/wp\/v2\/media\/52688"}],"wp:attachment":[{"href":"https:\/\/neoergoxeiro.gr\/de\/wp-json\/wp\/v2\/media?parent=52687"}],"wp:term":[{"taxonomy":"product_brand","embeddable":true,"href":"https:\/\/neoergoxeiro.gr\/de\/wp-json\/wp\/v2\/product_brand?post=52687"},{"taxonomy":"product_cat","embeddable":true,"href":"https:\/\/neoergoxeiro.gr\/de\/wp-json\/wp\/v2\/product_cat?post=52687"},{"taxonomy":"product_tag","embeddable":true,"href":"https:\/\/neoergoxeiro.gr\/de\/wp-json\/wp\/v2\/product_tag?post=52687"}],"curies":[{"name":"wp","href":"https:\/\/api.w.org\/{rel}","templated":true}]}}