{"id":52689,"date":"2025-02-13T11:24:21","date_gmt":"2025-02-13T11:24:21","guid":{"rendered":"https:\/\/neoergoxeiro.gr\/?product=%ce%ba%ce%b1%cf%81%ce%ad-%cf%81%ce%bf%ce%b6%ce%ad%cf%84%ce%b5%cf%82-%ce%b3%ce%ba%cf%81%ce%af-%ce%b4%ce%b1%ce%bd%cf%84%ce%ad%ce%bb%ce%b1-%ce%b3%ce%ba%cf%81%ce%af-8"},"modified":"2025-10-12T15:14:43","modified_gmt":"2025-10-12T13:14:43","slug":"%ce%ba%ce%b1%cf%81%ce%ad-%cf%81%ce%bf%ce%b6%ce%ad%cf%84%ce%b5%cf%82-%ce%b3%ce%ba%cf%81%ce%af-%ce%b4%ce%b1%ce%bd%cf%84%ce%ad%ce%bb%ce%b1-%ce%b3%ce%ba%cf%81%ce%af-8","status":"publish","type":"product","link":"https:\/\/neoergoxeiro.gr\/de\/produkt\/%ce%ba%ce%b1%cf%81%ce%ad-%cf%81%ce%bf%ce%b6%ce%ad%cf%84%ce%b5%cf%82-%ce%b3%ce%ba%cf%81%ce%af-%ce%b4%ce%b1%ce%bd%cf%84%ce%ad%ce%bb%ce%b1-%ce%b3%ce%ba%cf%81%ce%af-8\/","title":{"rendered":"Sperma bar 0,30 *0,80 m"},"content":{"rendered":"<p>Der Semen Counter 0,30 * 0,80 m ist die perfekte Wahl f\u00fcr alle Liebhaber des Handn\u00e4hens und Stickens. Dieser Gauge-Stoff zeichnet sich durch hohe Qualit\u00e4t und Langlebigkeit aus und ist somit ideal f\u00fcr Kreationen, die lange halten. Mit den Ma\u00dfen 0,30*0,80 m bietet er ausreichend Platz f\u00fcr Ihre Ideen. Mit diesem au\u00dfergew\u00f6hnlichen Stoff, der sich leicht zuschneiden und n\u00e4hen l\u00e4sst, k\u00f6nnen Sie Ihre N\u00e4harbeiten aufwerten. Erfrischen Sie Ihre Stoffkollektion mit Semen Cash und kreieren Sie einzigartige Kreationen, die sich von anderen abheben. Sichern Sie sich jetzt Ihren Stoff und verwirklichen Sie Ihre Ideen mit dem Cash-Stoff Ihrer Tr\u00e4ume.<\/p>","protected":false},"excerpt":{"rendered":"<p>Die Semen-Theke 0,30 * 0,80 m ist ideal, um einzigartige N\u00e4hkreationen zu schaffen. Genie\u00dfen Sie Qualit\u00e4t und Detaillierung mit diesem hochfesten Stoff.<\/p>","protected":false},"featured_media":52690,"template":"","meta":[],"product_brand":[],"product_cat":[168],"product_tag":[],"class_list":{"0":"post-52689","1":"product","2":"type-product","3":"status-publish","4":"has-post-thumbnail","6":"product_cat-metrita-kit-kentimatos","8":"first","9":"instock","10":"taxable","11":"shipping-taxable","12":"purchasable","13":"product-type-simple"},"_links":{"self":[{"href":"https:\/\/neoergoxeiro.gr\/de\/wp-json\/wp\/v2\/product\/52689","targetHints":{"allow":["GET"]}}],"collection":[{"href":"https:\/\/neoergoxeiro.gr\/de\/wp-json\/wp\/v2\/product"}],"about":[{"href":"https:\/\/neoergoxeiro.gr\/de\/wp-json\/wp\/v2\/types\/product"}],"version-history":[{"count":1,"href":"https:\/\/neoergoxeiro.gr\/de\/wp-json\/wp\/v2\/product\/52689\/revisions"}],"predecessor-version":[{"id":62490,"href":"https:\/\/neoergoxeiro.gr\/de\/wp-json\/wp\/v2\/product\/52689\/revisions\/62490"}],"wp:featuredmedia":[{"embeddable":true,"href":"https:\/\/neoergoxeiro.gr\/de\/wp-json\/wp\/v2\/media\/52690"}],"wp:attachment":[{"href":"https:\/\/neoergoxeiro.gr\/de\/wp-json\/wp\/v2\/media?parent=52689"}],"wp:term":[{"taxonomy":"product_brand","embeddable":true,"href":"https:\/\/neoergoxeiro.gr\/de\/wp-json\/wp\/v2\/product_brand?post=52689"},{"taxonomy":"product_cat","embeddable":true,"href":"https:\/\/neoergoxeiro.gr\/de\/wp-json\/wp\/v2\/product_cat?post=52689"},{"taxonomy":"product_tag","embeddable":true,"href":"https:\/\/neoergoxeiro.gr\/de\/wp-json\/wp\/v2\/product_tag?post=52689"}],"curies":[{"name":"wp","href":"https:\/\/api.w.org\/{rel}","templated":true}]}}