{"id":52693,"date":"2025-02-13T11:28:03","date_gmt":"2025-02-13T11:28:03","guid":{"rendered":"https:\/\/neoergoxeiro.gr\/?product=%ce%ba%ce%b1%cf%81%ce%ad-%cf%81%ce%bf%ce%b6%ce%ad%cf%84%ce%b5%cf%82-%ce%b3%ce%ba%cf%81%ce%af-%ce%b4%ce%b1%ce%bd%cf%84%ce%ad%ce%bb%ce%b1-%ce%b3%ce%ba%cf%81%ce%af-11"},"modified":"2025-10-12T14:55:20","modified_gmt":"2025-10-12T12:55:20","slug":"%ce%ba%ce%b1%cf%81%ce%ad-%cf%81%ce%bf%ce%b6%ce%ad%cf%84%ce%b5%cf%82-%ce%b3%ce%ba%cf%81%ce%af-%ce%b4%ce%b1%ce%bd%cf%84%ce%ad%ce%bb%ce%b1-%ce%b3%ce%ba%cf%81%ce%af-11","status":"publish","type":"product","link":"https:\/\/neoergoxeiro.gr\/de\/produkt\/%ce%ba%ce%b1%cf%81%ce%ad-%cf%81%ce%bf%ce%b6%ce%ad%cf%84%ce%b5%cf%82-%ce%b3%ce%ba%cf%81%ce%af-%ce%b4%ce%b1%ce%bd%cf%84%ce%ad%ce%bb%ce%b1-%ce%b3%ce%ba%cf%81%ce%af-11\/","title":{"rendered":"Kassenrahmen 1,00 *1,00 m"},"content":{"rendered":"<p>Der 1,00 *1,00 m gro\u00dfe Stoffrahmen ist die perfekte Wahl f\u00fcr Ihre kreativen Ideen beim N\u00e4hen und Sticken. Aus hochwertigen Materialien gefertigt, bietet dieser Stoffrahmen Haltbarkeit und Flexibilit\u00e4t in der Anwendung. Mit einer Gr\u00f6\u00dfe von 1,00*1,00 m k\u00f6nnen Sie ihn f\u00fcr verschiedene Kreationen wie Vorh\u00e4nge, Tischdecken, Kleidung und verschiedene Dekorationsartikel verwenden. Frischen Sie Ihre Garderobe auf oder kreieren Sie einzigartige handgefertigte Geschenke f\u00fcr Ihre Lieben. Dar\u00fcber hinaus ist der Stoff pflegeleicht und bietet hohen Tragekomfort. Entdecken Sie die unendlichen M\u00f6glichkeiten, die der Stoffkassettenrahmen bietet, und erwecken Sie Ihre Kreationen mit diesem hochwertigen Stoffrahmen zum Leben.<\/p>","protected":false},"excerpt":{"rendered":"<p>1,00 *1,00 m, ideal f\u00fcr Dekoration und Verwendung beim N\u00e4hen und Sticken. Frischen Sie Ihre Kleidung und Stoffe mit diesem hochwertigen und erschwinglichen Stoff auf.<\/p>","protected":false},"featured_media":52694,"template":"","meta":[],"product_brand":[],"product_cat":[168],"product_tag":[],"class_list":{"0":"post-52693","1":"product","2":"type-product","3":"status-publish","4":"has-post-thumbnail","6":"product_cat-metrita-kit-kentimatos","8":"first","9":"instock","10":"taxable","11":"shipping-taxable","12":"purchasable","13":"product-type-simple"},"_links":{"self":[{"href":"https:\/\/neoergoxeiro.gr\/de\/wp-json\/wp\/v2\/product\/52693","targetHints":{"allow":["GET"]}}],"collection":[{"href":"https:\/\/neoergoxeiro.gr\/de\/wp-json\/wp\/v2\/product"}],"about":[{"href":"https:\/\/neoergoxeiro.gr\/de\/wp-json\/wp\/v2\/types\/product"}],"version-history":[{"count":1,"href":"https:\/\/neoergoxeiro.gr\/de\/wp-json\/wp\/v2\/product\/52693\/revisions"}],"predecessor-version":[{"id":62492,"href":"https:\/\/neoergoxeiro.gr\/de\/wp-json\/wp\/v2\/product\/52693\/revisions\/62492"}],"wp:featuredmedia":[{"embeddable":true,"href":"https:\/\/neoergoxeiro.gr\/de\/wp-json\/wp\/v2\/media\/52694"}],"wp:attachment":[{"href":"https:\/\/neoergoxeiro.gr\/de\/wp-json\/wp\/v2\/media?parent=52693"}],"wp:term":[{"taxonomy":"product_brand","embeddable":true,"href":"https:\/\/neoergoxeiro.gr\/de\/wp-json\/wp\/v2\/product_brand?post=52693"},{"taxonomy":"product_cat","embeddable":true,"href":"https:\/\/neoergoxeiro.gr\/de\/wp-json\/wp\/v2\/product_cat?post=52693"},{"taxonomy":"product_tag","embeddable":true,"href":"https:\/\/neoergoxeiro.gr\/de\/wp-json\/wp\/v2\/product_tag?post=52693"}],"curies":[{"name":"wp","href":"https:\/\/api.w.org\/{rel}","templated":true}]}}