{"id":52695,"date":"2025-02-13T11:31:03","date_gmt":"2025-02-13T11:31:03","guid":{"rendered":"https:\/\/neoergoxeiro.gr\/?product=%ce%ba%ce%b1%cf%81%ce%ad-%cf%81%ce%bf%ce%b6%ce%ad%cf%84%ce%b5%cf%82-%ce%b3%ce%ba%cf%81%ce%af-%ce%b4%ce%b1%ce%bd%cf%84%ce%ad%ce%bb%ce%b1-%ce%b3%ce%ba%cf%81%ce%af-%ce%b1%ce%bd%cf%84%ce%b9%ce%b3%cf%81"},"modified":"2025-10-12T15:14:43","modified_gmt":"2025-10-12T13:14:43","slug":"%ce%ba%ce%b1%cf%81%ce%ad-%cf%81%ce%bf%ce%b6%ce%ad%cf%84%ce%b5%cf%82-%ce%b3%ce%ba%cf%81%ce%af-%ce%b4%ce%b1%ce%bd%cf%84%ce%ad%ce%bb%ce%b1-%ce%b3%ce%ba%cf%81%ce%af-%ce%b1%ce%bd%cf%84%ce%b9%ce%b3%cf%81","status":"publish","type":"product","link":"https:\/\/neoergoxeiro.gr\/de\/produkt\/%ce%ba%ce%b1%cf%81%ce%ad-%cf%81%ce%bf%ce%b6%ce%ad%cf%84%ce%b5%cf%82-%ce%b3%ce%ba%cf%81%ce%af-%ce%b4%ce%b1%ce%bd%cf%84%ce%ad%ce%bb%ce%b1-%ce%b3%ce%ba%cf%81%ce%af-%ce%b1%ce%bd%cf%84%ce%b9%ce%b3%cf%81\/","title":{"rendered":"Ger\u00fcstkassentraverse 0,50 *1,20 m"},"content":{"rendered":"<p>Das 0,50*1,20 m gro\u00dfe Gegen-Traversenger\u00fcst ist die perfekte Erg\u00e4nzung f\u00fcr Ihre Wohnungseinrichtung. Aus hochwertigen Materialien gefertigt, verbindet diese Traverse Funktionalit\u00e4t mit Stil. Mit einer Gr\u00f6\u00dfe von 0,50*1,20 m bietet sie ausreichend Fl\u00e4che, um Ihren Tisch auf raffinierte Weise zu dekorieren. Versch\u00f6nern Sie Ihr Esszimmer oder geben Sie Ihrem Wohnzimmer einen neuen Look mit dieser sch\u00f6nen Traverse. Kombinieren Sie sie mit dekorativen Stickereien und schaffen Sie einen einzigartigen \u00e4sthetischen Effekt. Kaufen Sie jetzt die Thekenger\u00fcsttraverse und erfrischen Sie Ihren Raum mit Stil und Eleganz!<\/p>","protected":false},"excerpt":{"rendered":"<p>Die Thekentraverse 0,50*1,20 m ist die ideale Wahl, um Ihren Raum mit Stil und Funktionalit\u00e4t zu dekorieren. Werten Sie Ihre Tischdekoration mit dieser sch\u00f6nen Traverse auf.<\/p>","protected":false},"featured_media":52696,"template":"","meta":[],"product_brand":[],"product_cat":[168],"product_tag":[],"class_list":{"0":"post-52695","1":"product","2":"type-product","3":"status-publish","4":"has-post-thumbnail","6":"product_cat-metrita-kit-kentimatos","8":"first","9":"instock","10":"taxable","11":"shipping-taxable","12":"purchasable","13":"product-type-simple"},"_links":{"self":[{"href":"https:\/\/neoergoxeiro.gr\/de\/wp-json\/wp\/v2\/product\/52695","targetHints":{"allow":["GET"]}}],"collection":[{"href":"https:\/\/neoergoxeiro.gr\/de\/wp-json\/wp\/v2\/product"}],"about":[{"href":"https:\/\/neoergoxeiro.gr\/de\/wp-json\/wp\/v2\/types\/product"}],"version-history":[{"count":1,"href":"https:\/\/neoergoxeiro.gr\/de\/wp-json\/wp\/v2\/product\/52695\/revisions"}],"predecessor-version":[{"id":62493,"href":"https:\/\/neoergoxeiro.gr\/de\/wp-json\/wp\/v2\/product\/52695\/revisions\/62493"}],"wp:featuredmedia":[{"embeddable":true,"href":"https:\/\/neoergoxeiro.gr\/de\/wp-json\/wp\/v2\/media\/52696"}],"wp:attachment":[{"href":"https:\/\/neoergoxeiro.gr\/de\/wp-json\/wp\/v2\/media?parent=52695"}],"wp:term":[{"taxonomy":"product_brand","embeddable":true,"href":"https:\/\/neoergoxeiro.gr\/de\/wp-json\/wp\/v2\/product_brand?post=52695"},{"taxonomy":"product_cat","embeddable":true,"href":"https:\/\/neoergoxeiro.gr\/de\/wp-json\/wp\/v2\/product_cat?post=52695"},{"taxonomy":"product_tag","embeddable":true,"href":"https:\/\/neoergoxeiro.gr\/de\/wp-json\/wp\/v2\/product_tag?post=52695"}],"curies":[{"name":"wp","href":"https:\/\/api.w.org\/{rel}","templated":true}]}}