{"id":52697,"date":"2025-02-13T11:32:46","date_gmt":"2025-02-13T11:32:46","guid":{"rendered":"https:\/\/neoergoxeiro.gr\/?product=%ce%ba%ce%b1%cf%81%ce%ad-%cf%81%ce%bf%ce%b6%ce%ad%cf%84%ce%b5%cf%82-%ce%b3%ce%ba%cf%81%ce%af-%ce%b4%ce%b1%ce%bd%cf%84%ce%ad%ce%bb%ce%b1-%ce%b3%ce%ba%cf%81%ce%af-12"},"modified":"2025-10-12T14:55:19","modified_gmt":"2025-10-12T12:55:19","slug":"%ce%ba%ce%b1%cf%81%ce%ad-%cf%81%ce%bf%ce%b6%ce%ad%cf%84%ce%b5%cf%82-%ce%b3%ce%ba%cf%81%ce%af-%ce%b4%ce%b1%ce%bd%cf%84%ce%ad%ce%bb%ce%b1-%ce%b3%ce%ba%cf%81%ce%af-12","status":"publish","type":"product","link":"https:\/\/neoergoxeiro.gr\/de\/produkt\/%ce%ba%ce%b1%cf%81%ce%ad-%cf%81%ce%bf%ce%b6%ce%ad%cf%84%ce%b5%cf%82-%ce%b3%ce%ba%cf%81%ce%af-%ce%b4%ce%b1%ce%bd%cf%84%ce%ad%ce%bb%ce%b1-%ce%b3%ce%ba%cf%81%ce%af-12\/","title":{"rendered":"Quadratmeter 1,10 *1,10 m"},"content":{"rendered":"<p>Der 1,10 x 1,10 Meter gro\u00dfe quadratische Z\u00e4hler ist die ideale Wahl f\u00fcr jeden N\u00e4h- und Stickliebhaber. Aus hochwertigen Materialien gefertigt, ist dieser Rahmen langlebig und einfach zu bedienen. Benutzen Sie ihn, um einzigartige Stickereien zu kreieren oder um Ihrer Kleidung und Ihren Stoffen einen dekorativen Touch zu verleihen. Frischen Sie Ihren Raum mit Stil und Originalit\u00e4t auf, indem Sie diesen Gegenrahmen verwenden. Er bietet Flexibilit\u00e4t und Komfort f\u00fcr Ihre Kreationen und wertet Ihren Raum auf. Holen Sie ihn sich und entdecken Sie eine neue Welt der Kreativit\u00e4t und Handwerkskunst.<\/p>","protected":false},"excerpt":{"rendered":"<p>1,10 *1,10 m - Ideal zum N\u00e4hen und Sticken. Hergestellt aus hochwertigen Materialien. Dekorieren Sie Ihren Raum mit Stil und Originalit\u00e4t.<\/p>","protected":false},"featured_media":52698,"template":"","meta":[],"product_brand":[],"product_cat":[168],"product_tag":[],"class_list":{"0":"post-52697","1":"product","2":"type-product","3":"status-publish","4":"has-post-thumbnail","6":"product_cat-metrita-kit-kentimatos","8":"first","9":"instock","10":"taxable","11":"shipping-taxable","12":"purchasable","13":"product-type-simple"},"_links":{"self":[{"href":"https:\/\/neoergoxeiro.gr\/de\/wp-json\/wp\/v2\/product\/52697","targetHints":{"allow":["GET"]}}],"collection":[{"href":"https:\/\/neoergoxeiro.gr\/de\/wp-json\/wp\/v2\/product"}],"about":[{"href":"https:\/\/neoergoxeiro.gr\/de\/wp-json\/wp\/v2\/types\/product"}],"version-history":[{"count":1,"href":"https:\/\/neoergoxeiro.gr\/de\/wp-json\/wp\/v2\/product\/52697\/revisions"}],"predecessor-version":[{"id":62494,"href":"https:\/\/neoergoxeiro.gr\/de\/wp-json\/wp\/v2\/product\/52697\/revisions\/62494"}],"wp:featuredmedia":[{"embeddable":true,"href":"https:\/\/neoergoxeiro.gr\/de\/wp-json\/wp\/v2\/media\/52698"}],"wp:attachment":[{"href":"https:\/\/neoergoxeiro.gr\/de\/wp-json\/wp\/v2\/media?parent=52697"}],"wp:term":[{"taxonomy":"product_brand","embeddable":true,"href":"https:\/\/neoergoxeiro.gr\/de\/wp-json\/wp\/v2\/product_brand?post=52697"},{"taxonomy":"product_cat","embeddable":true,"href":"https:\/\/neoergoxeiro.gr\/de\/wp-json\/wp\/v2\/product_cat?post=52697"},{"taxonomy":"product_tag","embeddable":true,"href":"https:\/\/neoergoxeiro.gr\/de\/wp-json\/wp\/v2\/product_tag?post=52697"}],"curies":[{"name":"wp","href":"https:\/\/api.w.org\/{rel}","templated":true}]}}