{"id":52717,"date":"2025-02-22T11:26:44","date_gmt":"2025-02-22T11:26:44","guid":{"rendered":"https:\/\/neoergoxeiro.gr\/?product=%cf%80%ce%bf%ce%bd%cf%84%cf%83%ce%ac-%ce%b3%ce%ba%cf%81%ce%af-%cf%87%cf%81%cf%85%cf%83%cf%8c"},"modified":"2025-10-13T21:30:41","modified_gmt":"2025-10-13T19:30:41","slug":"%cf%80%ce%bf%ce%bd%cf%84%cf%83%ce%ac-%ce%b3%ce%ba%cf%81%ce%af-%cf%87%cf%81%cf%85%cf%83%cf%8c","status":"publish","type":"product","link":"https:\/\/neoergoxeiro.gr\/de\/produkt\/%cf%80%ce%bf%ce%bd%cf%84%cf%83%ce%ac-%ce%b3%ce%ba%cf%81%ce%af-%cf%87%cf%81%cf%85%cf%83%cf%8c\/","title":{"rendered":"Ponza grau gold"},"content":{"rendered":"<p>Der grau-goldene Poncho ist die perfekte Erg\u00e4nzung f\u00fcr die Sammlung eines jeden Stickereiliebhabers. Er ist aus hochwertigem Stoff in einem modernen Design gefertigt, das auff\u00e4llt. Der Poncho bietet Komfort und Stil f\u00fcr jeden Look und kann leicht mit einer Vielzahl von Outfits kombiniert werden. Perfekt f\u00fcr den t\u00e4glichen Gebrauch, macht das Design des Ponchos das N\u00e4hen und Sticken einfach. Holen Sie sich den grau-goldenen Poncho, um einzigartige St\u00fccke zu kreieren, die auffallen. Material: Stoff. Farbe: Graugold. L\u00e4nge. Pflege: Handw\u00e4sche.<\/p>","protected":false},"excerpt":{"rendered":"<p>Der grau-goldene Poncho ist ein unverzichtbares Accessoire f\u00fcr jeden Stickereiliebhaber. Mit seinem modernen Design und der hochwertigen Verarbeitung wertet er jeden Look auf. Holen Sie ihn sich jetzt f\u00fcr atemberaubende Kreationen!<\/p>","protected":false},"featured_media":52718,"template":"","meta":[],"product_brand":[],"product_cat":[88],"product_tag":[],"class_list":{"0":"post-52717","1":"product","2":"type-product","3":"status-publish","4":"has-post-thumbnail","6":"product_cat-yfasmata-knetimatos","8":"first","9":"instock","10":"taxable","11":"shipping-taxable","12":"purchasable","13":"product-type-simple"},"_links":{"self":[{"href":"https:\/\/neoergoxeiro.gr\/de\/wp-json\/wp\/v2\/product\/52717","targetHints":{"allow":["GET"]}}],"collection":[{"href":"https:\/\/neoergoxeiro.gr\/de\/wp-json\/wp\/v2\/product"}],"about":[{"href":"https:\/\/neoergoxeiro.gr\/de\/wp-json\/wp\/v2\/types\/product"}],"version-history":[{"count":1,"href":"https:\/\/neoergoxeiro.gr\/de\/wp-json\/wp\/v2\/product\/52717\/revisions"}],"predecessor-version":[{"id":62506,"href":"https:\/\/neoergoxeiro.gr\/de\/wp-json\/wp\/v2\/product\/52717\/revisions\/62506"}],"wp:featuredmedia":[{"embeddable":true,"href":"https:\/\/neoergoxeiro.gr\/de\/wp-json\/wp\/v2\/media\/52718"}],"wp:attachment":[{"href":"https:\/\/neoergoxeiro.gr\/de\/wp-json\/wp\/v2\/media?parent=52717"}],"wp:term":[{"taxonomy":"product_brand","embeddable":true,"href":"https:\/\/neoergoxeiro.gr\/de\/wp-json\/wp\/v2\/product_brand?post=52717"},{"taxonomy":"product_cat","embeddable":true,"href":"https:\/\/neoergoxeiro.gr\/de\/wp-json\/wp\/v2\/product_cat?post=52717"},{"taxonomy":"product_tag","embeddable":true,"href":"https:\/\/neoergoxeiro.gr\/de\/wp-json\/wp\/v2\/product_tag?post=52717"}],"curies":[{"name":"wp","href":"https:\/\/api.w.org\/{rel}","templated":true}]}}