{"id":52735,"date":"2025-02-25T11:06:45","date_gmt":"2025-02-25T11:06:45","guid":{"rendered":"https:\/\/neoergoxeiro.gr\/?product=%cf%84%cf%81%ce%b1%cf%80%ce%b5%ce%b6%ce%bf%ce%ba%ce%b1%cf%81%ce%ad-pero-1-20-1-20-m"},"modified":"2025-11-11T10:17:56","modified_gmt":"2025-11-11T08:17:56","slug":"%cf%84%cf%81%ce%b1%cf%80%ce%b5%ce%b6%ce%bf%ce%ba%ce%b1%cf%81%ce%ad-pero-1-20-1-20-m","status":"publish","type":"product","link":"https:\/\/neoergoxeiro.gr\/de\/produkt\/%cf%84%cf%81%ce%b1%cf%80%ce%b5%ce%b6%ce%bf%ce%ba%ce%b1%cf%81%ce%ad-pero-1-20-1-20-m\/","title":{"rendered":"Tischgestell Pero 1,20 * 1,20 m"},"content":{"rendered":"<p>Der Tischrahmen Pero mit den Ma\u00dfen 1,20 x 1,20 m ist die ideale Leinwand zum N\u00e4hen und Sticken. Das gepr\u00e4gte Design auf ecrufarbenem, goldfarbenem Stoff erleichtert das Sticken, w\u00e4hrend die Waschanleitung die Haltbarkeit der Arbeit gew\u00e4hrleistet. Mit der Option, Mouline Dmc- oder Cotton Perle Dmc-Garne zu verwenden, k\u00f6nnen Sie einzigartige handgefertigte Projekte erstellen. Reinigen Sie die Farben und stabilisieren Sie die F\u00e4den, indem Sie die Waschanleitung befolgen. Erfrischen Sie Ihren Essbereich mit einem einzigartigen bestickten Tischrahmen von Pero.<\/p>","protected":false},"excerpt":{"rendered":"<p>Der Tischrahmen Pero mit den Ma\u00dfen 1,20 x 1,20 m ist ideal f\u00fcr Stickereien auf gold-ecruem Stoff. Erstellen Sie mit Leichtigkeit einzigartige Stickereien, indem Sie dem Stickmuster folgen und Mouline Dmc oder Cotton Perle Dmc Garn verwenden.<\/p>","protected":false},"featured_media":52736,"template":"","meta":[],"product_brand":[],"product_cat":[150],"product_tag":[],"class_list":{"0":"post-52735","1":"product","2":"type-product","3":"status-publish","4":"has-post-thumbnail","6":"product_cat-pero-kentimata","8":"first","9":"instock","10":"taxable","11":"shipping-taxable","12":"purchasable","13":"product-type-variable"},"_links":{"self":[{"href":"https:\/\/neoergoxeiro.gr\/de\/wp-json\/wp\/v2\/product\/52735","targetHints":{"allow":["GET"]}}],"collection":[{"href":"https:\/\/neoergoxeiro.gr\/de\/wp-json\/wp\/v2\/product"}],"about":[{"href":"https:\/\/neoergoxeiro.gr\/de\/wp-json\/wp\/v2\/types\/product"}],"version-history":[{"count":3,"href":"https:\/\/neoergoxeiro.gr\/de\/wp-json\/wp\/v2\/product\/52735\/revisions"}],"predecessor-version":[{"id":62520,"href":"https:\/\/neoergoxeiro.gr\/de\/wp-json\/wp\/v2\/product\/52735\/revisions\/62520"}],"wp:featuredmedia":[{"embeddable":true,"href":"https:\/\/neoergoxeiro.gr\/de\/wp-json\/wp\/v2\/media\/52736"}],"wp:attachment":[{"href":"https:\/\/neoergoxeiro.gr\/de\/wp-json\/wp\/v2\/media?parent=52735"}],"wp:term":[{"taxonomy":"product_brand","embeddable":true,"href":"https:\/\/neoergoxeiro.gr\/de\/wp-json\/wp\/v2\/product_brand?post=52735"},{"taxonomy":"product_cat","embeddable":true,"href":"https:\/\/neoergoxeiro.gr\/de\/wp-json\/wp\/v2\/product_cat?post=52735"},{"taxonomy":"product_tag","embeddable":true,"href":"https:\/\/neoergoxeiro.gr\/de\/wp-json\/wp\/v2\/product_tag?post=52735"}],"curies":[{"name":"wp","href":"https:\/\/api.w.org\/{rel}","templated":true}]}}