{"id":52762,"date":"2025-03-31T07:42:51","date_gmt":"2025-03-31T07:42:51","guid":{"rendered":"https:\/\/neoergoxeiro.gr\/?product=polypuff-%cf%80%ce%bf%cf%81%cf%84%ce%bf%ce%ba%ce%b1%ce%bb%ce%b9"},"modified":"2026-03-03T20:01:14","modified_gmt":"2026-03-03T18:01:14","slug":"polypuff-portokali","status":"publish","type":"product","link":"https:\/\/neoergoxeiro.gr\/de\/produkt\/polypuff-portokali\/","title":{"rendered":"Polypuff - Lachsrosa Typ: Marshmallow"},"content":{"rendered":"<h3 data-start=\"76\" data-end=\"114\"><strong data-start=\"80\" data-end=\"114\">Polypuff von Grande Yarn<\/strong><\/h3>\n<p>Die <strong data-start=\"45\" data-end=\"65\">Polypuff <\/strong>von Grande Yarn ist ein gl\u00e4nzendes, luxuri\u00f6ses Garn f\u00fcr Kreationen mit Stil und Raffinesse. \u2728<br data-start=\"156\" data-end=\"159\" \/>Es vereint Langlebigkeit, Benutzerfreundlichkeit und hervorragende Qualit\u00e4t - ideal f\u00fcr alle, die gerne stricken und hochwertiges handgefertigtes Design lieben \ud83e\uddf5.<\/p>\n<p data-start=\"347\" data-end=\"366\"><strong data-start=\"347\" data-end=\"366\">Merkmale:<\/strong><\/p>\n<ul data-start=\"367\" data-end=\"631\">\n<li data-start=\"367\" data-end=\"431\">\n<p data-start=\"369\" data-end=\"431\">\u2714\ufe0f Baumwolle, weiche, luxuri\u00f6se Textur mit erstklassigem Griff<\/p>\n<\/li>\n<li data-start=\"432\" data-end=\"456\">\n<p data-start=\"434\" data-end=\"456\">\u2714\ufe0f Gewicht: <strong data-start=\"444\" data-end=\"454\">1000gr<\/strong><\/p>\n<\/li>\n<li data-start=\"457\" data-end=\"478\">\n<p data-start=\"459\" data-end=\"478\">\u2714\ufe0f L\u00e4nge: <strong data-start=\"469\" data-end=\"476\">40m<\/strong><\/p>\n<\/li>\n<li data-start=\"479\" data-end=\"542\">\n<p data-start=\"481\" data-end=\"542\">\u2714\ufe0f Beeindruckende Dicke und Dichte f\u00fcr Aussageergebnisse<\/p>\n<\/li>\n<li data-start=\"543\" data-end=\"588\">\n<p data-start=\"545\" data-end=\"588\">\u2714\ufe0f Hohe Festigkeit und ausgezeichnete Elastizit\u00e4t<\/p>\n<\/li>\n<li data-start=\"589\" data-end=\"631\">\n<p data-start=\"591\" data-end=\"631\">\u2714\ufe0f Ideal f\u00fcr Anf\u00e4nger und Fortgeschrittene<\/p>\n<\/li>\n<\/ul>\n<p data-start=\"633\" data-end=\"649\"><strong data-start=\"633\" data-end=\"649\">Ideal f\u00fcr:<\/strong><\/p>\n<ul data-start=\"650\" data-end=\"823\">\n<li data-start=\"650\" data-end=\"683\">\n<p data-start=\"652\" data-end=\"683\">\ud83d\udc5c Gestrickte Taschen und Handtaschen<\/p>\n<\/li>\n<li data-start=\"650\" data-end=\"683\">\n<p data-start=\"652\" data-end=\"683\">\ud83d\udc3e Betten und kuschelige Nester f\u00fcr Haustiere<\/p>\n<\/li>\n<li data-start=\"727\" data-end=\"766\">\ud83e\uddf5 Projekte f\u00fcr Wohnkultur<\/li>\n<li data-start=\"794\" data-end=\"823\">\n<p data-start=\"796\" data-end=\"823\">\ud83c\udf81 Hochwertige handgefertigte Geschenke<\/p>\n<\/li>\n<\/ul>\n<p data-start=\"825\" data-end=\"958\">Der Polypuff vereint Langlebigkeit, Benutzerfreundlichkeit und hervorragende Qualit\u00e4t - ideal f\u00fcr alle, die selbstgemachte Taschen lieben.<\/p>","protected":false},"excerpt":{"rendered":"<p>Polypuff ist ein luxuri\u00f6ses Baumwollgarn (1000g, 40m) - ideal f\u00fcr gestrickte Taschen und dekorative Kreationen. Es verleiht jedem Projekt Einzigartigkeit und Haltbarkeit \u2728.<\/p>","protected":false},"featured_media":74129,"template":"","meta":[],"product_brand":[],"product_cat":[108,137],"product_tag":[172,195],"class_list":{"0":"post-52762","1":"product","2":"type-product","3":"status-publish","4":"has-post-thumbnail","6":"product_cat-polypuff-marshmallow-grande-yarn","7":"product_cat-polypuff-marshmallow-grande-yarn-nimata-tsantas","8":"product_tag-marshmallow","9":"product_tag-polypuff","11":"first","12":"instock","13":"sale","14":"taxable","15":"shipping-taxable","16":"purchasable","17":"product-type-simple"},"_links":{"self":[{"href":"https:\/\/neoergoxeiro.gr\/de\/wp-json\/wp\/v2\/product\/52762","targetHints":{"allow":["GET"]}}],"collection":[{"href":"https:\/\/neoergoxeiro.gr\/de\/wp-json\/wp\/v2\/product"}],"about":[{"href":"https:\/\/neoergoxeiro.gr\/de\/wp-json\/wp\/v2\/types\/product"}],"version-history":[{"count":4,"href":"https:\/\/neoergoxeiro.gr\/de\/wp-json\/wp\/v2\/product\/52762\/revisions"}],"predecessor-version":[{"id":72619,"href":"https:\/\/neoergoxeiro.gr\/de\/wp-json\/wp\/v2\/product\/52762\/revisions\/72619"}],"wp:featuredmedia":[{"embeddable":true,"href":"https:\/\/neoergoxeiro.gr\/de\/wp-json\/wp\/v2\/media\/74129"}],"wp:attachment":[{"href":"https:\/\/neoergoxeiro.gr\/de\/wp-json\/wp\/v2\/media?parent=52762"}],"wp:term":[{"taxonomy":"product_brand","embeddable":true,"href":"https:\/\/neoergoxeiro.gr\/de\/wp-json\/wp\/v2\/product_brand?post=52762"},{"taxonomy":"product_cat","embeddable":true,"href":"https:\/\/neoergoxeiro.gr\/de\/wp-json\/wp\/v2\/product_cat?post=52762"},{"taxonomy":"product_tag","embeddable":true,"href":"https:\/\/neoergoxeiro.gr\/de\/wp-json\/wp\/v2\/product_tag?post=52762"}],"curies":[{"name":"wp","href":"https:\/\/api.w.org\/{rel}","templated":true}]}}