{"id":52778,"date":"2025-03-31T09:04:00","date_gmt":"2025-03-31T09:04:00","guid":{"rendered":"https:\/\/neoergoxeiro.gr\/?product=polypuff-sabrina-red"},"modified":"2025-11-15T12:31:21","modified_gmt":"2025-11-15T10:31:21","slug":"sabrina-red-glitter","status":"publish","type":"product","link":"https:\/\/neoergoxeiro.gr\/de\/produkt\/sabrina-red-glitter\/","title":{"rendered":"Sabrina - Rot"},"content":{"rendered":"<h3 data-start=\"76\" data-end=\"114\"><strong data-start=\"80\" data-end=\"114\">Polypuff Sabrina von Grande Yarn<\/strong><\/h3>\n<p>Die\u00a0<strong data-start=\"45\" data-end=\"65\">Polypuff Sabrina<\/strong>\u00a0von Grande Yarn ist ein gl\u00e4nzendes, luxuri\u00f6ses Garn f\u00fcr Kreationen mit Stil und Raffinesse. \u2728<br data-start=\"156\" data-end=\"159\" \/>Es vereint Langlebigkeit, Benutzerfreundlichkeit und hervorragende Qualit\u00e4t - perfekt f\u00fcr alle, die Stricken mit hohem handwerklichem Anspruch lieben \ud83e\uddf5.<\/p>\n<p data-start=\"347\" data-end=\"366\"><strong data-start=\"347\" data-end=\"366\">Merkmale:<\/strong><\/p>\n<ul data-start=\"367\" data-end=\"631\">\n<li data-start=\"367\" data-end=\"431\">\n<p data-start=\"369\" data-end=\"431\">\u2714\ufe0f weiche, luxuri\u00f6se Textur mit erstklassigem Gef\u00fchl<\/p>\n<\/li>\n<li data-start=\"432\" data-end=\"456\">\n<p data-start=\"434\" data-end=\"456\">\u2714\ufe0f Gewicht:\u00a0<strong data-start=\"444\" data-end=\"454\">600gr<\/strong><\/p>\n<\/li>\n<li data-start=\"457\" data-end=\"478\">\n<p data-start=\"459\" data-end=\"478\">\u2714\ufe0f L\u00e4nge:\u00a0<strong data-start=\"469\" data-end=\"476\">20m<\/strong><\/p>\n<\/li>\n<li data-start=\"479\" data-end=\"542\">\n<p data-start=\"481\" data-end=\"542\">\u2714\ufe0f Beeindruckende Dicke und Dichte f\u00fcr Aussageergebnisse<\/p>\n<\/li>\n<li data-start=\"543\" data-end=\"588\">\n<p data-start=\"545\" data-end=\"588\">\u2714\ufe0f Hohe Festigkeit und ausgezeichnete Elastizit\u00e4t<\/p>\n<\/li>\n<li data-start=\"589\" data-end=\"631\">\n<p data-start=\"591\" data-end=\"631\">\u2714\ufe0f Ideal f\u00fcr Anf\u00e4nger und Fortgeschrittene<\/p>\n<\/li>\n<\/ul>\n<p data-start=\"633\" data-end=\"649\"><strong data-start=\"633\" data-end=\"649\">Ideal f\u00fcr:<\/strong><\/p>\n<ul data-start=\"650\" data-end=\"823\">\n<li data-start=\"650\" data-end=\"683\">\n<p data-start=\"652\" data-end=\"683\">\ud83d\udc5c Gestrickte Taschen und Handtaschen<\/p>\n<\/li>\n<li data-start=\"727\" data-end=\"766\">\ud83e\uddf5 Projekte f\u00fcr Wohnkultur<\/li>\n<li data-start=\"794\" data-end=\"823\">\n<p data-start=\"796\" data-end=\"823\">\ud83c\udf81 Hochwertige handgefertigte Geschenke<\/p>\n<\/li>\n<\/ul>\n<p data-start=\"825\" data-end=\"958\">Die Polypuff Sabrina vereint Langlebigkeit, Benutzerfreundlichkeit und hervorragende Qualit\u00e4t - ideal f\u00fcr alle, die selbstgemachte Taschen lieben. \ud83e\uddf5<\/p>","protected":false},"excerpt":{"rendered":"<p>Polypuff Sabrina ist ein gl\u00e4nzendes, luxuri\u00f6ses Garn (600g, 20m) - ideal f\u00fcr gestrickte Taschen und dekorative Kreationen. Es verleiht jedem Projekt einzigartigen Glanz und Haltbarkeit \u2728.<\/p>","protected":false},"featured_media":72446,"template":"","meta":[],"product_brand":[],"product_cat":[110,138],"product_tag":[182,172,180,179,181],"class_list":{"0":"post-52778","1":"product","2":"type-product","3":"status-publish","4":"has-post-thumbnail","6":"product_cat-grande-yarn-sabrina-marshmallow-glitter","7":"product_cat-grande-yarn-sabrina-marshmallow-glitter-nimata-tsantas","8":"product_tag-glitter","9":"product_tag-marshmallow","10":"product_tag-polupuff","11":"product_tag-prestij","12":"product_tag-sabrina","14":"first","15":"instock","16":"taxable","17":"shipping-taxable","18":"purchasable","19":"product-type-simple"},"_links":{"self":[{"href":"https:\/\/neoergoxeiro.gr\/de\/wp-json\/wp\/v2\/product\/52778","targetHints":{"allow":["GET"]}}],"collection":[{"href":"https:\/\/neoergoxeiro.gr\/de\/wp-json\/wp\/v2\/product"}],"about":[{"href":"https:\/\/neoergoxeiro.gr\/de\/wp-json\/wp\/v2\/types\/product"}],"version-history":[{"count":4,"href":"https:\/\/neoergoxeiro.gr\/de\/wp-json\/wp\/v2\/product\/52778\/revisions"}],"predecessor-version":[{"id":72448,"href":"https:\/\/neoergoxeiro.gr\/de\/wp-json\/wp\/v2\/product\/52778\/revisions\/72448"}],"wp:featuredmedia":[{"embeddable":true,"href":"https:\/\/neoergoxeiro.gr\/de\/wp-json\/wp\/v2\/media\/72446"}],"wp:attachment":[{"href":"https:\/\/neoergoxeiro.gr\/de\/wp-json\/wp\/v2\/media?parent=52778"}],"wp:term":[{"taxonomy":"product_brand","embeddable":true,"href":"https:\/\/neoergoxeiro.gr\/de\/wp-json\/wp\/v2\/product_brand?post=52778"},{"taxonomy":"product_cat","embeddable":true,"href":"https:\/\/neoergoxeiro.gr\/de\/wp-json\/wp\/v2\/product_cat?post=52778"},{"taxonomy":"product_tag","embeddable":true,"href":"https:\/\/neoergoxeiro.gr\/de\/wp-json\/wp\/v2\/product_tag?post=52778"}],"curies":[{"name":"wp","href":"https:\/\/api.w.org\/{rel}","templated":true}]}}