{"id":73173,"date":"2025-11-28T19:11:58","date_gmt":"2025-11-28T17:11:58","guid":{"rendered":"https:\/\/neoergoxeiro.gr\/?post_type=product&#038;p=73173"},"modified":"2026-01-29T11:11:21","modified_gmt":"2026-01-29T09:11:21","slug":"medusa-green","status":"publish","type":"product","link":"https:\/\/neoergoxeiro.gr\/de\/produkt\/medusa-green\/","title":{"rendered":"Medusa - Gr\u00fcn"},"content":{"rendered":"<h2 data-start=\"146\" data-end=\"183\"><strong data-start=\"149\" data-end=\"183\">Polypuff Medusa von Grande Yarn<\/strong><\/h2>\n<p data-start=\"185\" data-end=\"491\">Die <strong data-start=\"188\" data-end=\"207\">Polypuff-Medusa<\/strong> Grande Yarn ist der ultimative Glitzergarntyp <em data-start=\"263\" data-end=\"270\">Lurex<\/em>, entworfen f\u00fcr auff\u00e4llige, glamour\u00f6se und hochwertige handgefertigte Kreationen.<br data-start=\"345\" data-end=\"348\" \/>Mit ihrem beeindruckenden Glanz und ihrer einzigartigen Dichte ist sie die ideale Wahl f\u00fcr alle, die Projekte mit glamour\u00f6ser \u00c4sthetik und anspruchsvollem H\u00e4keldesign lieben.<\/p>\n<p data-start=\"347\" data-end=\"366\"><strong data-start=\"347\" data-end=\"366\">Merkmale:<\/strong><\/p>\n<ul data-start=\"367\" data-end=\"631\">\n<li data-start=\"367\" data-end=\"431\">\n<p data-start=\"369\" data-end=\"431\">\u2714\ufe0f <strong data-start=\"521\" data-end=\"546\">Lurex-Glitzer-Struktur<\/strong> - gl\u00e4nzende, luxuri\u00f6se Textur<\/p>\n<\/li>\n<li data-start=\"432\" data-end=\"456\">\n<p data-start=\"434\" data-end=\"456\">\u2714\ufe0f Gewicht: <strong data-start=\"444\" data-end=\"454\">1000gr<\/strong><\/p>\n<\/li>\n<li data-start=\"457\" data-end=\"478\">\n<p data-start=\"459\" data-end=\"478\">\u2714\ufe0f L\u00e4nge: <strong data-start=\"469\" data-end=\"476\">30m<\/strong><\/p>\n<\/li>\n<li data-start=\"479\" data-end=\"542\">\n<p data-start=\"481\" data-end=\"542\">\u2714\ufe0f Beeindruckende Dicke und Dichte f\u00fcr Aussageergebnisse<\/p>\n<\/li>\n<li data-start=\"543\" data-end=\"588\">\n<p data-start=\"545\" data-end=\"588\">\u2714\ufe0f Hohe Festigkeit und ausgezeichnete Elastizit\u00e4t<\/p>\n<\/li>\n<li data-start=\"589\" data-end=\"631\">\n<p data-start=\"591\" data-end=\"631\">\u2714\ufe0f Ideal f\u00fcr Anf\u00e4nger und Fortgeschrittene<\/p>\n<\/li>\n<\/ul>\n<p data-start=\"633\" data-end=\"649\"><strong data-start=\"633\" data-end=\"649\">Ideal f\u00fcr:<\/strong><\/p>\n<ul data-start=\"650\" data-end=\"823\">\n<li data-start=\"650\" data-end=\"683\">\n<p data-start=\"652\" data-end=\"683\">\ud83d\udc5c Gestrickte Taschen und Handtaschen<\/p>\n<\/li>\n<li data-start=\"767\" data-end=\"793\">\n<p data-start=\"769\" data-end=\"793\">\ud83e\uddf5 Projekte f\u00fcr Wohnkultur<\/p>\n<\/li>\n<li data-start=\"794\" data-end=\"823\">\n<p data-start=\"796\" data-end=\"823\">\ud83c\udf81 Hochwertige handgefertigte Geschenke<\/p>\n<\/li>\n<\/ul>\n<p data-start=\"825\" data-end=\"958\">Die <strong data-start=\"1021\" data-end=\"1040\">Polypuff-Medusa<\/strong> bietet einzigartigen Glanz, glamour\u00f6se \u00c4sthetik und einen intensiven Glitzereffekt - jedes Projekt wird zu einem echten Glitzerprojekt <strong data-start=\"1154\" data-end=\"1170\">Show-Stopper<\/strong>.<\/p>","protected":false},"excerpt":{"rendered":"<p>Das Polypuff Medusa Glitzergarn (1000g, 30m) von Grande Yarn - gl\u00e4nzend, glamour\u00f6s und mit beeindruckender Dichte. Perfekt f\u00fcr auff\u00e4llige Stricktaschen, schillernde Verzierungen, Partytaschen und alle Kreationen, die gl\u00e4nzen sollen \u2728.<\/p>","protected":false},"featured_media":73174,"template":"","meta":[],"product_brand":[],"product_cat":[214,215],"product_tag":[217,216,195],"class_list":{"0":"post-73173","1":"product","2":"type-product","3":"status-publish","4":"has-post-thumbnail","6":"product_cat-medusa-lurex","7":"product_cat-medusa-lurex-nimata-tsantas","8":"product_tag-lurex","9":"product_tag-medusa","10":"product_tag-polypuff","12":"first","13":"instock","14":"taxable","15":"shipping-taxable","16":"purchasable","17":"product-type-simple"},"_links":{"self":[{"href":"https:\/\/neoergoxeiro.gr\/de\/wp-json\/wp\/v2\/product\/73173","targetHints":{"allow":["GET"]}}],"collection":[{"href":"https:\/\/neoergoxeiro.gr\/de\/wp-json\/wp\/v2\/product"}],"about":[{"href":"https:\/\/neoergoxeiro.gr\/de\/wp-json\/wp\/v2\/types\/product"}],"version-history":[{"count":1,"href":"https:\/\/neoergoxeiro.gr\/de\/wp-json\/wp\/v2\/product\/73173\/revisions"}],"predecessor-version":[{"id":73176,"href":"https:\/\/neoergoxeiro.gr\/de\/wp-json\/wp\/v2\/product\/73173\/revisions\/73176"}],"wp:featuredmedia":[{"embeddable":true,"href":"https:\/\/neoergoxeiro.gr\/de\/wp-json\/wp\/v2\/media\/73174"}],"wp:attachment":[{"href":"https:\/\/neoergoxeiro.gr\/de\/wp-json\/wp\/v2\/media?parent=73173"}],"wp:term":[{"taxonomy":"product_brand","embeddable":true,"href":"https:\/\/neoergoxeiro.gr\/de\/wp-json\/wp\/v2\/product_brand?post=73173"},{"taxonomy":"product_cat","embeddable":true,"href":"https:\/\/neoergoxeiro.gr\/de\/wp-json\/wp\/v2\/product_cat?post=73173"},{"taxonomy":"product_tag","embeddable":true,"href":"https:\/\/neoergoxeiro.gr\/de\/wp-json\/wp\/v2\/product_tag?post=73173"}],"curies":[{"name":"wp","href":"https:\/\/api.w.org\/{rel}","templated":true}]}}