{"id":73700,"date":"2026-01-22T17:00:26","date_gmt":"2026-01-22T15:00:26","guid":{"rendered":"https:\/\/neoergoxeiro.gr\/?post_type=product&#038;p=73700"},"modified":"2026-04-13T13:43:58","modified_gmt":"2026-04-13T11:43:58","slug":"elvis-pink-metallic","status":"publish","type":"product","link":"https:\/\/neoergoxeiro.gr\/de\/produkt\/elvis-pink-metallic\/","title":{"rendered":"Elvis - Rosa (Metallisch)"},"content":{"rendered":"<h2 data-start=\"129\" data-end=\"165\"><strong data-start=\"132\" data-end=\"165\">Polypuff Elvis von Grande Yarn<\/strong><\/h2>\n<p data-start=\"167\" data-end=\"428\">Die <strong data-start=\"170\" data-end=\"188\">Polypuff-Elvis<\/strong> von Grande Yarn ist das ultimative Statement-Ledergarn f\u00fcr Kreationen mit Charakter, Intensit\u00e4t und hoher \u00c4sthetik. \u2728<br data-start=\"307\" data-end=\"310\" \/>Die beeindruckende Textur mit Ledereffekt und die robuste Konstruktion verleihen jedem Projekt eine hochwertige, modische Identit\u00e4t.\ud83e\uddf5<\/p>\n<p data-start=\"347\" data-end=\"366\"><strong data-start=\"347\" data-end=\"366\">Merkmale:<\/strong><\/p>\n<ul data-start=\"367\" data-end=\"631\">\n<li data-start=\"367\" data-end=\"431\">\n<p data-start=\"369\" data-end=\"431\">\u2714\ufe0f Kunstleder, weiche, luxuri\u00f6se Textur mit erstklassiger Haptik<\/p>\n<\/li>\n<li data-start=\"432\" data-end=\"456\">\n<p data-start=\"434\" data-end=\"456\">\u2714\ufe0f Gewicht: <strong data-start=\"444\" data-end=\"454\">700gr<\/strong><\/p>\n<\/li>\n<li data-start=\"457\" data-end=\"478\">\n<p data-start=\"459\" data-end=\"478\">\u2714\ufe0f L\u00e4nge: <strong data-start=\"469\" data-end=\"476\">30m<\/strong><\/p>\n<\/li>\n<li data-start=\"479\" data-end=\"542\">\n<p data-start=\"481\" data-end=\"542\">\u2714\ufe0f Beeindruckende Dicke und Dichte f\u00fcr Aussageergebnisse<\/p>\n<\/li>\n<li data-start=\"543\" data-end=\"588\">\n<p data-start=\"545\" data-end=\"588\">\u2714\ufe0f Hohe Festigkeit und ausgezeichnete Elastizit\u00e4t<\/p>\n<\/li>\n<li data-start=\"589\" data-end=\"631\">\n<p data-start=\"591\" data-end=\"631\">\u2714\ufe0f Ideal f\u00fcr Anf\u00e4nger und Fortgeschrittene<\/p>\n<\/li>\n<\/ul>\n<p data-start=\"633\" data-end=\"649\"><strong data-start=\"633\" data-end=\"649\">Ideal f\u00fcr:<\/strong><\/p>\n<ul data-start=\"650\" data-end=\"823\">\n<li data-start=\"650\" data-end=\"683\">\n<p data-start=\"652\" data-end=\"683\">\ud83d\udc5c Gestrickte Taschen und Handtaschen<\/p>\n<\/li>\n<li data-start=\"650\" data-end=\"683\">\n<p data-start=\"652\" data-end=\"683\">\ud83d\udc3e Betten und kuschelige Nester f\u00fcr Haustiere<\/p>\n<\/li>\n<li data-start=\"727\" data-end=\"766\">\ud83e\uddf5 Projekte f\u00fcr Wohnkultur<\/li>\n<li data-start=\"794\" data-end=\"823\">\n<p data-start=\"796\" data-end=\"823\">\ud83c\udf81 Hochwertige handgefertigte Geschenke<\/p>\n<\/li>\n<\/ul>\n<p data-start=\"825\" data-end=\"958\">Die <strong data-start=\"1001\" data-end=\"1019\">Polypuff-Elvis<\/strong> ist ideal f\u00fcr alle, die handgefertigte Produkte lieben, aber mehr Wert auf eine <strong data-start=\"1084\" data-end=\"1128\">Mode, urbane und strukturierte Wirkung<\/strong> dank der Kunstlederbeschaffenheit.<\/p>","protected":false},"excerpt":{"rendered":"<p>Polypuff Elvis ist ein luxuri\u00f6ses Ledergarn (700g, 30m) - ideal f\u00fcr strukturierte Taschen und moderne handgefertigte Kreationen. Es bietet modische Textur und einen markanten Ledereffekt \u2728.<\/p>","protected":false},"featured_media":74388,"template":"","meta":[],"product_brand":[],"product_cat":[109,139,203],"product_tag":[174,236],"class_list":{"0":"post-73700","1":"product","2":"type-product","3":"status-publish","4":"has-post-thumbnail","6":"product_cat-elvis-grande-yarn-matallic-marshmallow","7":"product_cat-elvis-grande-yarn-matallic-marshmallow-nimata-tsantas","8":"product_cat-metallic","9":"product_tag-elvis","10":"product_tag-shinnymallow","12":"first","13":"instock","14":"sale","15":"taxable","16":"shipping-taxable","17":"purchasable","18":"product-type-simple"},"_links":{"self":[{"href":"https:\/\/neoergoxeiro.gr\/de\/wp-json\/wp\/v2\/product\/73700","targetHints":{"allow":["GET"]}}],"collection":[{"href":"https:\/\/neoergoxeiro.gr\/de\/wp-json\/wp\/v2\/product"}],"about":[{"href":"https:\/\/neoergoxeiro.gr\/de\/wp-json\/wp\/v2\/types\/product"}],"version-history":[{"count":2,"href":"https:\/\/neoergoxeiro.gr\/de\/wp-json\/wp\/v2\/product\/73700\/revisions"}],"predecessor-version":[{"id":73709,"href":"https:\/\/neoergoxeiro.gr\/de\/wp-json\/wp\/v2\/product\/73700\/revisions\/73709"}],"wp:featuredmedia":[{"embeddable":true,"href":"https:\/\/neoergoxeiro.gr\/de\/wp-json\/wp\/v2\/media\/74388"}],"wp:attachment":[{"href":"https:\/\/neoergoxeiro.gr\/de\/wp-json\/wp\/v2\/media?parent=73700"}],"wp:term":[{"taxonomy":"product_brand","embeddable":true,"href":"https:\/\/neoergoxeiro.gr\/de\/wp-json\/wp\/v2\/product_brand?post=73700"},{"taxonomy":"product_cat","embeddable":true,"href":"https:\/\/neoergoxeiro.gr\/de\/wp-json\/wp\/v2\/product_cat?post=73700"},{"taxonomy":"product_tag","embeddable":true,"href":"https:\/\/neoergoxeiro.gr\/de\/wp-json\/wp\/v2\/product_tag?post=73700"}],"curies":[{"name":"wp","href":"https:\/\/api.w.org\/{rel}","templated":true}]}}