{"id":73832,"date":"2026-02-07T14:14:36","date_gmt":"2026-02-07T12:14:36","guid":{"rendered":"https:\/\/neoergoxeiro.gr\/?post_type=product&#038;p=73832"},"modified":"2026-02-07T14:16:40","modified_gmt":"2026-02-07T12:16:40","slug":"sunset-blue-black","status":"publish","type":"product","link":"https:\/\/neoergoxeiro.gr\/de\/produkt\/sunset-blue-black\/","title":{"rendered":"Sunset &#8211; Blue\/Black"},"content":{"rendered":"<h2 data-start=\"129\" data-end=\"165\"><strong data-start=\"132\" data-end=\"165\">Sonnenuntergang von Grande Yarn<\/strong><\/h2>\n<p data-start=\"167\" data-end=\"428\">Die <strong data-start=\"170\" data-end=\"188\">Sonnenuntergang<\/strong> von Grande Yarn ist das ultimative Statement-Glitzergarn f\u00fcr Kreationen mit Charakter, Intensit\u00e4t und hoher \u00c4sthetik. \u2728<br data-start=\"307\" data-end=\"310\" \/>Mit seinem beeindruckenden Glanz und seiner robusten Konstruktion verleiht er jedem Projekt eine hochwertige, modische Identit\u00e4t.\ud83e\uddf5<\/p>\n<p data-start=\"347\" data-end=\"366\"><strong data-start=\"347\" data-end=\"366\">Merkmale:<\/strong><\/p>\n<ul data-start=\"367\" data-end=\"631\">\n<li data-start=\"367\" data-end=\"431\">\n<p data-start=\"369\" data-end=\"431\">\u2714\ufe0f glitzern mit einer hochwertigen Haptik<\/p>\n<\/li>\n<li data-start=\"432\" data-end=\"456\">\n<p data-start=\"434\" data-end=\"456\">\u2714\ufe0f Gewicht: <strong data-start=\"444\" data-end=\"454\">100gr<\/strong><\/p>\n<\/li>\n<li data-start=\"457\" data-end=\"478\">\n<p data-start=\"459\" data-end=\"478\">\u2714\ufe0f L\u00e4nge: <strong data-start=\"469\" data-end=\"476\">200m<\/strong><\/p>\n<\/li>\n<li data-start=\"479\" data-end=\"542\">\n<p data-start=\"481\" data-end=\"542\">\u2714\ufe0f Beeindruckende Dicke und Dichte f\u00fcr Aussageergebnisse<\/p>\n<\/li>\n<li data-start=\"543\" data-end=\"588\">\n<p data-start=\"545\" data-end=\"588\">\u2714\ufe0f Hohe Festigkeit und ausgezeichnete Elastizit\u00e4t<\/p>\n<\/li>\n<li data-start=\"589\" data-end=\"631\">\n<p data-start=\"591\" data-end=\"631\">\u2714\ufe0f Ideal f\u00fcr Anf\u00e4nger und Fortgeschrittene<\/p>\n<\/li>\n<\/ul>\n<p data-start=\"633\" data-end=\"649\"><strong data-start=\"633\" data-end=\"649\">Ideal f\u00fcr:<\/strong><\/p>\n<ul data-start=\"650\" data-end=\"823\">\n<li data-start=\"650\" data-end=\"683\">\n<p data-start=\"652\" data-end=\"683\">\ud83d\udc5c Gestrickte Taschen und Handtaschen (besonders im Sommer mit Fransen)<\/p>\n<\/li>\n<li data-start=\"650\" data-end=\"683\">\ud83e\uddfa K\u00f6rbe &amp; Kinderk\u00f6rbe<\/li>\n<li data-start=\"794\" data-end=\"823\">\n<p data-start=\"796\" data-end=\"823\">\ud83d\udcff Makramee &amp; handgefertigter Kunstschmuck<\/p>\n<\/li>\n<\/ul>","protected":false},"excerpt":{"rendered":"<p><strong data-start=\"84\" data-end=\"150\">Sonnenuntergang bei <span class=\"hover:entity-accent entity-underline inline cursor-pointer align-baseline\"><span class=\"whitespace-normal\">Grande Garn<\/span><\/span> (100gr., 200m)<\/strong> - glitzerndes Garn mit beeindruckendem Glanz, robuster Textur und hochwertiger \u00c4sthetik. Ideal f\u00fcr auff\u00e4llige Stricktaschen, Sommerhandtaschen mit Charakter, Makramee und einzigartige handgefertigte Kreationen, die auffallen \u2728\ud83e\uddf5.<\/p>","protected":false},"featured_media":73833,"template":"","meta":[],"product_brand":[],"product_cat":[226],"product_tag":[217,227],"class_list":{"0":"post-73832","1":"product","2":"type-product","3":"status-publish","4":"has-post-thumbnail","6":"product_cat-sunset","7":"product_tag-lurex","8":"product_tag-sunset","10":"first","11":"instock","12":"taxable","13":"shipping-taxable","14":"purchasable","15":"product-type-simple"},"_links":{"self":[{"href":"https:\/\/neoergoxeiro.gr\/de\/wp-json\/wp\/v2\/product\/73832","targetHints":{"allow":["GET"]}}],"collection":[{"href":"https:\/\/neoergoxeiro.gr\/de\/wp-json\/wp\/v2\/product"}],"about":[{"href":"https:\/\/neoergoxeiro.gr\/de\/wp-json\/wp\/v2\/types\/product"}],"version-history":[{"count":1,"href":"https:\/\/neoergoxeiro.gr\/de\/wp-json\/wp\/v2\/product\/73832\/revisions"}],"predecessor-version":[{"id":73834,"href":"https:\/\/neoergoxeiro.gr\/de\/wp-json\/wp\/v2\/product\/73832\/revisions\/73834"}],"wp:featuredmedia":[{"embeddable":true,"href":"https:\/\/neoergoxeiro.gr\/de\/wp-json\/wp\/v2\/media\/73833"}],"wp:attachment":[{"href":"https:\/\/neoergoxeiro.gr\/de\/wp-json\/wp\/v2\/media?parent=73832"}],"wp:term":[{"taxonomy":"product_brand","embeddable":true,"href":"https:\/\/neoergoxeiro.gr\/de\/wp-json\/wp\/v2\/product_brand?post=73832"},{"taxonomy":"product_cat","embeddable":true,"href":"https:\/\/neoergoxeiro.gr\/de\/wp-json\/wp\/v2\/product_cat?post=73832"},{"taxonomy":"product_tag","embeddable":true,"href":"https:\/\/neoergoxeiro.gr\/de\/wp-json\/wp\/v2\/product_tag?post=73832"}],"curies":[{"name":"wp","href":"https:\/\/api.w.org\/{rel}","templated":true}]}}