{"id":75300,"date":"2026-04-22T14:56:29","date_gmt":"2026-04-22T12:56:29","guid":{"rendered":"https:\/\/neoergoxeiro.gr\/?post_type=product&#038;p=75300"},"modified":"2026-04-22T14:58:28","modified_gmt":"2026-04-22T12:58:28","slug":"t-shirt-yarn-pink-glitter-maccheroni","status":"publish","type":"product","link":"https:\/\/neoergoxeiro.gr\/de\/produkt\/t-shirt-yarn-pink-glitter-maccheroni\/","title":{"rendered":"T-Shirt Yarn &#8211; Pink Glitter (Maccheroni)"},"content":{"rendered":"<p data-start=\"551\" data-end=\"832\">Die <strong data-start=\"554\" data-end=\"597\">T-Shirt-Garn Maccheroni von Grande Yarn<\/strong> ist das ultimative Garn f\u00fcr besondere handgefertigte Kreationen. Hergestellt aus <strong data-start=\"679\" data-end=\"713\">90% Baumwolle und 10% Polyester<\/strong>, bietet eine hervorragende Haltbarkeit, eine nat\u00fcrliche Textur und einen \u00f6kologischen Charakter, da es aus recycelten T-Shirt-Stoffen hergestellt wird.<\/p>\n<p data-start=\"834\" data-end=\"1067\">Jede Kugel (650-750g) ist ideal f\u00fcr den Bau von <strong data-start=\"902\" data-end=\"929\">kleine Gr\u00f6\u00dfe Tasche<\/strong>, w\u00e4hrend Sie wundersch\u00f6ne <strong data-start=\"970\" data-end=\"1013\">K\u00f6rbe, Etuis, Untersetzer und Ornamente<\/strong> mit einem festen Griff und einem sauberen Strickergebnis.<\/p>\n<h3 data-start=\"1288\" data-end=\"1326\"><strong data-start=\"1292\" data-end=\"1326\">Merkmale und Vorteile<\/strong><\/h3>\n<ul data-start=\"1327\" data-end=\"1684\">\n<li data-start=\"1327\" data-end=\"1366\">\n<p data-start=\"1329\" data-end=\"1366\">\u2b50 <strong data-start=\"1331\" data-end=\"1364\">90% Baumwolle - 10% Polyester<\/strong><\/p>\n<\/li>\n<li data-start=\"1367\" data-end=\"1434\">\n<p data-start=\"1369\" data-end=\"1434\">\u267b\ufe0f Umweltfreundlich: T-Shirt aus recycelten Stoffen<\/p>\n<\/li>\n<li data-start=\"1435\" data-end=\"1495\">\n<p data-start=\"1437\" data-end=\"1495\">\ud83d\udc5c Ideal f\u00fcr Taschen, K\u00f6rbe und praktische Gegenst\u00e4nde<\/p>\n<\/li>\n<li data-start=\"1496\" data-end=\"1535\">\n<p data-start=\"1498\" data-end=\"1535\">\ud83c\udfa8 Jeder Farbton mit einem einzigartigen Code<\/p>\n<\/li>\n<li data-start=\"1536\" data-end=\"1587\">\n<p data-start=\"1538\" data-end=\"1587\">\ud83d\udcf8 Echte Fotos von jeder neuen Charge<\/p>\n<\/li>\n<li data-start=\"1588\" data-end=\"1629\">\n<p data-start=\"1590\" data-end=\"1629\">\ud83e\uddf5 Vorgeschlagene H\u00e4kelarbeit: <strong data-start=\"1616\" data-end=\"1627\">Nr. 8-12<\/strong><\/p>\n<\/li>\n<li data-start=\"1657\" data-end=\"1684\">\n<p data-start=\"1659\" data-end=\"1684\">\u2696\ufe0f Gewicht: <strong data-start=\"1669\" data-end=\"1682\">650-750g<\/strong><\/p>\n<\/li>\n<\/ul>\n<h3 data-start=\"1686\" data-end=\"1714\"><strong data-start=\"1690\" data-end=\"1712\">Wichtiger Hinweis<\/strong><\/h3>\n<p data-start=\"1715\" data-end=\"1868\">W\u00e4hlen Sie von Anfang an die Menge, die Sie ben\u00f6tigen - die Chargen k\u00f6nnen leicht variieren, und die gleiche Textur und der gleiche Farbton sind nicht immer verf\u00fcgbar.<\/p>","protected":false},"excerpt":{"rendered":"<p>Der T-Shirt-Garntyp <em data-start=\"231\" data-end=\"243\">Maccheroni<\/em> von Grande Yarn ist ein hochfestes Baumwollgarn, ideal f\u00fcr Taschen, K\u00f6rbe und dekorative Kreationen. Hergestellt aus 90% Baumwolle und 10% Polyester, mit einem Gewicht von 650-750g.<\/p>","protected":false},"featured_media":75303,"template":"","meta":[],"product_brand":[],"product_cat":[196,199],"product_tag":[198,210],"class_list":{"0":"post-75300","1":"product","2":"type-product","3":"status-publish","4":"has-post-thumbnail","6":"product_cat-grandeyarn-maccheroni","7":"product_cat-grandeyarn-maccheroni-nimata-tsantas","8":"product_tag-maccheroni","9":"product_tag-noodles","11":"first","12":"instock","13":"taxable","14":"shipping-taxable","15":"purchasable","16":"product-type-simple"},"_links":{"self":[{"href":"https:\/\/neoergoxeiro.gr\/de\/wp-json\/wp\/v2\/product\/75300","targetHints":{"allow":["GET"]}}],"collection":[{"href":"https:\/\/neoergoxeiro.gr\/de\/wp-json\/wp\/v2\/product"}],"about":[{"href":"https:\/\/neoergoxeiro.gr\/de\/wp-json\/wp\/v2\/types\/product"}],"version-history":[{"count":1,"href":"https:\/\/neoergoxeiro.gr\/de\/wp-json\/wp\/v2\/product\/75300\/revisions"}],"predecessor-version":[{"id":75304,"href":"https:\/\/neoergoxeiro.gr\/de\/wp-json\/wp\/v2\/product\/75300\/revisions\/75304"}],"wp:featuredmedia":[{"embeddable":true,"href":"https:\/\/neoergoxeiro.gr\/de\/wp-json\/wp\/v2\/media\/75303"}],"wp:attachment":[{"href":"https:\/\/neoergoxeiro.gr\/de\/wp-json\/wp\/v2\/media?parent=75300"}],"wp:term":[{"taxonomy":"product_brand","embeddable":true,"href":"https:\/\/neoergoxeiro.gr\/de\/wp-json\/wp\/v2\/product_brand?post=75300"},{"taxonomy":"product_cat","embeddable":true,"href":"https:\/\/neoergoxeiro.gr\/de\/wp-json\/wp\/v2\/product_cat?post=75300"},{"taxonomy":"product_tag","embeddable":true,"href":"https:\/\/neoergoxeiro.gr\/de\/wp-json\/wp\/v2\/product_tag?post=75300"}],"curies":[{"name":"wp","href":"https:\/\/api.w.org\/{rel}","templated":true}]}}