{"id":31566,"date":"2023-09-04T12:42:14","date_gmt":"2023-09-04T12:42:14","guid":{"rendered":"https:\/\/neoergoxeiro.gr\/?product=%ce%ba%ce%ad%ce%bd%cf%84%ce%b7%ce%bc%ce%b1-prisma-copy"},"modified":"2025-11-11T10:18:36","modified_gmt":"2025-11-11T08:18:36","slug":"%ce%ba%ce%ad%ce%bd%cf%84%ce%b7%ce%bc%ce%b1-prisma-copy","status":"publish","type":"product","link":"https:\/\/neoergoxeiro.gr\/es\/producto\/%ce%ba%ce%ad%ce%bd%cf%84%ce%b7%ce%bc%ce%b1-prisma-copy\/","title":{"rendered":"Bordado En bastidor Prisma 1,00 * 1,00 m"},"content":{"rendered":"<p>Mejore su proyecto de costura con el bastidor In Prisma de bordado estampado con dimensiones 1,00\u00d71,00m. Este bastidor est\u00e1 cosido sobre un tejido etamin macedonio en color crudo dorado, con 44 puntadas a 10 cm. El dise\u00f1o est\u00e1 estampado en el etamin, lo que facilita el bordado, con posiciones definidas para cada color. Puede utilizar bobina de tres hilos Mouline Dmc art 117 o Cotton Perle Dmc art 116. Siga las instrucciones de bordado y lavado proporcionadas para mantener la calidad de su trabajo. Renueve sus proyectos de costura con este bordado altamente decorativo.<\/p>","protected":false},"excerpt":{"rendered":"<p>Refresque su proyecto de costura con el sello de bordado de bastidor In Prisma 1,00\u00d71,00 m. Ideal para bordar f\u00e1cilmente con posiciones y direcciones de color definidas.<\/p>","protected":false},"featured_media":31567,"template":"","meta":[],"product_brand":[],"product_cat":[151],"product_tag":[],"class_list":{"0":"post-31566","1":"product","2":"type-product","3":"status-publish","4":"has-post-thumbnail","6":"product_cat-inprisma-kentimata","8":"first","9":"instock","10":"taxable","11":"shipping-taxable","12":"purchasable","13":"product-type-variable"},"_links":{"self":[{"href":"https:\/\/neoergoxeiro.gr\/es\/wp-json\/wp\/v2\/product\/31566","targetHints":{"allow":["GET"]}}],"collection":[{"href":"https:\/\/neoergoxeiro.gr\/es\/wp-json\/wp\/v2\/product"}],"about":[{"href":"https:\/\/neoergoxeiro.gr\/es\/wp-json\/wp\/v2\/types\/product"}],"version-history":[{"count":227,"href":"https:\/\/neoergoxeiro.gr\/es\/wp-json\/wp\/v2\/product\/31566\/revisions"}],"predecessor-version":[{"id":60182,"href":"https:\/\/neoergoxeiro.gr\/es\/wp-json\/wp\/v2\/product\/31566\/revisions\/60182"}],"wp:featuredmedia":[{"embeddable":true,"href":"https:\/\/neoergoxeiro.gr\/es\/wp-json\/wp\/v2\/media\/31567"}],"wp:attachment":[{"href":"https:\/\/neoergoxeiro.gr\/es\/wp-json\/wp\/v2\/media?parent=31566"}],"wp:term":[{"taxonomy":"product_brand","embeddable":true,"href":"https:\/\/neoergoxeiro.gr\/es\/wp-json\/wp\/v2\/product_brand?post=31566"},{"taxonomy":"product_cat","embeddable":true,"href":"https:\/\/neoergoxeiro.gr\/es\/wp-json\/wp\/v2\/product_cat?post=31566"},{"taxonomy":"product_tag","embeddable":true,"href":"https:\/\/neoergoxeiro.gr\/es\/wp-json\/wp\/v2\/product_tag?post=31566"}],"curies":[{"name":"wp","href":"https:\/\/api.w.org\/{rel}","templated":true}]}}