{"id":31590,"date":"2023-09-04T12:59:06","date_gmt":"2023-09-04T12:59:06","guid":{"rendered":"https:\/\/neoergoxeiro.gr\/?product=%ce%ba%ce%ad%ce%bd%cf%84%ce%b7%ce%bc%ce%b1-prisma-12"},"modified":"2025-11-11T10:18:35","modified_gmt":"2025-11-11T08:18:35","slug":"%ce%ba%ce%ad%ce%bd%cf%84%ce%b7%ce%bc%ce%b1-prisma-12","status":"publish","type":"product","link":"https:\/\/neoergoxeiro.gr\/es\/producto\/%ce%ba%ce%ad%ce%bd%cf%84%ce%b7%ce%bc%ce%b1-prisma-12\/","title":{"rendered":"Bordado En bastidor Prisma 1,00 * 1,00 m"},"content":{"rendered":"<p>Cuadrado estampado <strong>Inprism<\/strong> dimensi\u00f3n 1 * 1 metro.<\/p>\n<p>El marco est\u00e1 cosido sobre una tela - etamin macedonian ecru gold (44 ojos a 10 cm).<\/p>\n<p>El dise\u00f1o est\u00e1 estampado en la parte superior de la puntada con color, lo que facilita mucho el bordado, porque sabes exactamente d\u00f3nde se colocar\u00e1 cada color.<\/p>\n<p>Puede bordarlo con Mouline Dmc art 117 o con Cotton Perle Dmc art 116.<\/p>\n<p>Bordado - instrucciones de lavado:<\/p>\n<p>Despu\u00e9s de bordar nuestra manualidad, la lavaremos bajo el grifo de agua fr\u00eda, as\u00ed:<\/p>\n<ol>\n<li>Para eliminar los restos de color que suelen dejar las pinturas duras (burdeos - azul oscuro - negro)<\/li>\n<li>A continuaci\u00f3n, se pasan los encajes - trenzas - gasa - gasa - gasa, que tambi\u00e9n deben lavarse antes de dorar.<\/li>\n<\/ol>","protected":false},"excerpt":{"rendered":"<p>El juego completo de hilos incluye 30 piezas de Mouline a un precio de (0,80 por pieza).<\/p>\n<p>Prefiera el paquete con todos los hilos para que todos los colores sean del mismo lote para evitar alteraciones debidas a los lotes de tinte.<\/p>","protected":false},"featured_media":31591,"template":"","meta":[],"product_brand":[],"product_cat":[151],"product_tag":[],"class_list":{"0":"post-31590","1":"product","2":"type-product","3":"status-publish","4":"has-post-thumbnail","6":"product_cat-inprisma-kentimata","8":"first","9":"instock","10":"taxable","11":"shipping-taxable","12":"purchasable","13":"product-type-variable"},"_links":{"self":[{"href":"https:\/\/neoergoxeiro.gr\/es\/wp-json\/wp\/v2\/product\/31590","targetHints":{"allow":["GET"]}}],"collection":[{"href":"https:\/\/neoergoxeiro.gr\/es\/wp-json\/wp\/v2\/product"}],"about":[{"href":"https:\/\/neoergoxeiro.gr\/es\/wp-json\/wp\/v2\/types\/product"}],"version-history":[{"count":1,"href":"https:\/\/neoergoxeiro.gr\/es\/wp-json\/wp\/v2\/product\/31590\/revisions"}],"predecessor-version":[{"id":63555,"href":"https:\/\/neoergoxeiro.gr\/es\/wp-json\/wp\/v2\/product\/31590\/revisions\/63555"}],"wp:featuredmedia":[{"embeddable":true,"href":"https:\/\/neoergoxeiro.gr\/es\/wp-json\/wp\/v2\/media\/31591"}],"wp:attachment":[{"href":"https:\/\/neoergoxeiro.gr\/es\/wp-json\/wp\/v2\/media?parent=31590"}],"wp:term":[{"taxonomy":"product_brand","embeddable":true,"href":"https:\/\/neoergoxeiro.gr\/es\/wp-json\/wp\/v2\/product_brand?post=31590"},{"taxonomy":"product_cat","embeddable":true,"href":"https:\/\/neoergoxeiro.gr\/es\/wp-json\/wp\/v2\/product_cat?post=31590"},{"taxonomy":"product_tag","embeddable":true,"href":"https:\/\/neoergoxeiro.gr\/es\/wp-json\/wp\/v2\/product_tag?post=31590"}],"curies":[{"name":"wp","href":"https:\/\/api.w.org\/{rel}","templated":true}]}}