{"id":31977,"date":"2023-09-04T16:11:08","date_gmt":"2023-09-04T16:11:08","guid":{"rendered":"https:\/\/neoergoxeiro.gr\/?product=%ce%ba%ce%ad%ce%bd%cf%84%ce%b7%ce%bc%ce%b1-prisma-212"},"modified":"2025-11-10T10:28:39","modified_gmt":"2025-11-10T08:28:39","slug":"%ce%ba%ce%ad%ce%bd%cf%84%ce%b7%ce%bc%ce%b1-prisma-212","status":"publish","type":"product","link":"https:\/\/neoergoxeiro.gr\/es\/producto\/%ce%ba%ce%ad%ce%bd%cf%84%ce%b7%ce%bc%ce%b1-prisma-212\/","title":{"rendered":"Bordado InPrisma transversal 0,50 * 1,60m"},"content":{"rendered":"<p>El travesero InPrisma es la soluci\u00f3n perfecta para sus labores de costura y bordado. Fabricado en tejido etamin macedonia de alta calidad en color oro crudo con 44 puntadas a 10 cm, este travesa\u00f1o ofrece la base perfecta para el bordado. El dise\u00f1o est\u00e1 cosido en color, lo que le facilitar\u00e1 bordar con precisi\u00f3n. Puede utilizar hilo de tres cabos Mouline DMC art 117 o Cotton Perle DMC art 116 para sus bordados. Renueva la decoraci\u00f3n de tu hogar con esta preciosa colcha. Siga las instrucciones de bordado y lavado para mantener su trabajo en perfectas condiciones y disfrutar de los resultados de su creatividad durante muchos a\u00f1os.<\/p>","protected":false},"excerpt":{"rendered":"<p>Bordado InPrisma travesa\u00f1o 0,50 * 1,60m en etamin tela Macedonia con ojos de oro. Ideal para bordar con hilos Mouline DMC o Cotton Perle DMC. \u00a1Refresque su hogar con esta encantadora tela!<\/p>","protected":false},"featured_media":31978,"template":"","meta":[],"product_brand":[],"product_cat":[151,155],"product_tag":[],"class_list":{"0":"post-31977","1":"product","2":"type-product","3":"status-publish","4":"has-post-thumbnail","6":"product_cat-inprisma-kentimata","7":"product_cat-xristougenniatika-kentimata","9":"first","10":"instock","11":"taxable","12":"shipping-taxable","13":"purchasable","14":"product-type-variable"},"_links":{"self":[{"href":"https:\/\/neoergoxeiro.gr\/es\/wp-json\/wp\/v2\/product\/31977","targetHints":{"allow":["GET"]}}],"collection":[{"href":"https:\/\/neoergoxeiro.gr\/es\/wp-json\/wp\/v2\/product"}],"about":[{"href":"https:\/\/neoergoxeiro.gr\/es\/wp-json\/wp\/v2\/types\/product"}],"version-history":[{"count":4,"href":"https:\/\/neoergoxeiro.gr\/es\/wp-json\/wp\/v2\/product\/31977\/revisions"}],"predecessor-version":[{"id":60254,"href":"https:\/\/neoergoxeiro.gr\/es\/wp-json\/wp\/v2\/product\/31977\/revisions\/60254"}],"wp:featuredmedia":[{"embeddable":true,"href":"https:\/\/neoergoxeiro.gr\/es\/wp-json\/wp\/v2\/media\/31978"}],"wp:attachment":[{"href":"https:\/\/neoergoxeiro.gr\/es\/wp-json\/wp\/v2\/media?parent=31977"}],"wp:term":[{"taxonomy":"product_brand","embeddable":true,"href":"https:\/\/neoergoxeiro.gr\/es\/wp-json\/wp\/v2\/product_brand?post=31977"},{"taxonomy":"product_cat","embeddable":true,"href":"https:\/\/neoergoxeiro.gr\/es\/wp-json\/wp\/v2\/product_cat?post=31977"},{"taxonomy":"product_tag","embeddable":true,"href":"https:\/\/neoergoxeiro.gr\/es\/wp-json\/wp\/v2\/product_tag?post=31977"}],"curies":[{"name":"wp","href":"https:\/\/api.w.org\/{rel}","templated":true}]}}