{"id":32114,"date":"2023-09-05T15:22:38","date_gmt":"2023-09-05T15:22:38","guid":{"rendered":"https:\/\/neoergoxeiro.gr\/?product=%ce%bc%ce%b1%ce%be%ce%b9%ce%bb%ce%b1%cf%81%ce%ac%ce%ba%ce%b9-%ce%ba%ce%af%cf%84-4040-cm-37"},"modified":"2025-10-06T12:05:54","modified_gmt":"2025-10-06T10:05:54","slug":"%ce%bc%ce%b1%ce%be%ce%b9%ce%bb%ce%b1%cf%81%ce%ac%ce%ba%ce%b9-%ce%ba%ce%af%cf%84-4040-cm-37","status":"publish","type":"product","link":"https:\/\/neoergoxeiro.gr\/es\/producto\/%ce%bc%ce%b1%ce%be%ce%b9%ce%bb%ce%b1%cf%81%ce%ac%ce%ba%ce%b9-%ce%ba%ce%af%cf%84-4040-cm-37\/","title":{"rendered":"Kit de almohada 40*40 cm"},"content":{"rendered":"<p>El coj\u00edn kitt 40*40 cm es el complemento definitivo para su espacio. Fabricado con materiales de alta calidad, este coj\u00edn ofrece comodidad y estilo. Con un dise\u00f1o moderno que se adapta a cualquier decoraci\u00f3n, es una gran elecci\u00f3n para el sal\u00f3n, el dormitorio o incluso la oficina. Disfrute de comodidad y relajaci\u00f3n cada vez que lo utilice. Actualice su espacio con el coj\u00edn kitt de 40*40 cm y cree una atm\u00f3sfera de calidez y hospitalidad. \u00a1Consiga su propio coj\u00edn kitt hoy mismo y eleve su espacio!<\/p>","protected":false},"excerpt":{"rendered":"<p>El coj\u00edn kit de 40*40 cm es el complemento perfecto para su decoraci\u00f3n. Con una construcci\u00f3n de alta calidad y un dise\u00f1o moderno, es una opci\u00f3n ideal para su sal\u00f3n o dormitorio. Disfrute de comodidad y estilo con este coj\u00edn kit.<\/p>","protected":false},"featured_media":32115,"template":"","meta":[],"product_brand":[],"product_cat":[161],"product_tag":[],"class_list":{"0":"post-32114","1":"product","2":"type-product","3":"status-publish","4":"has-post-thumbnail","6":"product_cat-kit-kentimatos","8":"first","9":"instock","10":"taxable","11":"shipping-taxable","12":"purchasable","13":"product-type-simple"},"_links":{"self":[{"href":"https:\/\/neoergoxeiro.gr\/es\/wp-json\/wp\/v2\/product\/32114","targetHints":{"allow":["GET"]}}],"collection":[{"href":"https:\/\/neoergoxeiro.gr\/es\/wp-json\/wp\/v2\/product"}],"about":[{"href":"https:\/\/neoergoxeiro.gr\/es\/wp-json\/wp\/v2\/types\/product"}],"version-history":[{"count":99,"href":"https:\/\/neoergoxeiro.gr\/es\/wp-json\/wp\/v2\/product\/32114\/revisions"}],"predecessor-version":[{"id":54745,"href":"https:\/\/neoergoxeiro.gr\/es\/wp-json\/wp\/v2\/product\/32114\/revisions\/54745"}],"wp:featuredmedia":[{"embeddable":true,"href":"https:\/\/neoergoxeiro.gr\/es\/wp-json\/wp\/v2\/media\/32115"}],"wp:attachment":[{"href":"https:\/\/neoergoxeiro.gr\/es\/wp-json\/wp\/v2\/media?parent=32114"}],"wp:term":[{"taxonomy":"product_brand","embeddable":true,"href":"https:\/\/neoergoxeiro.gr\/es\/wp-json\/wp\/v2\/product_brand?post=32114"},{"taxonomy":"product_cat","embeddable":true,"href":"https:\/\/neoergoxeiro.gr\/es\/wp-json\/wp\/v2\/product_cat?post=32114"},{"taxonomy":"product_tag","embeddable":true,"href":"https:\/\/neoergoxeiro.gr\/es\/wp-json\/wp\/v2\/product_tag?post=32114"}],"curies":[{"name":"wp","href":"https:\/\/api.w.org\/{rel}","templated":true}]}}