{"id":33158,"date":"2023-09-06T16:50:54","date_gmt":"2023-09-06T16:50:54","guid":{"rendered":"https:\/\/neoergoxeiro.gr\/?product=%ce%ba%ce%ad%ce%bd%cf%84%ce%b7%ce%bc%ce%b1-pero"},"modified":"2025-11-11T10:18:28","modified_gmt":"2025-11-11T08:18:28","slug":"%ce%ba%ce%ad%ce%bd%cf%84%ce%b7%ce%bc%ce%b1-pero","status":"publish","type":"product","link":"https:\/\/neoergoxeiro.gr\/es\/producto\/%ce%ba%ce%ad%ce%bd%cf%84%ce%b7%ce%bc%ce%b1-pero\/","title":{"rendered":"Bordado Pero Semen 0.30 * 0.90"},"content":{"rendered":"<p>Pero Semen 0,30 * 0,90 es ideal para bordadoras expertas que buscan calidad y facilidad en la costura a mano. El dise\u00f1o estampado sobre tejido de chenilla dorado crudo ofrece 40 puntadas a 10 cm, mientras que el dise\u00f1o fijo sobre el etamin hace que bordar sea coser y cantar. Puede utilizar Mouline Dmc art 117 de tres cabos o Mouline Dmc art 115 de algod\u00f3n perl\u00e9 para obtener excelentes resultados. Siga las instrucciones de lavado para una conservaci\u00f3n duradera sin restos de color ni alteraci\u00f3n de los hilos. Renueve su decoraci\u00f3n con este sofisticado bordado Pero Semen 0,30 * 0,90 y cree joyas \u00fanicas hechas a mano que destacar\u00e1n.<\/p>","protected":false},"excerpt":{"rendered":"<p>Bordado Pero Semen 0.30 * 0.90 - Dise\u00f1o de bordado en tejido crudo dorado, ideal para bordar con hilos de tres cabos o de canilla Dmc art 117 o 115. Disfrute de un bordado f\u00e1cil con colores estables e instrucciones de lavado para una conservaci\u00f3n a largo plazo.<\/p>","protected":false},"featured_media":68757,"template":"","meta":[],"product_brand":[],"product_cat":[150],"product_tag":[],"class_list":{"0":"post-33158","1":"product","2":"type-product","3":"status-publish","4":"has-post-thumbnail","6":"product_cat-pero-kentimata","8":"first","9":"instock","10":"taxable","11":"shipping-taxable","12":"purchasable","13":"product-type-variable"},"_links":{"self":[{"href":"https:\/\/neoergoxeiro.gr\/es\/wp-json\/wp\/v2\/product\/33158","targetHints":{"allow":["GET"]}}],"collection":[{"href":"https:\/\/neoergoxeiro.gr\/es\/wp-json\/wp\/v2\/product"}],"about":[{"href":"https:\/\/neoergoxeiro.gr\/es\/wp-json\/wp\/v2\/types\/product"}],"version-history":[{"count":14,"href":"https:\/\/neoergoxeiro.gr\/es\/wp-json\/wp\/v2\/product\/33158\/revisions"}],"predecessor-version":[{"id":60092,"href":"https:\/\/neoergoxeiro.gr\/es\/wp-json\/wp\/v2\/product\/33158\/revisions\/60092"}],"wp:featuredmedia":[{"embeddable":true,"href":"https:\/\/neoergoxeiro.gr\/es\/wp-json\/wp\/v2\/media\/68757"}],"wp:attachment":[{"href":"https:\/\/neoergoxeiro.gr\/es\/wp-json\/wp\/v2\/media?parent=33158"}],"wp:term":[{"taxonomy":"product_brand","embeddable":true,"href":"https:\/\/neoergoxeiro.gr\/es\/wp-json\/wp\/v2\/product_brand?post=33158"},{"taxonomy":"product_cat","embeddable":true,"href":"https:\/\/neoergoxeiro.gr\/es\/wp-json\/wp\/v2\/product_cat?post=33158"},{"taxonomy":"product_tag","embeddable":true,"href":"https:\/\/neoergoxeiro.gr\/es\/wp-json\/wp\/v2\/product_tag?post=33158"}],"curies":[{"name":"wp","href":"https:\/\/api.w.org\/{rel}","templated":true}]}}