{"id":33163,"date":"2023-09-07T13:54:53","date_gmt":"2023-09-07T13:54:53","guid":{"rendered":"https:\/\/neoergoxeiro.gr\/?product=%ce%ba%ce%ad%ce%bd%cf%84%ce%b7%ce%bc%ce%b1-pero-3"},"modified":"2025-11-11T10:18:28","modified_gmt":"2025-11-11T08:18:28","slug":"%ce%ba%ce%ad%ce%bd%cf%84%ce%b7%ce%bc%ce%b1-pero-3","status":"publish","type":"product","link":"https:\/\/neoergoxeiro.gr\/es\/producto\/%ce%ba%ce%ad%ce%bd%cf%84%ce%b7%ce%bc%ce%b1-pero-3\/","title":{"rendered":"Bordado Pero marco 1.00 * 1.00 m"},"content":{"rendered":"<p>El bastidor de bordado Pero 1,00 * 1,00 m es la elecci\u00f3n perfecta para los amantes de la costura artesanal. Este dise\u00f1o estampado sobre tejido crudo dorado ofrece un proceso de bordado sencillo, con el dise\u00f1o etaminado en la parte superior, lo que lo hace comprensible para cualquier color. Puede utilizar Mouline Dmc art 117 o Cotton Perle Dmc art 115 de tres cabos para el bordado. Siguiendo las instrucciones de lavado, mantendr\u00e1 su bordado inalterado. Consiga hoy mismo su bordado con bastidor Pero y cree bordados \u00fanicos con estilo y facilidad.<\/p>","protected":false},"excerpt":{"rendered":"<p>Consiga el bastidor de bordado Pero de 1,00 * 1,00 m para bordar f\u00e1cilmente con estilo. Tela de bordado en oro crudo, ideal para todas las t\u00e9cnicas de bordado.<\/p>","protected":false},"featured_media":68897,"template":"","meta":[],"product_brand":[],"product_cat":[150],"product_tag":[],"class_list":{"0":"post-33163","1":"product","2":"type-product","3":"status-publish","4":"has-post-thumbnail","6":"product_cat-pero-kentimata","8":"first","9":"instock","10":"taxable","11":"shipping-taxable","12":"purchasable","13":"product-type-variable"},"_links":{"self":[{"href":"https:\/\/neoergoxeiro.gr\/es\/wp-json\/wp\/v2\/product\/33163","targetHints":{"allow":["GET"]}}],"collection":[{"href":"https:\/\/neoergoxeiro.gr\/es\/wp-json\/wp\/v2\/product"}],"about":[{"href":"https:\/\/neoergoxeiro.gr\/es\/wp-json\/wp\/v2\/types\/product"}],"version-history":[{"count":74,"href":"https:\/\/neoergoxeiro.gr\/es\/wp-json\/wp\/v2\/product\/33163\/revisions"}],"predecessor-version":[{"id":60527,"href":"https:\/\/neoergoxeiro.gr\/es\/wp-json\/wp\/v2\/product\/33163\/revisions\/60527"}],"wp:featuredmedia":[{"embeddable":true,"href":"https:\/\/neoergoxeiro.gr\/es\/wp-json\/wp\/v2\/media\/68897"}],"wp:attachment":[{"href":"https:\/\/neoergoxeiro.gr\/es\/wp-json\/wp\/v2\/media?parent=33163"}],"wp:term":[{"taxonomy":"product_brand","embeddable":true,"href":"https:\/\/neoergoxeiro.gr\/es\/wp-json\/wp\/v2\/product_brand?post=33163"},{"taxonomy":"product_cat","embeddable":true,"href":"https:\/\/neoergoxeiro.gr\/es\/wp-json\/wp\/v2\/product_cat?post=33163"},{"taxonomy":"product_tag","embeddable":true,"href":"https:\/\/neoergoxeiro.gr\/es\/wp-json\/wp\/v2\/product_tag?post=33163"}],"curies":[{"name":"wp","href":"https:\/\/api.w.org\/{rel}","templated":true}]}}