{"id":33185,"date":"2023-09-07T14:06:59","date_gmt":"2023-09-07T14:06:59","guid":{"rendered":"https:\/\/neoergoxeiro.gr\/?product=%ce%ba%ce%ad%ce%bd%cf%84%ce%b7%ce%bc%ce%b1-pero-14"},"modified":"2025-11-11T10:18:28","modified_gmt":"2025-11-11T08:18:28","slug":"%ce%ba%ce%ad%ce%bd%cf%84%ce%b7%ce%bc%ce%b1-pero-14","status":"publish","type":"product","link":"https:\/\/neoergoxeiro.gr\/es\/producto\/%ce%ba%ce%ad%ce%bd%cf%84%ce%b7%ce%bc%ce%b1-pero-14\/","title":{"rendered":"Bordado Pero travesa\u00f1o 0,30 * 1,20 m"},"content":{"rendered":"<p>El travesa\u00f1o bordado Pero de 0,30 x 1,20 metros es ideal para refrescar su sal\u00f3n con estilo. El dise\u00f1o est\u00e1 cosido sobre un tejido de nudos de color crudo dorado, con 40 puntadas cada 10 cm. La etamina utilizada determina con precisi\u00f3n la ubicaci\u00f3n de cada color, haciendo que el bordado sea f\u00e1cil y agradable. Para el bordado puede utilizar la puntada de tres hilos Mouline Dmc art 117 o Cotton Perle Dmc art 115. Una vez terminado el bordado, lave la labor con agua corriente fr\u00eda para eliminar los restos de color y estabilizar los tintes del hilo. Renueve su sal\u00f3n con esta encantadora m\u00e1quina Pero y cree bordados \u00fanicos que impresionar\u00e1n. \u00a1Descubra el arte de coser con Pero!<\/p>","protected":false},"excerpt":{"rendered":"<p>La cruz para bordar Pero en dimensiones 0,30 x 1,20 m. Ideal para bordar con Mouline Dmc o Cotton Perle Dmc. Refresque su hogar con este dise\u00f1o \u00fanico en tejido de nudo de oro crudo.<\/p>","protected":false},"featured_media":68742,"template":"","meta":[],"product_brand":[],"product_cat":[150],"product_tag":[],"class_list":{"0":"post-33185","1":"product","2":"type-product","3":"status-publish","4":"has-post-thumbnail","6":"product_cat-pero-kentimata","8":"first","9":"instock","10":"taxable","11":"shipping-taxable","12":"purchasable","13":"product-type-variable"},"_links":{"self":[{"href":"https:\/\/neoergoxeiro.gr\/es\/wp-json\/wp\/v2\/product\/33185","targetHints":{"allow":["GET"]}}],"collection":[{"href":"https:\/\/neoergoxeiro.gr\/es\/wp-json\/wp\/v2\/product"}],"about":[{"href":"https:\/\/neoergoxeiro.gr\/es\/wp-json\/wp\/v2\/types\/product"}],"version-history":[{"count":16,"href":"https:\/\/neoergoxeiro.gr\/es\/wp-json\/wp\/v2\/product\/33185\/revisions"}],"predecessor-version":[{"id":60272,"href":"https:\/\/neoergoxeiro.gr\/es\/wp-json\/wp\/v2\/product\/33185\/revisions\/60272"}],"wp:featuredmedia":[{"embeddable":true,"href":"https:\/\/neoergoxeiro.gr\/es\/wp-json\/wp\/v2\/media\/68742"}],"wp:attachment":[{"href":"https:\/\/neoergoxeiro.gr\/es\/wp-json\/wp\/v2\/media?parent=33185"}],"wp:term":[{"taxonomy":"product_brand","embeddable":true,"href":"https:\/\/neoergoxeiro.gr\/es\/wp-json\/wp\/v2\/product_brand?post=33185"},{"taxonomy":"product_cat","embeddable":true,"href":"https:\/\/neoergoxeiro.gr\/es\/wp-json\/wp\/v2\/product_cat?post=33185"},{"taxonomy":"product_tag","embeddable":true,"href":"https:\/\/neoergoxeiro.gr\/es\/wp-json\/wp\/v2\/product_tag?post=33185"}],"curies":[{"name":"wp","href":"https:\/\/api.w.org\/{rel}","templated":true}]}}