{"id":33212,"date":"2023-09-07T14:17:54","date_gmt":"2023-09-07T14:17:54","guid":{"rendered":"https:\/\/neoergoxeiro.gr\/?product=%ce%ba%ce%ad%ce%bd%cf%84%ce%b7%ce%bc%ce%b1-pero-27"},"modified":"2025-11-11T10:18:27","modified_gmt":"2025-11-11T08:18:27","slug":"%ce%ba%ce%ad%ce%bd%cf%84%ce%b7%ce%bc%ce%b1-pero-27","status":"publish","type":"product","link":"https:\/\/neoergoxeiro.gr\/es\/producto\/%ce%ba%ce%ad%ce%bd%cf%84%ce%b7%ce%bc%ce%b1-pero-27\/","title":{"rendered":"Bordado Pero marco 1.00 * 1.00 m"},"content":{"rendered":"<p>Estampado <strong>Pero\u00a0<\/strong><\/p>\n<p>El bordado est\u00e1 cosido sobre un tejido - tela crudo dorado (40 ojos a 10 cm).<\/p>\n<p>El dise\u00f1o est\u00e1 estampado en la parte superior de la puntada con color, lo que facilita mucho el bordado, porque sabes exactamente d\u00f3nde se colocar\u00e1 cada color.<\/p>\n<p>Puede bordarlo con Mouline Dmc art 117 o con Cotton Perle Dmc art 115.<\/p>\n<p>Bordado - instrucciones de lavado:<\/p>\n<p>Despu\u00e9s de bordar nuestra manualidad, la lavaremos bajo el grifo de agua fr\u00eda, as\u00ed:<\/p>\n<ol>\n<li>Para eliminar los restos de color que suelen dejar las pinturas duras (burdeos - azul oscuro - negro)<\/li>\n<li>A continuaci\u00f3n, se pasan los encajes - trenzas - gasa - gasa - gasa, que tambi\u00e9n deben lavarse antes de dorar.<\/li>\n<\/ol>","protected":false},"excerpt":{"rendered":"<p>El juego de hilo completo incluye 28 piezas de Mouline a un precio de (0,80 por pieza).<\/p>\n<p>Prefiera el paquete con todos los hilos para que todos los colores sean del mismo lote para evitar alteraciones debidas a los lotes de tinte.<\/p>","protected":false},"featured_media":0,"template":"","meta":[],"product_brand":[],"product_cat":[150],"product_tag":[],"class_list":{"0":"post-33212","1":"product","2":"type-product","3":"status-publish","5":"product_cat-pero-kentimata","7":"first","8":"instock","9":"taxable","10":"shipping-taxable","11":"purchasable","12":"product-type-variable"},"_links":{"self":[{"href":"https:\/\/neoergoxeiro.gr\/es\/wp-json\/wp\/v2\/product\/33212","targetHints":{"allow":["GET"]}}],"collection":[{"href":"https:\/\/neoergoxeiro.gr\/es\/wp-json\/wp\/v2\/product"}],"about":[{"href":"https:\/\/neoergoxeiro.gr\/es\/wp-json\/wp\/v2\/types\/product"}],"version-history":[{"count":1,"href":"https:\/\/neoergoxeiro.gr\/es\/wp-json\/wp\/v2\/product\/33212\/revisions"}],"predecessor-version":[{"id":67612,"href":"https:\/\/neoergoxeiro.gr\/es\/wp-json\/wp\/v2\/product\/33212\/revisions\/67612"}],"wp:attachment":[{"href":"https:\/\/neoergoxeiro.gr\/es\/wp-json\/wp\/v2\/media?parent=33212"}],"wp:term":[{"taxonomy":"product_brand","embeddable":true,"href":"https:\/\/neoergoxeiro.gr\/es\/wp-json\/wp\/v2\/product_brand?post=33212"},{"taxonomy":"product_cat","embeddable":true,"href":"https:\/\/neoergoxeiro.gr\/es\/wp-json\/wp\/v2\/product_cat?post=33212"},{"taxonomy":"product_tag","embeddable":true,"href":"https:\/\/neoergoxeiro.gr\/es\/wp-json\/wp\/v2\/product_tag?post=33212"}],"curies":[{"name":"wp","href":"https:\/\/api.w.org\/{rel}","templated":true}]}}