{"id":33214,"date":"2023-09-07T14:18:46","date_gmt":"2023-09-07T14:18:46","guid":{"rendered":"https:\/\/neoergoxeiro.gr\/?product=%ce%ba%ce%ad%ce%bd%cf%84%ce%b7%ce%bc%ce%b1-pero-28"},"modified":"2025-11-11T10:18:27","modified_gmt":"2025-11-11T08:18:27","slug":"%ce%ba%ce%ad%ce%bd%cf%84%ce%b7%ce%bc%ce%b1-pero-28","status":"publish","type":"product","link":"https:\/\/neoergoxeiro.gr\/es\/producto\/%ce%ba%ce%ad%ce%bd%cf%84%ce%b7%ce%bc%ce%b1-pero-28\/","title":{"rendered":"Bordado Pero Semen 0.26 * 0.90"},"content":{"rendered":"<p>El bordado Pero Semen 0.26 * 0.90 es un bordado estampado en tejido crudo dorado con 40 ojos a 10 cm. El dise\u00f1o est\u00e1 en el etamin con puntada de color, lo que hace que sea f\u00e1cil de bordar, donde se sabe d\u00f3nde ir\u00e1 cada color. Puede bordarlo con una puntada Mouline Dmc art 117 de tres hilos o con una puntada Cotton Perle Dmc art 115. Siguiendo las instrucciones de bordado y lavado, mantendr\u00e1 la calidad del bordado y evitar\u00e1 cualquier rastro de pintura de colores fuertes. Disfrute tambi\u00e9n de la estabilidad de los tintes de los hilos y de la facilidad de aplicaci\u00f3n de los encajes, mechones, cernidores y fases, que deben lavarse antes de dorar. Descubra el arte del bordado con Pero Semen y cree piezas \u00fanicas hechas a mano.<\/p>","protected":false},"excerpt":{"rendered":"<p>Bordado Pero Semen 0.26 * 0.90 - Bordado en punto de cruz sobre tejido crudo dorado, f\u00e1cil de bordar con instrucciones de lavado. Ideal para bordar con Mouline Dmc o Cotton Perle Dmc.<\/p>","protected":false},"featured_media":68546,"template":"","meta":[],"product_brand":[],"product_cat":[150],"product_tag":[],"class_list":{"0":"post-33214","1":"product","2":"type-product","3":"status-publish","4":"has-post-thumbnail","6":"product_cat-pero-kentimata","8":"first","9":"instock","10":"taxable","11":"shipping-taxable","12":"purchasable","13":"product-type-variable"},"_links":{"self":[{"href":"https:\/\/neoergoxeiro.gr\/es\/wp-json\/wp\/v2\/product\/33214","targetHints":{"allow":["GET"]}}],"collection":[{"href":"https:\/\/neoergoxeiro.gr\/es\/wp-json\/wp\/v2\/product"}],"about":[{"href":"https:\/\/neoergoxeiro.gr\/es\/wp-json\/wp\/v2\/types\/product"}],"version-history":[{"count":2,"href":"https:\/\/neoergoxeiro.gr\/es\/wp-json\/wp\/v2\/product\/33214\/revisions"}],"predecessor-version":[{"id":60108,"href":"https:\/\/neoergoxeiro.gr\/es\/wp-json\/wp\/v2\/product\/33214\/revisions\/60108"}],"wp:featuredmedia":[{"embeddable":true,"href":"https:\/\/neoergoxeiro.gr\/es\/wp-json\/wp\/v2\/media\/68546"}],"wp:attachment":[{"href":"https:\/\/neoergoxeiro.gr\/es\/wp-json\/wp\/v2\/media?parent=33214"}],"wp:term":[{"taxonomy":"product_brand","embeddable":true,"href":"https:\/\/neoergoxeiro.gr\/es\/wp-json\/wp\/v2\/product_brand?post=33214"},{"taxonomy":"product_cat","embeddable":true,"href":"https:\/\/neoergoxeiro.gr\/es\/wp-json\/wp\/v2\/product_cat?post=33214"},{"taxonomy":"product_tag","embeddable":true,"href":"https:\/\/neoergoxeiro.gr\/es\/wp-json\/wp\/v2\/product_tag?post=33214"}],"curies":[{"name":"wp","href":"https:\/\/api.w.org\/{rel}","templated":true}]}}