{"id":33363,"date":"2023-09-07T15:48:28","date_gmt":"2023-09-07T15:48:28","guid":{"rendered":"https:\/\/neoergoxeiro.gr\/?product=%ce%ba%ce%ad%ce%bd%cf%84%ce%b7%ce%bc%ce%b1-pero-102"},"modified":"2025-11-11T10:18:26","modified_gmt":"2025-11-11T08:18:26","slug":"%ce%ba%ce%ad%ce%bd%cf%84%ce%b7%ce%bc%ce%b1-pero-102","status":"publish","type":"product","link":"https:\/\/neoergoxeiro.gr\/es\/producto\/%ce%ba%ce%ad%ce%bd%cf%84%ce%b7%ce%bc%ce%b1-pero-102\/","title":{"rendered":"Manta infantil Pero 1,00 * 1,20"},"content":{"rendered":"<p><strong>Manta acolchada Pero\u00a0<\/strong><\/p>\n<p>La manta est\u00e1 cosida sobre una tela blanca - mat<\/p>\n<p>El dise\u00f1o est\u00e1 estampado en la parte superior de la puntada con color, lo que facilita mucho el bordado, porque sabes exactamente d\u00f3nde se colocar\u00e1 cada color.<\/p>\n<p>Puede bordarlo con Mouline Dmc art 117 (quiz\u00e1s incluso toda la pieza dependiendo de c\u00f3mo lo bordes y el resultado que quieras) o bien con Cotton Perle Dmc art 115.<br \/>\nUna idea muy bonita para hacer tu propia manta de beb\u00e9 para el cochecito, la cuna o la cuna.<br \/>\nTambi\u00e9n disponemos de una gama de materiales para decorarlo y doblarlo - pon\u00e9rselo (Tras una llamada telef\u00f3nica).<\/p>\n<p>Bordado - instrucciones de lavado:<\/p>\n<p>Despu\u00e9s de bordar nuestra manualidad, la lavaremos bajo el grifo de agua fr\u00eda, as\u00ed:<\/p>\n<ol>\n<li>Para eliminar los restos de color que suelen dejar las pinturas duras (burdeos - azul oscuro - negro)<\/li>\n<li>A continuaci\u00f3n, se pasan los encajes - trenzas - gasa - gasa - gasa, que tambi\u00e9n deben lavarse antes de dorar.<\/li>\n<\/ol>","protected":false},"excerpt":{"rendered":"<p>El juego de hilo completo incluye 20 piezas de Mouline a un precio de (0,80 por pieza).<\/p>\n<p>Prefiera el paquete con todos los hilos para que todos los colores sean del mismo lote para evitar alteraciones debidas a los lotes de tinte.<\/p>","protected":false},"featured_media":0,"template":"","meta":[],"product_brand":[],"product_cat":[170],"product_tag":[],"class_list":{"0":"post-33363","1":"product","2":"type-product","3":"status-publish","5":"product_cat-kouvertoules-pedikes","7":"first","8":"instock","9":"taxable","10":"shipping-taxable","11":"purchasable","12":"product-type-variable"},"_links":{"self":[{"href":"https:\/\/neoergoxeiro.gr\/es\/wp-json\/wp\/v2\/product\/33363","targetHints":{"allow":["GET"]}}],"collection":[{"href":"https:\/\/neoergoxeiro.gr\/es\/wp-json\/wp\/v2\/product"}],"about":[{"href":"https:\/\/neoergoxeiro.gr\/es\/wp-json\/wp\/v2\/types\/product"}],"version-history":[{"count":1,"href":"https:\/\/neoergoxeiro.gr\/es\/wp-json\/wp\/v2\/product\/33363\/revisions"}],"predecessor-version":[{"id":66574,"href":"https:\/\/neoergoxeiro.gr\/es\/wp-json\/wp\/v2\/product\/33363\/revisions\/66574"}],"wp:attachment":[{"href":"https:\/\/neoergoxeiro.gr\/es\/wp-json\/wp\/v2\/media?parent=33363"}],"wp:term":[{"taxonomy":"product_brand","embeddable":true,"href":"https:\/\/neoergoxeiro.gr\/es\/wp-json\/wp\/v2\/product_brand?post=33363"},{"taxonomy":"product_cat","embeddable":true,"href":"https:\/\/neoergoxeiro.gr\/es\/wp-json\/wp\/v2\/product_cat?post=33363"},{"taxonomy":"product_tag","embeddable":true,"href":"https:\/\/neoergoxeiro.gr\/es\/wp-json\/wp\/v2\/product_tag?post=33363"}],"curies":[{"name":"wp","href":"https:\/\/api.w.org\/{rel}","templated":true}]}}