{"id":35935,"date":"2023-09-14T12:30:30","date_gmt":"2023-09-14T12:30:30","guid":{"rendered":"https:\/\/neoergoxeiro.gr\/?product=%ce%ba%ce%ad%ce%bd%cf%84%ce%b7%ce%bc%ce%b1-gobeli-89"},"modified":"2025-11-11T10:18:23","modified_gmt":"2025-11-11T08:18:23","slug":"%ce%ba%ce%ad%ce%bd%cf%84%ce%b7%ce%bc%ce%b1-gobeli-89","status":"publish","type":"product","link":"https:\/\/neoergoxeiro.gr\/es\/producto\/%ce%ba%ce%ad%ce%bd%cf%84%ce%b7%ce%bc%ce%b1-gobeli-89\/","title":{"rendered":"Gobelino bordado 0,60 * 0,80"},"content":{"rendered":"<p><strong>Bordado Gobelino<\/strong><\/p>\n<p>Las pinturas est\u00e1n estampadas sobre lienzo en caqui N8 o N7 seg\u00fan el dise\u00f1o, con color para facilitar el bordado.<\/p>\n<p>Puede bordarlo con Mouline Dmc art 117 o bien con Cotton Perle Dmc art 115 (cable).<\/p>\n<p>Bordado - instrucciones de lavado:<\/p>\n<p>Despu\u00e9s de bordar nuestra manualidad, la lavaremos bajo el grifo de agua fr\u00eda, as\u00ed:<\/p>\n<ol>\n<li>Para eliminar los restos de color que suelen dejar las pinturas duras (burdeos - azul oscuro - negro)<\/li>\n<li>Para estabilizar mejor los tintes de los hilos. A continuaci\u00f3n, pasar cualquier encaje - trenzas - chintz - gasa - gasa, que tambi\u00e9n se debe lavar antes de dorar.<\/li>\n<\/ol>","protected":false},"excerpt":{"rendered":"<p>El juego de hilo completo incluye 48 piezas de Mouline a un precio de (0,80 por pieza).<\/p>\n<p>Prefiera el paquete con todos los hilos para que todos los colores sean del mismo lote para evitar alteraciones debidas a los lotes de tinte.<\/p>\n<div class=\"urun_yazi\" align=\"center\">\n<p>&nbsp;<\/p>\n<\/div>","protected":false},"featured_media":35936,"template":"","meta":[],"product_brand":[],"product_cat":[153],"product_tag":[],"class_list":{"0":"post-35935","1":"product","2":"type-product","3":"status-publish","4":"has-post-thumbnail","6":"product_cat-gobelin-kentimata","8":"first","9":"instock","10":"taxable","11":"shipping-taxable","12":"purchasable","13":"product-type-variable"},"_links":{"self":[{"href":"https:\/\/neoergoxeiro.gr\/es\/wp-json\/wp\/v2\/product\/35935","targetHints":{"allow":["GET"]}}],"collection":[{"href":"https:\/\/neoergoxeiro.gr\/es\/wp-json\/wp\/v2\/product"}],"about":[{"href":"https:\/\/neoergoxeiro.gr\/es\/wp-json\/wp\/v2\/types\/product"}],"version-history":[{"count":1,"href":"https:\/\/neoergoxeiro.gr\/es\/wp-json\/wp\/v2\/product\/35935\/revisions"}],"predecessor-version":[{"id":66004,"href":"https:\/\/neoergoxeiro.gr\/es\/wp-json\/wp\/v2\/product\/35935\/revisions\/66004"}],"wp:featuredmedia":[{"embeddable":true,"href":"https:\/\/neoergoxeiro.gr\/es\/wp-json\/wp\/v2\/media\/35936"}],"wp:attachment":[{"href":"https:\/\/neoergoxeiro.gr\/es\/wp-json\/wp\/v2\/media?parent=35935"}],"wp:term":[{"taxonomy":"product_brand","embeddable":true,"href":"https:\/\/neoergoxeiro.gr\/es\/wp-json\/wp\/v2\/product_brand?post=35935"},{"taxonomy":"product_cat","embeddable":true,"href":"https:\/\/neoergoxeiro.gr\/es\/wp-json\/wp\/v2\/product_cat?post=35935"},{"taxonomy":"product_tag","embeddable":true,"href":"https:\/\/neoergoxeiro.gr\/es\/wp-json\/wp\/v2\/product_tag?post=35935"}],"curies":[{"name":"wp","href":"https:\/\/api.w.org\/{rel}","templated":true}]}}