{"id":36977,"date":"2023-09-18T16:16:15","date_gmt":"2023-09-18T16:16:15","guid":{"rendered":"https:\/\/neoergoxeiro.gr\/?product=%ce%ba%ce%ad%ce%bd%cf%84%ce%b7%ce%bc%ce%b1-gobelin-235"},"modified":"2025-11-11T10:18:13","modified_gmt":"2025-11-11T08:18:13","slug":"%ce%ba%ce%ad%ce%bd%cf%84%ce%b7%ce%bc%ce%b1-gobelin-235","status":"publish","type":"product","link":"https:\/\/neoergoxeiro.gr\/es\/producto\/%ce%ba%ce%ad%ce%bd%cf%84%ce%b7%ce%bc%ce%b1-gobelin-235\/","title":{"rendered":"Bordado Gobelin 0.60 * 1.00"},"content":{"rendered":"<p>El bordado Gobelin 0,60 * 1,00 es la adici\u00f3n perfecta a su espacio. Esta mesa de costura \u00fanica cuenta con un dise\u00f1o sofisticado que impresionar\u00e1. Elaborado con atenci\u00f3n al detalle, el bordado Gobelin ofrece una belleza atemporal y un estilo \u00fanico. Perfecta para decorar salones, dormitorios, oficinas y otros espacios, esta mesa dar\u00e1 una sensaci\u00f3n de lujo y elegancia. Actualice su espacio con el bordado Gobelin de 0,60*1,00 y disfrute de una pieza de arte \u00fanica que le acompa\u00f1ar\u00e1 durante a\u00f1os.<\/p>","protected":false},"excerpt":{"rendered":"<p>\u00a1Refresque su espacio con el bordado Gobelin 0,60 * 1,00! Mesa de costura \u00fanica con un dise\u00f1o sofisticado, ideal para decoraci\u00f3n y manualidades creativas.<\/p>","protected":false},"featured_media":36978,"template":"","meta":[],"product_brand":[],"product_cat":[153],"product_tag":[],"class_list":{"0":"post-36977","1":"product","2":"type-product","3":"status-publish","4":"has-post-thumbnail","6":"product_cat-gobelin-kentimata","8":"first","9":"instock","10":"taxable","11":"shipping-taxable","12":"purchasable","13":"product-type-variable"},"_links":{"self":[{"href":"https:\/\/neoergoxeiro.gr\/es\/wp-json\/wp\/v2\/product\/36977","targetHints":{"allow":["GET"]}}],"collection":[{"href":"https:\/\/neoergoxeiro.gr\/es\/wp-json\/wp\/v2\/product"}],"about":[{"href":"https:\/\/neoergoxeiro.gr\/es\/wp-json\/wp\/v2\/types\/product"}],"version-history":[{"count":3,"href":"https:\/\/neoergoxeiro.gr\/es\/wp-json\/wp\/v2\/product\/36977\/revisions"}],"predecessor-version":[{"id":60349,"href":"https:\/\/neoergoxeiro.gr\/es\/wp-json\/wp\/v2\/product\/36977\/revisions\/60349"}],"wp:featuredmedia":[{"embeddable":true,"href":"https:\/\/neoergoxeiro.gr\/es\/wp-json\/wp\/v2\/media\/36978"}],"wp:attachment":[{"href":"https:\/\/neoergoxeiro.gr\/es\/wp-json\/wp\/v2\/media?parent=36977"}],"wp:term":[{"taxonomy":"product_brand","embeddable":true,"href":"https:\/\/neoergoxeiro.gr\/es\/wp-json\/wp\/v2\/product_brand?post=36977"},{"taxonomy":"product_cat","embeddable":true,"href":"https:\/\/neoergoxeiro.gr\/es\/wp-json\/wp\/v2\/product_cat?post=36977"},{"taxonomy":"product_tag","embeddable":true,"href":"https:\/\/neoergoxeiro.gr\/es\/wp-json\/wp\/v2\/product_tag?post=36977"}],"curies":[{"name":"wp","href":"https:\/\/api.w.org\/{rel}","templated":true}]}}