{"id":37527,"date":"2023-10-05T10:43:14","date_gmt":"2023-10-05T10:43:14","guid":{"rendered":"https:\/\/neoergoxeiro.gr\/?product=utensilo-needlework-roll-thimbles"},"modified":"2025-10-12T14:26:52","modified_gmt":"2025-10-12T12:26:52","slug":"utensilo-needlework-roll-thimbles","status":"publish","type":"product","link":"https:\/\/neoergoxeiro.gr\/es\/producto\/utensilo-needlework-roll-thimbles\/","title":{"rendered":"Herramienta de bordado en rollo Dedales"},"content":{"rendered":"<p>El rodillo para bordar Thimbles Tool es un accesorio esencial para cualquier aficionado a la costura y el bordado. Mantenga sus dedos limpios y protegidos durante el proceso de costura creativa. Fabricado con tejido resistente que garantiza una larga duraci\u00f3n y protecci\u00f3n para sus herramientas. Con los Dedales, organizar sus herramientas resulta f\u00e1cil y acceder a ellas al instante. Disfrute del proceso creativo con comodidad y organizaci\u00f3n, sin interrupciones. Descubra la comodidad y practicidad que le ofrece Thimbles y eleve su artesan\u00eda. Ideal para costureras y bordadoras aficionadas y profesionales.<\/p>","protected":false},"excerpt":{"rendered":"<p>Los dedales son la herramienta ideal para coser y bordar. Mantenga sus bordados organizados y f\u00e1cilmente accesibles con este rollo de herramientas. Perfecto para cualquier aficionado a las manualidades.<\/p>","protected":false},"featured_media":37528,"template":"","meta":[],"product_brand":[],"product_cat":[84],"product_tag":[],"class_list":{"0":"post-37527","1":"product","2":"type-product","3":"status-publish","4":"has-post-thumbnail","6":"product_cat-ergaleia-kentimatos","8":"first","9":"instock","10":"taxable","11":"shipping-taxable","12":"purchasable","13":"product-type-simple"},"_links":{"self":[{"href":"https:\/\/neoergoxeiro.gr\/es\/wp-json\/wp\/v2\/product\/37527","targetHints":{"allow":["GET"]}}],"collection":[{"href":"https:\/\/neoergoxeiro.gr\/es\/wp-json\/wp\/v2\/product"}],"about":[{"href":"https:\/\/neoergoxeiro.gr\/es\/wp-json\/wp\/v2\/types\/product"}],"version-history":[{"count":1,"href":"https:\/\/neoergoxeiro.gr\/es\/wp-json\/wp\/v2\/product\/37527\/revisions"}],"predecessor-version":[{"id":57607,"href":"https:\/\/neoergoxeiro.gr\/es\/wp-json\/wp\/v2\/product\/37527\/revisions\/57607"}],"wp:featuredmedia":[{"embeddable":true,"href":"https:\/\/neoergoxeiro.gr\/es\/wp-json\/wp\/v2\/media\/37528"}],"wp:attachment":[{"href":"https:\/\/neoergoxeiro.gr\/es\/wp-json\/wp\/v2\/media?parent=37527"}],"wp:term":[{"taxonomy":"product_brand","embeddable":true,"href":"https:\/\/neoergoxeiro.gr\/es\/wp-json\/wp\/v2\/product_brand?post=37527"},{"taxonomy":"product_cat","embeddable":true,"href":"https:\/\/neoergoxeiro.gr\/es\/wp-json\/wp\/v2\/product_cat?post=37527"},{"taxonomy":"product_tag","embeddable":true,"href":"https:\/\/neoergoxeiro.gr\/es\/wp-json\/wp\/v2\/product_tag?post=37527"}],"curies":[{"name":"wp","href":"https:\/\/api.w.org\/{rel}","templated":true}]}}