{"id":38499,"date":"2023-10-10T11:19:02","date_gmt":"2023-10-10T11:19:02","guid":{"rendered":"https:\/\/neoergoxeiro.gr\/?product=spare-bulbs-for-illuminated-magnifying-glasses"},"modified":"2025-10-12T14:32:56","modified_gmt":"2025-10-12T12:32:56","slug":"spare-bulbs-for-illuminated-magnifying-glasses","status":"publish","type":"product","link":"https:\/\/neoergoxeiro.gr\/es\/producto\/spare-bulbs-for-illuminated-magnifying-glasses\/","title":{"rendered":"L\u00e1mparas de recambio para lupas luminosas"},"content":{"rendered":"<p>Las bombillas de recambio para lupas luminosas Prym610716 son el accesorio esencial para todo aficionado al bordado. Con una excelente calidad de fabricaci\u00f3n, estas bombillas proporcionan una iluminaci\u00f3n brillante y uniforme para ayudar a ejecutar con precisi\u00f3n sus proyectos de bordado. Adem\u00e1s, las bombillas de repuesto tienen una larga vida \u00fatil, lo que le ahorrar\u00e1 dinero y tiempo. Disfrute de la comodidad de la iluminaci\u00f3n y conc\u00e9ntrese en sus creaciones sin complicaciones. Consiga las bombillas de recambio Prym610716 para un proceso de bordado sin problemas y disfrute de la gran experiencia que ofrecen.<\/p>","protected":false},"excerpt":{"rendered":"<p>L\u00e1mparas de repuesto para lupas luminosas, ideales para trabajos de bordado. Mejore su experiencia con una iluminaci\u00f3n de alta calidad y facilidad de uso. Sustituya sus l\u00e1mparas por estas piezas de repuesto de calidad.<\/p>","protected":false},"featured_media":38500,"template":"","meta":[],"product_brand":[],"product_cat":[84],"product_tag":[],"class_list":{"0":"post-38499","1":"product","2":"type-product","3":"status-publish","4":"has-post-thumbnail","6":"product_cat-ergaleia-kentimatos","8":"first","9":"instock","10":"taxable","11":"shipping-taxable","12":"purchasable","13":"product-type-simple"},"_links":{"self":[{"href":"https:\/\/neoergoxeiro.gr\/es\/wp-json\/wp\/v2\/product\/38499","targetHints":{"allow":["GET"]}}],"collection":[{"href":"https:\/\/neoergoxeiro.gr\/es\/wp-json\/wp\/v2\/product"}],"about":[{"href":"https:\/\/neoergoxeiro.gr\/es\/wp-json\/wp\/v2\/types\/product"}],"version-history":[{"count":1,"href":"https:\/\/neoergoxeiro.gr\/es\/wp-json\/wp\/v2\/product\/38499\/revisions"}],"predecessor-version":[{"id":58072,"href":"https:\/\/neoergoxeiro.gr\/es\/wp-json\/wp\/v2\/product\/38499\/revisions\/58072"}],"wp:featuredmedia":[{"embeddable":true,"href":"https:\/\/neoergoxeiro.gr\/es\/wp-json\/wp\/v2\/media\/38500"}],"wp:attachment":[{"href":"https:\/\/neoergoxeiro.gr\/es\/wp-json\/wp\/v2\/media?parent=38499"}],"wp:term":[{"taxonomy":"product_brand","embeddable":true,"href":"https:\/\/neoergoxeiro.gr\/es\/wp-json\/wp\/v2\/product_brand?post=38499"},{"taxonomy":"product_cat","embeddable":true,"href":"https:\/\/neoergoxeiro.gr\/es\/wp-json\/wp\/v2\/product_cat?post=38499"},{"taxonomy":"product_tag","embeddable":true,"href":"https:\/\/neoergoxeiro.gr\/es\/wp-json\/wp\/v2\/product_tag?post=38499"}],"curies":[{"name":"wp","href":"https:\/\/api.w.org\/{rel}","templated":true}]}}