{"id":38968,"date":"2023-10-13T09:14:16","date_gmt":"2023-10-13T09:14:16","guid":{"rendered":"https:\/\/neoergoxeiro.gr\/?product=%ce%b4%ce%b9%ce%ac%cf%83%ce%b7%ce%bc%ce%bf-%ce%ad%cf%81%ce%b3%ce%bf-6"},"modified":"2025-11-11T10:18:13","modified_gmt":"2025-11-11T08:18:13","slug":"%ce%b4%ce%b9%ce%ac%cf%83%ce%b7%ce%bc%ce%bf-%ce%ad%cf%81%ce%b3%ce%bf-6","status":"publish","type":"product","link":"https:\/\/neoergoxeiro.gr\/es\/producto\/%ce%b4%ce%b9%ce%ac%cf%83%ce%b7%ce%bc%ce%bf-%ce%ad%cf%81%ce%b3%ce%bf-6\/","title":{"rendered":"Seg De Paris \u201cDzhokonda (Leonardo De Vinci)\u201d 0.45 * 0.60"},"content":{"rendered":"<p>Seg De Paris \u2018Dzhokonda (Leonardo De Vinci)\u2019 0.45 * 0.60 es un panel que puedes bordar con Mouline Dmc de tres hilos o Cotton Perle Dmc. Puede elegir entre Punto de Cruz y Duende para el bordado. Las instrucciones de bordado y lavado incluyen los procedimientos para mantener su trabajo inalterado. Empiece por eliminar los restos de tinte con agua fr\u00eda y seque correctamente para conservar los tintes de los hilos. La mesa \u2018Joconda\u2019 ofrece una experiencia de bordado \u00fanica y es un gran complemento para su colecci\u00f3n. Disfrute de su tiempo creando una obra maestra que durar\u00e1 generaciones. Categor\u00eda.<\/p>","protected":false},"excerpt":{"rendered":"<p>Tabla de bordar \u2018Dzhokonda (Leonardo De Vinci)\u2019 0.45 * 0.60. Bordarlo con pintura e hilos Mouline Dmc o Cotton Perle Dmc. Instrucciones de lavado y fijaci\u00f3n del color. Categor\u00eda.<\/p>","protected":false},"featured_media":38969,"template":"","meta":[],"product_brand":[],"product_cat":[171],"product_tag":[],"class_list":{"0":"post-38968","1":"product","2":"type-product","3":"status-publish","4":"has-post-thumbnail","6":"product_cat-seg-de-paris-margot","8":"first","9":"instock","10":"taxable","11":"shipping-taxable","12":"purchasable","13":"product-type-variable"},"_links":{"self":[{"href":"https:\/\/neoergoxeiro.gr\/es\/wp-json\/wp\/v2\/product\/38968","targetHints":{"allow":["GET"]}}],"collection":[{"href":"https:\/\/neoergoxeiro.gr\/es\/wp-json\/wp\/v2\/product"}],"about":[{"href":"https:\/\/neoergoxeiro.gr\/es\/wp-json\/wp\/v2\/types\/product"}],"version-history":[{"count":2,"href":"https:\/\/neoergoxeiro.gr\/es\/wp-json\/wp\/v2\/product\/38968\/revisions"}],"predecessor-version":[{"id":60055,"href":"https:\/\/neoergoxeiro.gr\/es\/wp-json\/wp\/v2\/product\/38968\/revisions\/60055"}],"wp:featuredmedia":[{"embeddable":true,"href":"https:\/\/neoergoxeiro.gr\/es\/wp-json\/wp\/v2\/media\/38969"}],"wp:attachment":[{"href":"https:\/\/neoergoxeiro.gr\/es\/wp-json\/wp\/v2\/media?parent=38968"}],"wp:term":[{"taxonomy":"product_brand","embeddable":true,"href":"https:\/\/neoergoxeiro.gr\/es\/wp-json\/wp\/v2\/product_brand?post=38968"},{"taxonomy":"product_cat","embeddable":true,"href":"https:\/\/neoergoxeiro.gr\/es\/wp-json\/wp\/v2\/product_cat?post=38968"},{"taxonomy":"product_tag","embeddable":true,"href":"https:\/\/neoergoxeiro.gr\/es\/wp-json\/wp\/v2\/product_tag?post=38968"}],"curies":[{"name":"wp","href":"https:\/\/api.w.org\/{rel}","templated":true}]}}