{"id":39027,"date":"2023-10-13T09:45:53","date_gmt":"2023-10-13T09:45:53","guid":{"rendered":"https:\/\/neoergoxeiro.gr\/?product=interkent-11"},"modified":"2025-11-11T10:18:12","modified_gmt":"2025-11-11T08:18:12","slug":"interkent-11","status":"publish","type":"product","link":"https:\/\/neoergoxeiro.gr\/es\/producto\/interkent-11\/","title":{"rendered":"Bordado Interkent lino estampado"},"content":{"rendered":"<p><strong>Sello interkent<\/strong><\/p>\n<p>Los sellos interkent est\u00e1n dise\u00f1ados sobre tela de algod\u00f3n blanca o beige, con negro en las zonas a bordar, con la ( X ) visible bordada con un punto de aguja.<br \/>\nEllos est\u00e1n listos follada y yo discretamente azul alrededor.<\/p>\n<p>Puede bordarlo con Mouline Dmc art 117 o con Cotton Perle Dmc art 116 (hilo de canilla).<br \/>\n.<br \/>\nLas cantidades calculadas para el paquete de hilo se refieren al punto de cruz.<\/p>\n<p>Bordado - instrucciones de lavado:<\/p>\n<p>Despu\u00e9s de bordar nuestra manualidad, la lavaremos bajo el grifo de agua fr\u00eda, as\u00ed:<\/p>\n<ol>\n<li>Para eliminar los restos de color que suelen dejar las pinturas duras (burdeos - azul oscuro - negro)<\/li>\n<li>Para estabilizar mejor los tintes de los hilos. A continuaci\u00f3n, pasar cualquier encaje - trenzas - chintz - gasa - gasa, que tambi\u00e9n se debe lavar antes de dorar.<\/li>\n<\/ol>","protected":false},"excerpt":{"rendered":"<p>Todos los sellos Interkent en lino, vienen castrados y listos con Azure por todas partes.<\/p>","protected":false},"featured_media":39028,"template":"","meta":[],"product_brand":[],"product_cat":[162],"product_tag":[],"class_list":{"0":"post-39027","1":"product","2":"type-product","3":"status-publish","4":"has-post-thumbnail","6":"product_cat-stampota-ifasma-x","8":"first","9":"instock","10":"taxable","11":"shipping-taxable","12":"purchasable","13":"product-type-variable"},"_links":{"self":[{"href":"https:\/\/neoergoxeiro.gr\/es\/wp-json\/wp\/v2\/product\/39027","targetHints":{"allow":["GET"]}}],"collection":[{"href":"https:\/\/neoergoxeiro.gr\/es\/wp-json\/wp\/v2\/product"}],"about":[{"href":"https:\/\/neoergoxeiro.gr\/es\/wp-json\/wp\/v2\/types\/product"}],"version-history":[{"count":1,"href":"https:\/\/neoergoxeiro.gr\/es\/wp-json\/wp\/v2\/product\/39027\/revisions"}],"predecessor-version":[{"id":67638,"href":"https:\/\/neoergoxeiro.gr\/es\/wp-json\/wp\/v2\/product\/39027\/revisions\/67638"}],"wp:featuredmedia":[{"embeddable":true,"href":"https:\/\/neoergoxeiro.gr\/es\/wp-json\/wp\/v2\/media\/39028"}],"wp:attachment":[{"href":"https:\/\/neoergoxeiro.gr\/es\/wp-json\/wp\/v2\/media?parent=39027"}],"wp:term":[{"taxonomy":"product_brand","embeddable":true,"href":"https:\/\/neoergoxeiro.gr\/es\/wp-json\/wp\/v2\/product_brand?post=39027"},{"taxonomy":"product_cat","embeddable":true,"href":"https:\/\/neoergoxeiro.gr\/es\/wp-json\/wp\/v2\/product_cat?post=39027"},{"taxonomy":"product_tag","embeddable":true,"href":"https:\/\/neoergoxeiro.gr\/es\/wp-json\/wp\/v2\/product_tag?post=39027"}],"curies":[{"name":"wp","href":"https:\/\/api.w.org\/{rel}","templated":true}]}}