{"id":39439,"date":"2023-10-14T06:29:29","date_gmt":"2023-10-14T06:29:29","guid":{"rendered":"https:\/\/neoergoxeiro.gr\/?product=%ce%b4%ce%b9%ce%ac%cf%83%ce%b7%ce%bc%ce%bf-%ce%ad%cf%81%ce%b3%ce%bf-%ce%b1%ce%bd%cf%84-%ce%b1%ce%bd-%ce%b1%ce%bd%cf%84%ce%b9%ce%b3%cf%81%ce%b1%cf%86%ce%ae"},"modified":"2025-11-11T10:18:11","modified_gmt":"2025-11-11T08:18:11","slug":"%ce%b4%ce%b9%ce%ac%cf%83%ce%b7%ce%bc%ce%bf-%ce%ad%cf%81%ce%b3%ce%bf-%ce%b1%ce%bd%cf%84-%ce%b1%ce%bd-%ce%b1%ce%bd%cf%84%ce%b9%ce%b3%cf%81%ce%b1%cf%86%ce%ae","status":"publish","type":"product","link":"https:\/\/neoergoxeiro.gr\/es\/producto\/%ce%b4%ce%b9%ce%ac%cf%83%ce%b7%ce%bc%ce%bf-%ce%ad%cf%81%ce%b3%ce%bf-%ce%b1%ce%bd%cf%84-%ce%b1%ce%bd-%ce%b1%ce%bd%cf%84%ce%b9%ce%b3%cf%81%ce%b1%cf%86%ce%ae\/","title":{"rendered":"Seg De Paris 0.40 * 0.50"},"content":{"rendered":"<p><strong>Mesa de bordado<\/strong><\/p>\n<p>Las pinturas est\u00e1n estampadas sobre lienzo en caqui N8 o N7 seg\u00fan el dise\u00f1o, con color para facilitar el bordado.<\/p>\n<p>Puede bordarlo con Mouline Dmc art 117 o bien con Cotton Perle Dmc art 115 (cable).<br \/>\nTambi\u00e9n podemos bordarlo con punto de cruz o Goblen.<br \/>\nLas cantidades calculadas para el paquete de hilo se refieren al punto de cruz.<\/p>\n<p>Bordado - instrucciones de lavado:<\/p>\n<p>Despu\u00e9s de bordar nuestra manualidad, la lavaremos bajo el grifo de agua fr\u00eda, as\u00ed:<\/p>\n<ol>\n<li>Para eliminar los restos de color que suelen dejar las pinturas duras (burdeos - azul oscuro - negro)<\/li>\n<li>Para estabilizar mejor los tintes de los hilos. A continuaci\u00f3n, pasar cualquier encaje - trenzas - chintz - gasa - gasa, que tambi\u00e9n se debe lavar antes de dorar.<\/li>\n<\/ol>","protected":false},"excerpt":{"rendered":"<p>El juego de hilo completo incluye 20 piezas de Mouline a un precio de (0,80 por pieza).<\/p>\n<p>Prefiera el paquete con todos los hilos para que todos los colores sean del mismo lote para evitar alteraciones debidas a los lotes de tinte.<\/p>","protected":false},"featured_media":39440,"template":"","meta":[],"product_brand":[],"product_cat":[171],"product_tag":[],"class_list":{"0":"post-39439","1":"product","2":"type-product","3":"status-publish","4":"has-post-thumbnail","6":"product_cat-seg-de-paris-margot","8":"first","9":"instock","10":"taxable","11":"shipping-taxable","12":"purchasable","13":"product-type-variable"},"_links":{"self":[{"href":"https:\/\/neoergoxeiro.gr\/es\/wp-json\/wp\/v2\/product\/39439","targetHints":{"allow":["GET"]}}],"collection":[{"href":"https:\/\/neoergoxeiro.gr\/es\/wp-json\/wp\/v2\/product"}],"about":[{"href":"https:\/\/neoergoxeiro.gr\/es\/wp-json\/wp\/v2\/types\/product"}],"version-history":[{"count":1,"href":"https:\/\/neoergoxeiro.gr\/es\/wp-json\/wp\/v2\/product\/39439\/revisions"}],"predecessor-version":[{"id":67234,"href":"https:\/\/neoergoxeiro.gr\/es\/wp-json\/wp\/v2\/product\/39439\/revisions\/67234"}],"wp:featuredmedia":[{"embeddable":true,"href":"https:\/\/neoergoxeiro.gr\/es\/wp-json\/wp\/v2\/media\/39440"}],"wp:attachment":[{"href":"https:\/\/neoergoxeiro.gr\/es\/wp-json\/wp\/v2\/media?parent=39439"}],"wp:term":[{"taxonomy":"product_brand","embeddable":true,"href":"https:\/\/neoergoxeiro.gr\/es\/wp-json\/wp\/v2\/product_brand?post=39439"},{"taxonomy":"product_cat","embeddable":true,"href":"https:\/\/neoergoxeiro.gr\/es\/wp-json\/wp\/v2\/product_cat?post=39439"},{"taxonomy":"product_tag","embeddable":true,"href":"https:\/\/neoergoxeiro.gr\/es\/wp-json\/wp\/v2\/product_tag?post=39439"}],"curies":[{"name":"wp","href":"https:\/\/api.w.org\/{rel}","templated":true}]}}