{"id":40791,"date":"2023-10-18T09:30:50","date_gmt":"2023-10-18T09:30:50","guid":{"rendered":"https:\/\/neoergoxeiro.gr\/?product=%ce%bc%ce%b5%cf%84%cf%81%ce%b7%cf%84%cf%8c-%ce%ba%ce%ad%ce%bd%cf%84%ce%b7%ce%bc%ce%b1-%ce%b1%ce%bd%cf%84%ce%b9%ce%b3%cf%81%ce%b1%cf%86%ce%ae-%ce%b1%ce%bd%cf%84%ce%b9%ce%b3%cf%81%ce%b1%cf%86%ce%ae-18"},"modified":"2025-10-12T14:55:20","modified_gmt":"2025-10-12T12:55:20","slug":"%ce%bc%ce%b5%cf%84%cf%81%ce%b7%cf%84%cf%8c-%ce%ba%ce%ad%ce%bd%cf%84%ce%b7%ce%bc%ce%b1-%ce%b1%ce%bd%cf%84%ce%b9%ce%b3%cf%81%ce%b1%cf%86%ce%ae-%ce%b1%ce%bd%cf%84%ce%b9%ce%b3%cf%81%ce%b1%cf%86%ce%ae-18","status":"publish","type":"product","link":"https:\/\/neoergoxeiro.gr\/es\/producto\/%ce%bc%ce%b5%cf%84%cf%81%ce%b7%cf%84%cf%8c-%ce%ba%ce%ad%ce%bd%cf%84%ce%b7%ce%bc%ce%b1-%ce%b1%ce%bd%cf%84%ce%b9%ce%b3%cf%81%ce%b1%cf%86%ce%ae-%ce%b1%ce%bd%cf%84%ce%b9%ce%b3%cf%81%ce%b1%cf%86%ce%ae-18\/","title":{"rendered":"Bastidor de bordado contado lavanda 0,90 * 0,90m"},"content":{"rendered":"<p>El Bordado Medido con lavandas enmarcado de 0,90 x 0,90 m es la elecci\u00f3n ideal para dar un toque fresco a su espacio. Elaborado con atenci\u00f3n al detalle, este bordado dar\u00e1 una sensaci\u00f3n de lujo y calidez. El bordado est\u00e1 confeccionado con tejidos de alta calidad que son duraderos y f\u00e1ciles de mantener. Renueve su sal\u00f3n o dormitorio con este bordado \u00fanico y cree un espacio c\u00e1lido y acogedor. Es un gran complemento para la decoraci\u00f3n de su hogar.<\/p>","protected":false},"excerpt":{"rendered":"<p>Bordado cuadrado 0,90 * 0,90m - Refresque su espacio con un dise\u00f1o \u00fanico. Ideal para la decoraci\u00f3n de salones y dormitorios. Tejidos de alta calidad y construcci\u00f3n duradera.<\/p>","protected":false},"featured_media":40792,"template":"","meta":[],"product_brand":[],"product_cat":[168],"product_tag":[],"class_list":{"0":"post-40791","1":"product","2":"type-product","3":"status-publish","4":"has-post-thumbnail","6":"product_cat-metrita-kit-kentimatos","8":"first","9":"instock","10":"taxable","11":"shipping-taxable","12":"purchasable","13":"product-type-simple"},"_links":{"self":[{"href":"https:\/\/neoergoxeiro.gr\/es\/wp-json\/wp\/v2\/product\/40791","targetHints":{"allow":["GET"]}}],"collection":[{"href":"https:\/\/neoergoxeiro.gr\/es\/wp-json\/wp\/v2\/product"}],"about":[{"href":"https:\/\/neoergoxeiro.gr\/es\/wp-json\/wp\/v2\/types\/product"}],"version-history":[{"count":1,"href":"https:\/\/neoergoxeiro.gr\/es\/wp-json\/wp\/v2\/product\/40791\/revisions"}],"predecessor-version":[{"id":59068,"href":"https:\/\/neoergoxeiro.gr\/es\/wp-json\/wp\/v2\/product\/40791\/revisions\/59068"}],"wp:featuredmedia":[{"embeddable":true,"href":"https:\/\/neoergoxeiro.gr\/es\/wp-json\/wp\/v2\/media\/40792"}],"wp:attachment":[{"href":"https:\/\/neoergoxeiro.gr\/es\/wp-json\/wp\/v2\/media?parent=40791"}],"wp:term":[{"taxonomy":"product_brand","embeddable":true,"href":"https:\/\/neoergoxeiro.gr\/es\/wp-json\/wp\/v2\/product_brand?post=40791"},{"taxonomy":"product_cat","embeddable":true,"href":"https:\/\/neoergoxeiro.gr\/es\/wp-json\/wp\/v2\/product_cat?post=40791"},{"taxonomy":"product_tag","embeddable":true,"href":"https:\/\/neoergoxeiro.gr\/es\/wp-json\/wp\/v2\/product_tag?post=40791"}],"curies":[{"name":"wp","href":"https:\/\/api.w.org\/{rel}","templated":true}]}}