{"id":40826,"date":"2023-10-18T16:21:46","date_gmt":"2023-10-18T16:21:46","guid":{"rendered":"https:\/\/neoergoxeiro.gr\/?product=%ce%b1%cf%86%cf%81%ce%bf%ce%b4%ce%b9%cf%84%ce%b7-40-%ce%ba%ce%bf%cf%81%ce%b4%ce%bf%ce%bd%ce%b9-%cf%87%cf%81%cf%85%cf%83%ce%bf-%ce%b5%ce%ba%cf%81%ce%bf%cf%85"},"modified":"2025-10-13T21:49:52","modified_gmt":"2025-10-13T19:49:52","slug":"%ce%b1%cf%86%cf%81%ce%bf%ce%b4%ce%b9%cf%84%ce%b7-40-%ce%ba%ce%bf%cf%81%ce%b4%ce%bf%ce%bd%ce%b9-%cf%87%cf%81%cf%85%cf%83%ce%bf-%ce%b5%ce%ba%cf%81%ce%bf%cf%85","status":"publish","type":"product","link":"https:\/\/neoergoxeiro.gr\/es\/producto\/%ce%b1%cf%86%cf%81%ce%bf%ce%b4%ce%b9%cf%84%ce%b7-40-%ce%ba%ce%bf%cf%81%ce%b4%ce%bf%ce%bd%ce%b9-%cf%87%cf%81%cf%85%cf%83%ce%bf-%ce%b5%ce%ba%cf%81%ce%bf%cf%85\/","title":{"rendered":"BRILLANTE 40 CORD\u00d3N ORO CRUDO"},"content":{"rendered":"<p>El cord\u00f3n de bordar Afroditi 40 en color crudo dorado es el accesorio definitivo para todo amante de la costura artesanal. Con una longitud de 40 metros, ofrece material suficiente para ricas creaciones. El dise\u00f1o delicado y brillante del cord\u00f3n a\u00f1ade sofisticaci\u00f3n a cada creaci\u00f3n. Fabricado con materiales de alta calidad, es duradero y f\u00e1cil de usar. Util\u00edcelo para decorar ropa, bordar, hacer regalos o creaciones artesanales. Eleve sus creaciones con el cord\u00f3n de bordar AFRODITY 40 y cree piezas \u00fanicas que destacar\u00e1n. Descubra infinitas posibilidades creativas y exprese la artista que lleva dentro con este sofisticado cord\u00f3n de bordar.<\/p>","protected":false},"excerpt":{"rendered":"<p>El cord\u00f3n de bordar AFRODITI 40 en color dorado es la elecci\u00f3n ideal para dar brillo a sus creaciones. Con un dise\u00f1o sofisticado y de alta calidad, realza cualquiera de sus creaciones de costura.<\/p>","protected":false},"featured_media":40827,"template":"","meta":[],"product_brand":[],"product_cat":[88],"product_tag":[],"class_list":{"0":"post-40826","1":"product","2":"type-product","3":"status-publish","4":"has-post-thumbnail","6":"product_cat-yfasmata-knetimatos","8":"first","9":"instock","10":"taxable","11":"shipping-taxable","12":"purchasable","13":"product-type-simple"},"_links":{"self":[{"href":"https:\/\/neoergoxeiro.gr\/es\/wp-json\/wp\/v2\/product\/40826","targetHints":{"allow":["GET"]}}],"collection":[{"href":"https:\/\/neoergoxeiro.gr\/es\/wp-json\/wp\/v2\/product"}],"about":[{"href":"https:\/\/neoergoxeiro.gr\/es\/wp-json\/wp\/v2\/types\/product"}],"version-history":[{"count":1,"href":"https:\/\/neoergoxeiro.gr\/es\/wp-json\/wp\/v2\/product\/40826\/revisions"}],"predecessor-version":[{"id":59085,"href":"https:\/\/neoergoxeiro.gr\/es\/wp-json\/wp\/v2\/product\/40826\/revisions\/59085"}],"wp:featuredmedia":[{"embeddable":true,"href":"https:\/\/neoergoxeiro.gr\/es\/wp-json\/wp\/v2\/media\/40827"}],"wp:attachment":[{"href":"https:\/\/neoergoxeiro.gr\/es\/wp-json\/wp\/v2\/media?parent=40826"}],"wp:term":[{"taxonomy":"product_brand","embeddable":true,"href":"https:\/\/neoergoxeiro.gr\/es\/wp-json\/wp\/v2\/product_brand?post=40826"},{"taxonomy":"product_cat","embeddable":true,"href":"https:\/\/neoergoxeiro.gr\/es\/wp-json\/wp\/v2\/product_cat?post=40826"},{"taxonomy":"product_tag","embeddable":true,"href":"https:\/\/neoergoxeiro.gr\/es\/wp-json\/wp\/v2\/product_tag?post=40826"}],"curies":[{"name":"wp","href":"https:\/\/api.w.org\/{rel}","templated":true}]}}