{"id":40838,"date":"2023-10-18T16:35:16","date_gmt":"2023-10-18T16:35:16","guid":{"rendered":"https:\/\/neoergoxeiro.gr\/?product=%ce%b1%cf%86%cf%81%ce%bf%ce%b4%ce%b9%cf%84%ce%b7-40-%ce%b1%cf%83%cf%84%ce%b5%cf%81%ce%b1%ce%ba%ce%b9-%cf%87%ce%b1%ce%ba%ce%b9-%ce%b5%ce%ba%cf%81%ce%bf%cf%85"},"modified":"2025-10-13T21:49:52","modified_gmt":"2025-10-13T19:49:52","slug":"%ce%b1%cf%86%cf%81%ce%bf%ce%b4%ce%b9%cf%84%ce%b7-40-%ce%b1%cf%83%cf%84%ce%b5%cf%81%ce%b1%ce%ba%ce%b9-%cf%87%ce%b1%ce%ba%ce%b9-%ce%b5%ce%ba%cf%81%ce%bf%cf%85","status":"publish","type":"product","link":"https:\/\/neoergoxeiro.gr\/es\/producto\/%ce%b1%cf%86%cf%81%ce%bf%ce%b4%ce%b9%cf%84%ce%b7-40-%ce%b1%cf%83%cf%84%ce%b5%cf%81%ce%b1%ce%ba%ce%b9-%cf%87%ce%b1%ce%ba%ce%b9-%ce%b5%ce%ba%cf%81%ce%bf%cf%85\/","title":{"rendered":"SPARKLING 40 ESTRELLAS CAQUI \/CRUDO"},"content":{"rendered":"<p>El tejido para bordar AFRODITY 40 CROCHET\/CHICKLE\/CHROME es la elecci\u00f3n ideal para todo amante de la costura hecha a mano. Con un sofisticado dise\u00f1o de estrellas, esta tela ofrece una textura y un aspecto \u00fanicos a cualquier creaci\u00f3n. El tejido est\u00e1 fabricado con materiales de alta calidad, lo que garantiza una larga durabilidad y resistencia. Renueve su armario con una dosis de estilo \u00fanico y cree llamativas prendas de vestir, bolsos o accesorios decorativos. Eleve su vena art\u00edstica con el tejido para bordar AFRODITE 40 CROCHET\/CROCHET y cree obras de arte \u00fanicas. Descubra las ilimitadas posibilidades que ofrece este excepcional tejido y deje que su imaginaci\u00f3n gu\u00ede su creatividad.<\/p>","protected":false},"excerpt":{"rendered":"<p>La tela para bordar AFRODITE 40 CROWN CROWN\/CORONA es la elecci\u00f3n perfecta para creaciones que quieran destacar. Ponga al d\u00eda sus prendas y accesorios con esta tela de bordado de calidad en tonos caqui y crudo.<\/p>","protected":false},"featured_media":40839,"template":"","meta":[],"product_brand":[],"product_cat":[88],"product_tag":[],"class_list":{"0":"post-40838","1":"product","2":"type-product","3":"status-publish","4":"has-post-thumbnail","6":"product_cat-yfasmata-knetimatos","8":"first","9":"instock","10":"taxable","11":"shipping-taxable","12":"purchasable","13":"product-type-simple"},"_links":{"self":[{"href":"https:\/\/neoergoxeiro.gr\/es\/wp-json\/wp\/v2\/product\/40838","targetHints":{"allow":["GET"]}}],"collection":[{"href":"https:\/\/neoergoxeiro.gr\/es\/wp-json\/wp\/v2\/product"}],"about":[{"href":"https:\/\/neoergoxeiro.gr\/es\/wp-json\/wp\/v2\/types\/product"}],"version-history":[{"count":1,"href":"https:\/\/neoergoxeiro.gr\/es\/wp-json\/wp\/v2\/product\/40838\/revisions"}],"predecessor-version":[{"id":59091,"href":"https:\/\/neoergoxeiro.gr\/es\/wp-json\/wp\/v2\/product\/40838\/revisions\/59091"}],"wp:featuredmedia":[{"embeddable":true,"href":"https:\/\/neoergoxeiro.gr\/es\/wp-json\/wp\/v2\/media\/40839"}],"wp:attachment":[{"href":"https:\/\/neoergoxeiro.gr\/es\/wp-json\/wp\/v2\/media?parent=40838"}],"wp:term":[{"taxonomy":"product_brand","embeddable":true,"href":"https:\/\/neoergoxeiro.gr\/es\/wp-json\/wp\/v2\/product_brand?post=40838"},{"taxonomy":"product_cat","embeddable":true,"href":"https:\/\/neoergoxeiro.gr\/es\/wp-json\/wp\/v2\/product_cat?post=40838"},{"taxonomy":"product_tag","embeddable":true,"href":"https:\/\/neoergoxeiro.gr\/es\/wp-json\/wp\/v2\/product_tag?post=40838"}],"curies":[{"name":"wp","href":"https:\/\/api.w.org\/{rel}","templated":true}]}}