{"id":41314,"date":"2023-10-25T16:05:43","date_gmt":"2023-10-25T16:05:43","guid":{"rendered":"https:\/\/neoergoxeiro.gr\/?product=himalaya-dolphin-baby-colors-chenille-yarn-variegated-80409"},"modified":"2025-10-06T20:33:00","modified_gmt":"2025-10-06T18:33:00","slug":"himalaya-dolphin-baby-colors-chenille-yarn-variegated-80409","status":"publish","type":"product","link":"https:\/\/neoergoxeiro.gr\/es\/producto\/himalaya-dolphin-baby-colors-chenille-yarn-variegated-80409\/","title":{"rendered":"Himalaya Dolphin Baby Colors Chenille Yarn, Variegated - 80409"},"content":{"rendered":"<p>\u00a1Himalaya Dolphin Baby Colors Chenille Yarn en versi\u00f3n colorida 80409 es la elecci\u00f3n perfecta para todo creador! Este hilo es muy utilizado para creaciones para beb\u00e9s gracias a su textura suave y duradera. Con Himalaya Dolphin Baby Colors Chenille Yarn, podr\u00e1 crear ropa, mantas y accesorios \u00fanicos para beb\u00e9s con comodidad y estilo. Descubra la facilidad de coser y bordar con este maravilloso hilo, perfecto tanto para principiantes como para avanzados. \u00a1Haga realidad sus sue\u00f1os de creaciones con Himalaya Dolphin Baby Colors Chenille Yarn!<\/p>","protected":false},"excerpt":{"rendered":"<p>El hilo de chenilla Himalaya Dolphin Baby Colors en versi\u00f3n colorida 80409 es ideal para creaciones para beb\u00e9s. Duradero, suave y f\u00e1cil de usar, para grandes resultados.<\/p>","protected":false},"featured_media":41315,"template":"","meta":[],"product_brand":[],"product_cat":[122],"product_tag":[],"class_list":{"0":"post-41314","1":"product","2":"type-product","3":"status-publish","4":"has-post-thumbnail","6":"product_cat-himalaya-dolphin-baby","8":"first","9":"outofstock","10":"taxable","11":"shipping-taxable","12":"purchasable","13":"product-type-simple"},"_links":{"self":[{"href":"https:\/\/neoergoxeiro.gr\/es\/wp-json\/wp\/v2\/product\/41314","targetHints":{"allow":["GET"]}}],"collection":[{"href":"https:\/\/neoergoxeiro.gr\/es\/wp-json\/wp\/v2\/product"}],"about":[{"href":"https:\/\/neoergoxeiro.gr\/es\/wp-json\/wp\/v2\/types\/product"}],"version-history":[{"count":1,"href":"https:\/\/neoergoxeiro.gr\/es\/wp-json\/wp\/v2\/product\/41314\/revisions"}],"predecessor-version":[{"id":59323,"href":"https:\/\/neoergoxeiro.gr\/es\/wp-json\/wp\/v2\/product\/41314\/revisions\/59323"}],"wp:featuredmedia":[{"embeddable":true,"href":"https:\/\/neoergoxeiro.gr\/es\/wp-json\/wp\/v2\/media\/41315"}],"wp:attachment":[{"href":"https:\/\/neoergoxeiro.gr\/es\/wp-json\/wp\/v2\/media?parent=41314"}],"wp:term":[{"taxonomy":"product_brand","embeddable":true,"href":"https:\/\/neoergoxeiro.gr\/es\/wp-json\/wp\/v2\/product_brand?post=41314"},{"taxonomy":"product_cat","embeddable":true,"href":"https:\/\/neoergoxeiro.gr\/es\/wp-json\/wp\/v2\/product_cat?post=41314"},{"taxonomy":"product_tag","embeddable":true,"href":"https:\/\/neoergoxeiro.gr\/es\/wp-json\/wp\/v2\/product_tag?post=41314"}],"curies":[{"name":"wp","href":"https:\/\/api.w.org\/{rel}","templated":true}]}}