{"id":41316,"date":"2023-10-25T16:06:28","date_gmt":"2023-10-25T16:06:28","guid":{"rendered":"https:\/\/neoergoxeiro.gr\/?product=himalaya-dolphin-baby-colors-chenille-yarn-variegated-80410"},"modified":"2025-10-06T20:32:59","modified_gmt":"2025-10-06T18:32:59","slug":"himalaya-dolphin-baby-colors-chenille-yarn-variegated-80410","status":"publish","type":"product","link":"https:\/\/neoergoxeiro.gr\/es\/producto\/himalaya-dolphin-baby-colors-chenille-yarn-variegated-80410\/","title":{"rendered":"Himalaya Dolphin Baby Colors Chenille Yarn, Variegated - 80410"},"content":{"rendered":"<p>El hilo de chenilla Himalaya Dolphin Baby Colors en su colorida versi\u00f3n 80410 es la elecci\u00f3n perfecta para cualquier creaci\u00f3n de bordado y costura. Este hilo de chenilla ofrece una suavidad maravillosa y una calidad excepcional, por lo que es perfecto para creaciones destacadas. Con una longitud de hilo de 100 m y material de poli\u00e9ster 100%, Himalaya Dolphin Baby Colors es flexible y f\u00e1cil de manejar. Renueve su colecci\u00f3n con este hilo de calidad y cree obras de arte \u00fanicas. Descubra nuevas ideas e inspiraciones, ya que el hilo de chenilla Himalaya Dolphin Baby Colors es la elecci\u00f3n perfecta para cualquier manualidad. Eleve sus creaciones con este hilo de calidad que le impresionar\u00e1 por su calidad y facilidad de uso.<\/p>","protected":false},"excerpt":{"rendered":"<p>Himalaya Dolphin Baby Colors Chenille Yarn 80410 en versi\u00f3n multicolor es ideal para realizar creaciones de colores vivos. Disfrute de su gran calidad y suavidad para bordados y creaciones cosidas \u00fanicas.<\/p>","protected":false},"featured_media":41317,"template":"","meta":[],"product_brand":[],"product_cat":[122],"product_tag":[],"class_list":{"0":"post-41316","1":"product","2":"type-product","3":"status-publish","4":"has-post-thumbnail","6":"product_cat-himalaya-dolphin-baby","8":"first","9":"outofstock","10":"taxable","11":"shipping-taxable","12":"purchasable","13":"product-type-simple"},"_links":{"self":[{"href":"https:\/\/neoergoxeiro.gr\/es\/wp-json\/wp\/v2\/product\/41316","targetHints":{"allow":["GET"]}}],"collection":[{"href":"https:\/\/neoergoxeiro.gr\/es\/wp-json\/wp\/v2\/product"}],"about":[{"href":"https:\/\/neoergoxeiro.gr\/es\/wp-json\/wp\/v2\/types\/product"}],"version-history":[{"count":1,"href":"https:\/\/neoergoxeiro.gr\/es\/wp-json\/wp\/v2\/product\/41316\/revisions"}],"predecessor-version":[{"id":59324,"href":"https:\/\/neoergoxeiro.gr\/es\/wp-json\/wp\/v2\/product\/41316\/revisions\/59324"}],"wp:featuredmedia":[{"embeddable":true,"href":"https:\/\/neoergoxeiro.gr\/es\/wp-json\/wp\/v2\/media\/41317"}],"wp:attachment":[{"href":"https:\/\/neoergoxeiro.gr\/es\/wp-json\/wp\/v2\/media?parent=41316"}],"wp:term":[{"taxonomy":"product_brand","embeddable":true,"href":"https:\/\/neoergoxeiro.gr\/es\/wp-json\/wp\/v2\/product_brand?post=41316"},{"taxonomy":"product_cat","embeddable":true,"href":"https:\/\/neoergoxeiro.gr\/es\/wp-json\/wp\/v2\/product_cat?post=41316"},{"taxonomy":"product_tag","embeddable":true,"href":"https:\/\/neoergoxeiro.gr\/es\/wp-json\/wp\/v2\/product_tag?post=41316"}],"curies":[{"name":"wp","href":"https:\/\/api.w.org\/{rel}","templated":true}]}}