{"id":41603,"date":"2023-10-27T09:38:39","date_gmt":"2023-10-27T09:38:39","guid":{"rendered":"https:\/\/neoergoxeiro.gr\/?product=%cf%80%cf%81%ce%bf%cf%83%ce%ba%cf%85%ce%bd%ce%b7%cf%84%ce%ac%cf%81%ce%b9-%ce%b1%ce%bd%cf%84%ce%b9%ce%b3%cf%81%ce%b1%cf%86%ce%ae-%ce%b1%ce%bd%cf%84%ce%b9%ce%b3%cf%81%ce%b1%cf%86%ce%ae-%ce%b1%ce%bd-2"},"modified":"2025-11-11T10:18:10","modified_gmt":"2025-11-11T08:18:10","slug":"%cf%80%cf%81%ce%bf%cf%83%ce%ba%cf%85%ce%bd%ce%b7%cf%84%ce%ac%cf%81%ce%b9-%ce%b1%ce%bd%cf%84%ce%b9%ce%b3%cf%81%ce%b1%cf%86%ce%ae-%ce%b1%ce%bd%cf%84%ce%b9%ce%b3%cf%81%ce%b1%cf%86%ce%ae-%ce%b1%ce%bd-2","status":"publish","type":"product","link":"https:\/\/neoergoxeiro.gr\/es\/producto\/%cf%80%cf%81%ce%bf%cf%83%ce%ba%cf%85%ce%bd%ce%b7%cf%84%ce%ac%cf%81%ce%b9-%ce%b1%ce%bd%cf%84%ce%b9%ce%b3%cf%81%ce%b1%cf%86%ce%ae-%ce%b1%ce%bd%cf%84%ce%b9%ce%b3%cf%81%ce%b1%cf%86%ce%ae-%ce%b1%ce%bd-2\/","title":{"rendered":"Padre Yvonne En Prisma en dimensi\u00f3n 0.60 * 0.90m"},"content":{"rendered":"<p>Nuestro Padre en Prisma de 0,60*0,90 m es una excelente elecci\u00f3n para quienes buscan una sofisticada obra de arte bordada. Fabricado con materiales de primera calidad, este patern\u00f3ster de la serie Prisma destaca por sus detalles y dise\u00f1o. Con destacados s\u00edmbolos religiosos y un arte de bordado \u00fanico, esta obra de arte a\u00f1adir\u00e1 una sensaci\u00f3n de calma y espiritualidad a su espacio. Descubra la belleza del bordado hecho a mano y deje que nuestro Padre en Prisma ilumine su espacio con su presencia. Perfecto para la decoraci\u00f3n del hogar, la oficina o como regalo para sus seres queridos.<\/p>","protected":false},"excerpt":{"rendered":"<p>El Padre Nuestro en Prisma de 0,60 * 0,90 m es el complemento perfecto para su decoraci\u00f3n. Muestra la belleza del bordado a mano y ofrece un toque religioso \u00fanico a tu espacio.<\/p>","protected":false},"featured_media":41604,"template":"","meta":[],"product_brand":[],"product_cat":[151],"product_tag":[],"class_list":{"0":"post-41603","1":"product","2":"type-product","3":"status-publish","4":"has-post-thumbnail","6":"product_cat-inprisma-kentimata","8":"first","9":"instock","10":"taxable","11":"shipping-taxable","12":"purchasable","13":"product-type-variable"},"_links":{"self":[{"href":"https:\/\/neoergoxeiro.gr\/es\/wp-json\/wp\/v2\/product\/41603","targetHints":{"allow":["GET"]}}],"collection":[{"href":"https:\/\/neoergoxeiro.gr\/es\/wp-json\/wp\/v2\/product"}],"about":[{"href":"https:\/\/neoergoxeiro.gr\/es\/wp-json\/wp\/v2\/types\/product"}],"version-history":[{"count":4,"href":"https:\/\/neoergoxeiro.gr\/es\/wp-json\/wp\/v2\/product\/41603\/revisions"}],"predecessor-version":[{"id":60318,"href":"https:\/\/neoergoxeiro.gr\/es\/wp-json\/wp\/v2\/product\/41603\/revisions\/60318"}],"wp:featuredmedia":[{"embeddable":true,"href":"https:\/\/neoergoxeiro.gr\/es\/wp-json\/wp\/v2\/media\/41604"}],"wp:attachment":[{"href":"https:\/\/neoergoxeiro.gr\/es\/wp-json\/wp\/v2\/media?parent=41603"}],"wp:term":[{"taxonomy":"product_brand","embeddable":true,"href":"https:\/\/neoergoxeiro.gr\/es\/wp-json\/wp\/v2\/product_brand?post=41603"},{"taxonomy":"product_cat","embeddable":true,"href":"https:\/\/neoergoxeiro.gr\/es\/wp-json\/wp\/v2\/product_cat?post=41603"},{"taxonomy":"product_tag","embeddable":true,"href":"https:\/\/neoergoxeiro.gr\/es\/wp-json\/wp\/v2\/product_tag?post=41603"}],"curies":[{"name":"wp","href":"https:\/\/api.w.org\/{rel}","templated":true}]}}