{"id":42653,"date":"2023-11-11T10:22:45","date_gmt":"2023-11-11T10:22:45","guid":{"rendered":"https:\/\/neoergoxeiro.gr\/?product=cotton-club-yarnart-37"},"modified":"2026-03-24T11:05:59","modified_gmt":"2026-03-24T09:05:59","slug":"cotton-club-yarnart-37","status":"publish","type":"product","link":"https:\/\/neoergoxeiro.gr\/es\/producto\/cotton-club-yarnart-37\/","title":{"rendered":"Cotton Club &#8211; Baby Pink"},"content":{"rendered":"<p>En<strong> El Cotton Club<\/strong> de <strong>YarnArt<\/strong> es un hilo de tipo premium <em>Hilo para camisetas<\/em>, especialmente dise\u00f1ado para manualidades con car\u00e1cter y estilo. \u2728<br \/>\nOfrece una excelente calidad, gran durabilidad y comodidad al tejer: ideal para los amantes de las creaciones artesanales impresionantes. \ud83e\uddf6<\/p>\n<p><strong>\u00a0 \u00a0 \u00a0 \u00a0 Caracter\u00edsticas:<\/strong><\/p>\n<ul>\n<li>\u2714\ufe0f 100% algod\u00f3n - suave, transpirable y f\u00e1cil de manejar<\/li>\n<li>\u2714\ufe0f Peso \u2248 310 g - suficiente para proyectos grandes.<\/li>\n<li>\u2714\ufe0f Longitud \u2248 110 m - relaci\u00f3n perfecta para bolsas, cestas o art\u00edculos d\u00e9co.<\/li>\n<li>\u2714\ufe0f Grosor \u201cSuper Bulky\u201d - tejer f\u00e1cil y r\u00e1pidamente con las agujas\/ganchos m\u00e1s finos (por ejemplo, 7 mm para tricotar)<br \/>\n<strong><br \/>\nIdeal para:<\/strong><\/li>\n<li>\u2714\ufe0f\ud83d\udc5c Bolsos, carteras y bolsas<\/li>\n<li>\u2714\ufe0f\ud83e\uddfa Cestas, esteras, objetos decorativos<\/li>\n<li>\u2714\ufe0f\ud83c\udf81 Regalos hechos a mano con impresi\u00f3n premium<\/li>\n<\/ul>\n<p>Con Cotton Club de YarnArt combinar\u00e1 calidad, comodidad y estilo, para creaciones llamativas. <strong>y<\/strong> \u00faltimo.<\/p>","protected":false},"excerpt":{"rendered":"<p>En <strong>El Cotton Club<\/strong> de <strong>YarnArt<\/strong> es un hilo de primera calidad para camisetas de algod\u00f3n 100% <strong>(310 g., 1100 m.), de textura suave y estructura firme. <\/strong>Ideal para bolsos, cestas y proyectos de decoraci\u00f3n, ofrece facilidad de tricotado, gran durabilidad y un resultado limpio y profesional en cada creaci\u00f3n.<\/p>","protected":false},"featured_media":42654,"template":"","meta":[],"product_brand":[],"product_cat":[124,142],"product_tag":[209,198,210],"class_list":{"0":"post-42653","1":"product","2":"type-product","3":"status-publish","4":"has-post-thumbnail","6":"product_cat-yarnart-cotton-club","7":"product_cat-yarnart-cotton-club-nimata-tsantas","8":"product_tag-cottonclub","9":"product_tag-maccheroni","10":"product_tag-noodles","12":"first","13":"outofstock","14":"downloadable","15":"taxable","16":"shipping-taxable","17":"purchasable","18":"product-type-simple"},"_links":{"self":[{"href":"https:\/\/neoergoxeiro.gr\/es\/wp-json\/wp\/v2\/product\/42653","targetHints":{"allow":["GET"]}}],"collection":[{"href":"https:\/\/neoergoxeiro.gr\/es\/wp-json\/wp\/v2\/product"}],"about":[{"href":"https:\/\/neoergoxeiro.gr\/es\/wp-json\/wp\/v2\/types\/product"}],"version-history":[{"count":4,"href":"https:\/\/neoergoxeiro.gr\/es\/wp-json\/wp\/v2\/product\/42653\/revisions"}],"predecessor-version":[{"id":74403,"href":"https:\/\/neoergoxeiro.gr\/es\/wp-json\/wp\/v2\/product\/42653\/revisions\/74403"}],"wp:featuredmedia":[{"embeddable":true,"href":"https:\/\/neoergoxeiro.gr\/es\/wp-json\/wp\/v2\/media\/42654"}],"wp:attachment":[{"href":"https:\/\/neoergoxeiro.gr\/es\/wp-json\/wp\/v2\/media?parent=42653"}],"wp:term":[{"taxonomy":"product_brand","embeddable":true,"href":"https:\/\/neoergoxeiro.gr\/es\/wp-json\/wp\/v2\/product_brand?post=42653"},{"taxonomy":"product_cat","embeddable":true,"href":"https:\/\/neoergoxeiro.gr\/es\/wp-json\/wp\/v2\/product_cat?post=42653"},{"taxonomy":"product_tag","embeddable":true,"href":"https:\/\/neoergoxeiro.gr\/es\/wp-json\/wp\/v2\/product_tag?post=42653"}],"curies":[{"name":"wp","href":"https:\/\/api.w.org\/{rel}","templated":true}]}}